{"id":512,"date":"2023-06-11T23:20:44","date_gmt":"2023-06-11T20:20:44","guid":{"rendered":"https:\/\/mazolacuputra.lv\/?post_type=product&#038;p=512"},"modified":"2026-01-15T12:58:19","modified_gmt":"2026-01-15T09:58:19","slug":"bio-4-graudu-putra-bez-piedevam-no-8-menesu-vecuma-200gr","status":"publish","type":"product","link":"https:\/\/mazolacuputra.lv\/lt\/veikals\/putras\/bio-4-graudu-putra-bez-piedevam-no-8-menesu-vecuma-200gr\/","title":{"rendered":"BIO 4 graudu putra bez piedev\u0101m, no 8 m\u0113ne\u0161u vecuma, 200gr."},"content":{"rendered":"","protected":false},"excerpt":{"rendered":"<p>BIO graudaugu produkts, pilnv\u0113rt\u012bgam b\u0113rna uzturam.<\/p>\n<p>Sast\u0101v\u0101 :Graudaugi*100% (<strong>pilngraudu auzas <\/strong>(Latvija), prosa, r\u012bsu milti,amarants).<\/p>\n<p>*biolo\u0123isk\u0101s lauksaimniec\u012bbas produkts<\/p>\n<p>Iesak\u0101m b\u0113rniem no 8 m\u0113ne\u0161u vecuma.<\/p>\n<p>Produkts lietojams bez v\u0101r\u012b\u0161anas, nepiecie\u0161ams , l\u012bdz 50 gr\u0101diem atdzes\u0113ts, piens vai \u016bdens, putras aplie\u0161anai, ta\u010du ar\u012b varat putru pagatavot , s\u0101kum\u0101 vien\u0101 gl\u0101z\u0113 auksta piena ieb\u0113rt 2-3 \u0113d.karotes produkta, izmais\u012bt to un uz pl\u012bts uzkars\u0113t to l\u012bdz pirmajam burbulim.<\/p>\n<p>Neto svars 200 gr.<\/p>\n<p>100 gr. produkta uzturv\u0113rt\u012bba: ener\u0123\u0113tisk\u0101 v\u0113rt\u012bba kj 1471, kcal 348, tauki 4.9, pies\u0101tin\u0101t\u0101s tauks\u0101bes 0.3, og\u013chidr\u0101ti 72.5, tostarp cukuri 10.2*, \u0161\u0137iedrvielas 9.2, olbaltumvielas 6.2 , s\u0101ls 0g;\u00a0 *tikai dab\u012bgs aug\u013cu\/d\u0101rze\u0146u cukurs<\/p>\n<p>&nbsp;<\/p>\n<p>Amarants ir ekolo\u0123isks produkts, kas satur daudz kalcija, dzelzs, magnija un v\u0113rt\u012bgo augu olbaltumvielu, k\u0101 ar\u012b aminosk\u0101bi liz\u012bnu,\u00a0turkl\u0101t tas ir vien\u012bgais graudaugs, kas satur C vitam\u012bnu.\u00a0Tas ir \u0161\u0137iedrviel\u0101m bag\u0101ts un nesatur glut\u0113nu.<\/p>\n<p>Der.term. vismaz 6 m\u0113n.<\/p>\n<p>Ra\u017eot\u0101js: Lat food LP SIA,<\/p>\n<p>Atmodas, Kuld\u012bgas novads, Sn\u0113peles pagasts, Latvija<\/p>","protected":false},"featured_media":4611,"comment_status":"open","ping_status":"closed","template":"","meta":[],"product_brand":[],"product_cat":[18],"product_tag":[],"class_list":{"0":"post-512","1":"product","2":"type-product","3":"status-publish","4":"has-post-thumbnail","6":"product_cat-putras","8":"first","9":"instock","10":"taxable","11":"shipping-taxable","12":"purchasable","13":"product-type-simple"},"_links":{"self":[{"href":"https:\/\/mazolacuputra.lv\/lt\/wp-json\/wp\/v2\/product\/512","targetHints":{"allow":["GET"]}}],"collection":[{"href":"https:\/\/mazolacuputra.lv\/lt\/wp-json\/wp\/v2\/product"}],"about":[{"href":"https:\/\/mazolacuputra.lv\/lt\/wp-json\/wp\/v2\/types\/product"}],"replies":[{"embeddable":true,"href":"https:\/\/mazolacuputra.lv\/lt\/wp-json\/wp\/v2\/comments?post=512"}],"wp:featuredmedia":[{"embeddable":true,"href":"https:\/\/mazolacuputra.lv\/lt\/wp-json\/wp\/v2\/media\/4611"}],"wp:attachment":[{"href":"https:\/\/mazolacuputra.lv\/lt\/wp-json\/wp\/v2\/media?parent=512"}],"wp:term":[{"taxonomy":"product_brand","embeddable":true,"href":"https:\/\/mazolacuputra.lv\/lt\/wp-json\/wp\/v2\/product_brand?post=512"},{"taxonomy":"product_cat","embeddable":true,"href":"https:\/\/mazolacuputra.lv\/lt\/wp-json\/wp\/v2\/product_cat?post=512"},{"taxonomy":"product_tag","embeddable":true,"href":"https:\/\/mazolacuputra.lv\/lt\/wp-json\/wp\/v2\/product_tag?post=512"}],"curies":[{"name":"wp","href":"https:\/\/api.w.org\/{rel}","templated":true}]}}