{"id":4722,"date":"2025-12-27T16:02:55","date_gmt":"2025-12-27T13:02:55","guid":{"rendered":"https:\/\/mazolacuputra.lv\/?post_type=product&#038;p=4722"},"modified":"2026-03-20T13:43:39","modified_gmt":"2026-03-20T10:43:39","slug":"sokolade-sirds-50-g","status":"publish","type":"product","link":"https:\/\/mazolacuputra.lv\/lt\/veikals\/sadarbibas-partneri\/sokolade-sirds-50-g\/","title":{"rendered":"\u0160OKOL\u0100DE SIRDS, 40 g"},"content":{"rendered":"","protected":false},"excerpt":{"rendered":"<p><b>Balt\u0101s \u0161okol\u0101des sirsni\u0146a<\/b><\/p>\n<p><span style=\"font-weight: 400;\">Sast\u0101v\u0101: Balt\u0101 \u0161okol\u0101de (Be\u013c\u0123ija)((cukurs, kakao sviests, pilnPIENA pulveris, emulgators: SOJAS lecit\u012bns (E322), dab\u012bgs vani\u013cas aromatiz\u0113t\u0101js., kakao saturs vismaz 30%), dz\u0113rve\u0146u suk\u0101des 15%(dz\u0113rvenes, cukurs), \u017e\u0101v\u0113tas aprikozes(aprikozes, konservants S\u0112RA DIOKS\u012aDS), MANDELES, apels\u012bnu suk\u0101des (apels\u012bnu miza, glikozes-fruktozes s\u012brups, cukurs, sk\u0101buma regul\u0113t\u0101js -citronsk\u0101be), sublim\u0113ta biete.Uzturv\u0113rt\u012bba:100 g produkts satur:\u00a0 ener\u0123\u0113tisk\u0101 v\u0113rt\u012bba 1843 kJ\/440 kcal, tauki: 21.42 g, tostarp pies\u0101tin\u0101t\u0101s tauksk\u0101bes: 13.10 g, og\u013chidr\u0101ti: 58.04 g, tostarp cukuri: 55.84 g, olbaltumvielas: 3.74 g, s\u0101ls: 0.01 g.. Uzglab\u0101t: +5 l\u012bdz+20, ne tie\u0161os saules staros.Ieteicams l\u012bdz:uz iepakojuma. NETO 40 g(+\/-3g)<\/span><\/p>\n<p><span style=\"font-weight: 400;\">Ra\u017eot\u0101js: Lat food LP SIA, Latvija<\/span><\/p>\n<p>Iepakojums-caursp\u012bd\u012bgs maisi\u0146\u0161<\/p>","protected":false},"featured_media":4714,"comment_status":"open","ping_status":"closed","template":"","meta":[],"product_brand":[],"product_cat":[27],"product_tag":[],"class_list":{"0":"post-4722","1":"product","2":"type-product","3":"status-publish","4":"has-post-thumbnail","6":"product_cat-sadarbibas-partneri","8":"first","9":"instock","10":"sale","11":"taxable","12":"shipping-taxable","13":"purchasable","14":"product-type-simple"},"_links":{"self":[{"href":"https:\/\/mazolacuputra.lv\/lt\/wp-json\/wp\/v2\/product\/4722","targetHints":{"allow":["GET"]}}],"collection":[{"href":"https:\/\/mazolacuputra.lv\/lt\/wp-json\/wp\/v2\/product"}],"about":[{"href":"https:\/\/mazolacuputra.lv\/lt\/wp-json\/wp\/v2\/types\/product"}],"replies":[{"embeddable":true,"href":"https:\/\/mazolacuputra.lv\/lt\/wp-json\/wp\/v2\/comments?post=4722"}],"wp:featuredmedia":[{"embeddable":true,"href":"https:\/\/mazolacuputra.lv\/lt\/wp-json\/wp\/v2\/media\/4714"}],"wp:attachment":[{"href":"https:\/\/mazolacuputra.lv\/lt\/wp-json\/wp\/v2\/media?parent=4722"}],"wp:term":[{"taxonomy":"product_brand","embeddable":true,"href":"https:\/\/mazolacuputra.lv\/lt\/wp-json\/wp\/v2\/product_brand?post=4722"},{"taxonomy":"product_cat","embeddable":true,"href":"https:\/\/mazolacuputra.lv\/lt\/wp-json\/wp\/v2\/product_cat?post=4722"},{"taxonomy":"product_tag","embeddable":true,"href":"https:\/\/mazolacuputra.lv\/lt\/wp-json\/wp\/v2\/product_tag?post=4722"}],"curies":[{"name":"wp","href":"https:\/\/api.w.org\/{rel}","templated":true}]}}