{"id":4720,"date":"2025-12-27T16:01:59","date_gmt":"2025-12-27T13:01:59","guid":{"rendered":"https:\/\/mazolacuputra.lv\/?post_type=product&#038;p=4720"},"modified":"2026-01-05T12:08:23","modified_gmt":"2026-01-05T09:08:23","slug":"baltas-sokolades-gardums","status":"publish","type":"product","link":"https:\/\/mazolacuputra.lv\/lt\/veikals\/sadarbibas-partneri\/baltas-sokolades-gardums\/","title":{"rendered":"BALT\u0100S \u0160OKOL\u0100DES GARDUMS"},"content":{"rendered":"","protected":false},"excerpt":{"rendered":"<p><b>Balt\u0101 \u0161okol\u0101de\u00a0<\/b><\/p>\n<p><span style=\"font-weight: 400;\">Sast\u0101vda\u013cas: Balt\u0101 \u0161okol\u0101de75% (Be\u013c\u0123ija)((cukurs, kakao sviests, pilnPIENA pulveris, emulgators: SOJAS lecit\u012bns (E322), dab\u012bgs vani\u013cas aromatiz\u0113t\u0101js., kakao saturs vismaz 30%),aprikozes<\/span><span style=\"font-weight: 400;\">(aprikozes, konservants s\u0113ra dioks\u012bds), dz\u0113rve\u0146u suk\u0101des (dz\u0113rvenes, cukurs), tum\u0161\u0101s \u0161okol\u0101des bumbi\u0146as<\/span><span style=\"font-weight: 400;\">(kakao masa, cukurs, r\u012bsu milti, kakao sviests, emulgators: E322 (saulespu\u0137u lecit\u012bns), s\u0101ls, glaz\u0113t\u0101jviela: E904 (\u0161ellaka), ciete, glikozes s\u012brups, aromatiz\u0113t\u0101js), kokosriekstu skaidi\u0146as.<\/span><span style=\"font-weight: 400;\"> Uzturv\u0113rt\u012bba:100 g produkts satur: Ener\u0123\u0113tisk\u0101 v\u0113rt\u012bba 2401 kJ \/ 575 kcal, tauki 37,1 g- tostarp pies\u0101tin\u0101t\u0101s tauksk\u0101bes 22,5 g, og\u013chidr\u0101ti 54,4 g- tostarp cukuri 54,4 g, olbaltumvielas 6,2 g,s\u0101ls 0,22 g. Uzglab\u0101t: +5 l\u012bdz+20, ne tie\u0161os saules staros.Ieteicams l\u012bdz:uz iepakojuma. NETO 70 g(+\/-3g). Ra\u017eot\u0101js: Lat food LP SIA, <\/span><\/p>","protected":false},"featured_media":4721,"comment_status":"open","ping_status":"closed","template":"","meta":[],"product_brand":[],"product_cat":[27],"product_tag":[],"class_list":{"0":"post-4720","1":"product","2":"type-product","3":"status-publish","4":"has-post-thumbnail","6":"product_cat-sadarbibas-partneri","8":"first","9":"instock","10":"sale","11":"taxable","12":"shipping-taxable","13":"purchasable","14":"product-type-simple"},"_links":{"self":[{"href":"https:\/\/mazolacuputra.lv\/lt\/wp-json\/wp\/v2\/product\/4720","targetHints":{"allow":["GET"]}}],"collection":[{"href":"https:\/\/mazolacuputra.lv\/lt\/wp-json\/wp\/v2\/product"}],"about":[{"href":"https:\/\/mazolacuputra.lv\/lt\/wp-json\/wp\/v2\/types\/product"}],"replies":[{"embeddable":true,"href":"https:\/\/mazolacuputra.lv\/lt\/wp-json\/wp\/v2\/comments?post=4720"}],"wp:featuredmedia":[{"embeddable":true,"href":"https:\/\/mazolacuputra.lv\/lt\/wp-json\/wp\/v2\/media\/4721"}],"wp:attachment":[{"href":"https:\/\/mazolacuputra.lv\/lt\/wp-json\/wp\/v2\/media?parent=4720"}],"wp:term":[{"taxonomy":"product_brand","embeddable":true,"href":"https:\/\/mazolacuputra.lv\/lt\/wp-json\/wp\/v2\/product_brand?post=4720"},{"taxonomy":"product_cat","embeddable":true,"href":"https:\/\/mazolacuputra.lv\/lt\/wp-json\/wp\/v2\/product_cat?post=4720"},{"taxonomy":"product_tag","embeddable":true,"href":"https:\/\/mazolacuputra.lv\/lt\/wp-json\/wp\/v2\/product_tag?post=4720"}],"curies":[{"name":"wp","href":"https:\/\/api.w.org\/{rel}","templated":true}]}}