{"id":4710,"date":"2025-12-27T15:56:13","date_gmt":"2025-12-27T12:56:13","guid":{"rendered":"https:\/\/mazolacuputra.lv\/?post_type=product&#038;p=4710"},"modified":"2026-03-01T12:04:56","modified_gmt":"2026-03-01T09:04:56","slug":"bitini-50g","status":"publish","type":"product","link":"https:\/\/mazolacuputra.lv\/lt\/veikals\/sadarbibas-partneru-produkti\/sadarbibas-partneru-piedavajumi\/bitini-50g\/","title":{"rendered":"BITI\u0145I, 50g"},"content":{"rendered":"","protected":false},"excerpt":{"rendered":"<p>Graudaugu uzkoda ar aven\u0113m, dz\u0113rven\u0113m un balto \u0161okol\u0101di.<\/p>\n<p><strong>Sast\u0101vs:<\/strong>\u00a0Be\u013c\u0123u balt\u0101 \u0161okol\u0101de 66% (cukurs, kakao sviests, pilnpiena pulveris, sojas lecit\u012bns, arom\u0101ts), graudaugu p\u0101rslas 22% (rudzu milti, pilngraudu auzas, glikozes s\u012brups, j\u016bras s\u0101ls), ogas 12% (dz\u0113rvenes, avenes, cukurs).<\/p>\n<p><strong>Uzturv\u0113rt\u012bba:\u00a0<\/strong>100g produkta satur:<\/p>\n<p>Ener\u0123\u0113tiskas v\u0113rt\u012bba \u2013 2077kJ (496kcal), Tauki \u2013 23,9g, tostarp: pies\u0101tin\u0101t\u0101s tauksk\u0101bes \u2013 14,3g, Og\u013chidr\u0101ti \u2013 62,2g, tostarp: cukuri 46,7g, Olbaltumvielas \u2013 6,3g, \u0160\u0137iedrvielas 3,6g, S\u0101ls \u2013 0,2g, Kalcijs (Ca) \u2013 170,28mg (21%NRV).<\/p>\n<p><strong>Ra\u017eot\u0101js : Ricberry SIA, Latvija<\/strong><\/p>\n<p><strong>Masa neto:<\/strong> 50g<\/p>","protected":false},"featured_media":4711,"comment_status":"open","ping_status":"closed","template":"","meta":[],"product_brand":[],"product_cat":[34,33],"product_tag":[],"class_list":{"0":"post-4710","1":"product","2":"type-product","3":"status-publish","4":"has-post-thumbnail","6":"product_cat-sadarbibas-partneru-piedavajumi","7":"product_cat-sadarbibas-partneru-produkti","9":"first","10":"instock","11":"sale","12":"taxable","13":"shipping-taxable","14":"purchasable","15":"product-type-simple"},"_links":{"self":[{"href":"https:\/\/mazolacuputra.lv\/lt\/wp-json\/wp\/v2\/product\/4710","targetHints":{"allow":["GET"]}}],"collection":[{"href":"https:\/\/mazolacuputra.lv\/lt\/wp-json\/wp\/v2\/product"}],"about":[{"href":"https:\/\/mazolacuputra.lv\/lt\/wp-json\/wp\/v2\/types\/product"}],"replies":[{"embeddable":true,"href":"https:\/\/mazolacuputra.lv\/lt\/wp-json\/wp\/v2\/comments?post=4710"}],"wp:featuredmedia":[{"embeddable":true,"href":"https:\/\/mazolacuputra.lv\/lt\/wp-json\/wp\/v2\/media\/4711"}],"wp:attachment":[{"href":"https:\/\/mazolacuputra.lv\/lt\/wp-json\/wp\/v2\/media?parent=4710"}],"wp:term":[{"taxonomy":"product_brand","embeddable":true,"href":"https:\/\/mazolacuputra.lv\/lt\/wp-json\/wp\/v2\/product_brand?post=4710"},{"taxonomy":"product_cat","embeddable":true,"href":"https:\/\/mazolacuputra.lv\/lt\/wp-json\/wp\/v2\/product_cat?post=4710"},{"taxonomy":"product_tag","embeddable":true,"href":"https:\/\/mazolacuputra.lv\/lt\/wp-json\/wp\/v2\/product_tag?post=4710"}],"curies":[{"name":"wp","href":"https:\/\/api.w.org\/{rel}","templated":true}]}}