{"id":4707,"date":"2025-12-27T15:52:44","date_gmt":"2025-12-27T12:52:44","guid":{"rendered":"https:\/\/mazolacuputra.lv\/?post_type=product&#038;p=4707"},"modified":"2026-01-05T12:10:35","modified_gmt":"2026-01-05T09:10:35","slug":"grauzdetas-mandeles","status":"publish","type":"product","link":"https:\/\/mazolacuputra.lv\/lt\/veikals\/sadarbibas-partneri\/grauzdetas-mandeles\/","title":{"rendered":"GRAUZD\u0112TAS MANDELES-ZIEMAS"},"content":{"rendered":"","protected":false},"excerpt":{"rendered":"<p><b>Grauzd\u0113tas mandeles<\/b><\/p>\n<p><span style=\"font-weight: 400;\">Sast\u0101vda\u013cas:MANDELES, cukurs, ,gar\u0161vielu mais\u012bjums (ceil.kan\u0113lis, kardamona s\u0113kl., koriandrs, ingvers,Indijas melnie pipari, smar\u017e.pipari, krustangl.,kadi\u0137ogas, an\u012bsa s\u0113kl.apels\u012bnu miz., k\u016bpin\u0101ts\u00a0 cukurs).Uzturv\u0113rt\u012bba uz 100 gr.produkta: 2480kj\/598kcal, tauki 47g, tostarp pies\u0101tin\u0101t\u0101s tauksk\u0101bes 2,6g, og\u013chidr\u0101ti 22g- tostarp cukuri 20g;, olbaltumvielas 17,3g, s\u0101ls 0,5g. NETTO 65 gr .Uzglab\u0101t saus\u0101 viet\u0101, istabas temperat\u016br\u0101. <\/span><\/p>","protected":false},"featured_media":4708,"comment_status":"open","ping_status":"closed","template":"","meta":[],"product_brand":[],"product_cat":[27],"product_tag":[],"class_list":{"0":"post-4707","1":"product","2":"type-product","3":"status-publish","4":"has-post-thumbnail","6":"product_cat-sadarbibas-partneri","8":"first","9":"instock","10":"sale","11":"taxable","12":"shipping-taxable","13":"purchasable","14":"product-type-simple"},"_links":{"self":[{"href":"https:\/\/mazolacuputra.lv\/lt\/wp-json\/wp\/v2\/product\/4707","targetHints":{"allow":["GET"]}}],"collection":[{"href":"https:\/\/mazolacuputra.lv\/lt\/wp-json\/wp\/v2\/product"}],"about":[{"href":"https:\/\/mazolacuputra.lv\/lt\/wp-json\/wp\/v2\/types\/product"}],"replies":[{"embeddable":true,"href":"https:\/\/mazolacuputra.lv\/lt\/wp-json\/wp\/v2\/comments?post=4707"}],"wp:featuredmedia":[{"embeddable":true,"href":"https:\/\/mazolacuputra.lv\/lt\/wp-json\/wp\/v2\/media\/4708"}],"wp:attachment":[{"href":"https:\/\/mazolacuputra.lv\/lt\/wp-json\/wp\/v2\/media?parent=4707"}],"wp:term":[{"taxonomy":"product_brand","embeddable":true,"href":"https:\/\/mazolacuputra.lv\/lt\/wp-json\/wp\/v2\/product_brand?post=4707"},{"taxonomy":"product_cat","embeddable":true,"href":"https:\/\/mazolacuputra.lv\/lt\/wp-json\/wp\/v2\/product_cat?post=4707"},{"taxonomy":"product_tag","embeddable":true,"href":"https:\/\/mazolacuputra.lv\/lt\/wp-json\/wp\/v2\/product_tag?post=4707"}],"curies":[{"name":"wp","href":"https:\/\/api.w.org\/{rel}","templated":true}]}}