{"id":4706,"date":"2025-12-27T15:50:23","date_gmt":"2025-12-27T12:50:23","guid":{"rendered":"https:\/\/mazolacuputra.lv\/?post_type=product&#038;p=4706"},"modified":"2026-03-29T14:29:41","modified_gmt":"2026-03-29T11:29:41","slug":"mandeles-ar-zeltu","status":"publish","type":"product","link":"https:\/\/mazolacuputra.lv\/lt\/veikals\/sadarbibas-partneri\/mandeles-ar-zeltu\/","title":{"rendered":"MANDELES"},"content":{"rendered":"","protected":false},"excerpt":{"rendered":"<p><b>Grauzd\u0113tas mandeles \u0161okol\u0101d\u0113 ar zelta p\u0101rkl\u0101jumu<\/b><\/p>\n<p><span style=\"font-weight: 400;\">Sast\u0101vda\u013cas:MANDELES, piena sokol\u0101de(cukurs, kakao sviests, kakao masa, pilnPIENA pulveris, dab\u012bgas vani\u013cas aromatiz\u0113t\u0101js. Kakao saturs vismaz 35%), p\u0101rtikas kr\u0101sviela(nes\u0113jviela E555, krasviela dzelzs oks\u012bdi(Uzturv\u0113rt\u012bba uz 100 gr.produkta: <\/span><span style=\"font-weight: 400;\">2339kJ\/559kcal, tauki 34,7g, pies\u0101tin\u0101tas tauksk\u0101bes 14,6g, og\u013chidr\u0101ti 50,9g, no kuriem cukuri 46,7g, olbaltumvielas 9,3g, s\u0101ls 0,25g<\/span><span style=\"font-weight: 400;\">. NETTO 60 gr .Uzglab\u0101t saus\u0101 viet\u0101, istabas temperat\u016br\u0101..<\/span><\/p>\n<p>Ra\u017eot\u0101js: Lat food LP SIA, Latvija<\/p>","protected":false},"featured_media":4694,"comment_status":"open","ping_status":"closed","template":"","meta":[],"product_brand":[],"product_cat":[27],"product_tag":[],"class_list":{"0":"post-4706","1":"product","2":"type-product","3":"status-publish","4":"has-post-thumbnail","6":"product_cat-sadarbibas-partneri","8":"first","9":"outofstock","10":"sale","11":"taxable","12":"shipping-taxable","13":"purchasable","14":"product-type-simple"},"_links":{"self":[{"href":"https:\/\/mazolacuputra.lv\/lt\/wp-json\/wp\/v2\/product\/4706","targetHints":{"allow":["GET"]}}],"collection":[{"href":"https:\/\/mazolacuputra.lv\/lt\/wp-json\/wp\/v2\/product"}],"about":[{"href":"https:\/\/mazolacuputra.lv\/lt\/wp-json\/wp\/v2\/types\/product"}],"replies":[{"embeddable":true,"href":"https:\/\/mazolacuputra.lv\/lt\/wp-json\/wp\/v2\/comments?post=4706"}],"wp:featuredmedia":[{"embeddable":true,"href":"https:\/\/mazolacuputra.lv\/lt\/wp-json\/wp\/v2\/media\/4694"}],"wp:attachment":[{"href":"https:\/\/mazolacuputra.lv\/lt\/wp-json\/wp\/v2\/media?parent=4706"}],"wp:term":[{"taxonomy":"product_brand","embeddable":true,"href":"https:\/\/mazolacuputra.lv\/lt\/wp-json\/wp\/v2\/product_brand?post=4706"},{"taxonomy":"product_cat","embeddable":true,"href":"https:\/\/mazolacuputra.lv\/lt\/wp-json\/wp\/v2\/product_cat?post=4706"},{"taxonomy":"product_tag","embeddable":true,"href":"https:\/\/mazolacuputra.lv\/lt\/wp-json\/wp\/v2\/product_tag?post=4706"}],"curies":[{"name":"wp","href":"https:\/\/api.w.org\/{rel}","templated":true}]}}