{"id":4655,"date":"2025-12-17T12:04:01","date_gmt":"2025-12-17T09:04:01","guid":{"rendered":"https:\/\/mazolacuputra.lv\/?post_type=product&#038;p=4655"},"modified":"2026-03-29T14:29:41","modified_gmt":"2026-03-29T11:29:41","slug":"piena-sokolade-ar-avenem","status":"publish","type":"product","link":"https:\/\/mazolacuputra.lv\/lt\/veikals\/sadarbibas-partneri\/piena-sokolade-ar-avenem\/","title":{"rendered":"PIENA \u0160OKOL\u0100DE AR AVEN\u0112M"},"content":{"rendered":"","protected":false},"excerpt":{"rendered":"<p>Sast\u0101vda\u013cas: piena \u0161okol\u0101de98,7%(Be\u013c\u0123ija)(cukurs, kakao sviests, kakao masa, pilnPIENA pulveris, dab\u012bgas vani\u013cas aromatiz\u0113t\u0101js. Kakao saturs vismaz 35%), sublim\u0113tas avenes1%, balt\u0101s \u0161okol\u0101des p\u0113rl\u012btes op\u0101ls(cukurs, r\u012bsu milti, kakao sviests, pilnPIENA pulveris, LAKTOZE, v\u0101jPIENA pulveris, emulgators: E322 (SOJAS lecit\u012bns), s\u0101ls, glaz\u0113t\u0101jviela: E904 (\u0161ellaka), ciete, glikozes s\u012brups).Ener\u0123\u0113tisk\u0101 v\u0113rt\u012bba 2333 kJ\/ 559 kcal,tauki 35 g- tostarp pies\u0101tin\u0101t\u0101s tauksk\u0101bes 21,4g,og\u013chidr\u0101ti 53,1 g- tostarp cukuri 52,2 g,\u0161\u0137iedrvielas 1,9 g,olbaltumvielas 6,9 g,s\u0101ls 0 g. Uzglab\u0101t: +5 l\u012bdz+20,ne tie\u0161os saules staros. Ieteicams l\u012bdz:uz iepakojuma. NETO 70(+\/-5 g).<\/p>\n<p>Ra\u017eot\u0101js:Lat food LP SIA.<\/p>","protected":false},"featured_media":4656,"comment_status":"open","ping_status":"closed","template":"","meta":[],"product_brand":[],"product_cat":[27],"product_tag":[],"class_list":{"0":"post-4655","1":"product","2":"type-product","3":"status-publish","4":"has-post-thumbnail","6":"product_cat-sadarbibas-partneri","8":"first","9":"instock","10":"sale","11":"taxable","12":"shipping-taxable","13":"purchasable","14":"product-type-simple"},"_links":{"self":[{"href":"https:\/\/mazolacuputra.lv\/lt\/wp-json\/wp\/v2\/product\/4655","targetHints":{"allow":["GET"]}}],"collection":[{"href":"https:\/\/mazolacuputra.lv\/lt\/wp-json\/wp\/v2\/product"}],"about":[{"href":"https:\/\/mazolacuputra.lv\/lt\/wp-json\/wp\/v2\/types\/product"}],"replies":[{"embeddable":true,"href":"https:\/\/mazolacuputra.lv\/lt\/wp-json\/wp\/v2\/comments?post=4655"}],"wp:featuredmedia":[{"embeddable":true,"href":"https:\/\/mazolacuputra.lv\/lt\/wp-json\/wp\/v2\/media\/4656"}],"wp:attachment":[{"href":"https:\/\/mazolacuputra.lv\/lt\/wp-json\/wp\/v2\/media?parent=4655"}],"wp:term":[{"taxonomy":"product_brand","embeddable":true,"href":"https:\/\/mazolacuputra.lv\/lt\/wp-json\/wp\/v2\/product_brand?post=4655"},{"taxonomy":"product_cat","embeddable":true,"href":"https:\/\/mazolacuputra.lv\/lt\/wp-json\/wp\/v2\/product_cat?post=4655"},{"taxonomy":"product_tag","embeddable":true,"href":"https:\/\/mazolacuputra.lv\/lt\/wp-json\/wp\/v2\/product_tag?post=4655"}],"curies":[{"name":"wp","href":"https:\/\/api.w.org\/{rel}","templated":true}]}}