{"id":4649,"date":"2025-12-15T10:21:00","date_gmt":"2025-12-15T07:21:00","guid":{"rendered":"https:\/\/mazolacuputra.lv\/?post_type=product&#038;p=4649"},"modified":"2025-12-27T14:08:26","modified_gmt":"2025-12-27T11:08:26","slug":"sildosa-marmelade-50gr","status":"publish","type":"product","link":"https:\/\/mazolacuputra.lv\/lt\/veikals\/sadarbibas-partneri\/sildosa-marmelade-50gr\/","title":{"rendered":"SILDO\u0160\u0100 MARMEL\u0100DE, 50GR"},"content":{"rendered":"","protected":false},"excerpt":{"rendered":"<p><b>Sildo\u0161\u0101 marmel\u0101de ar ingveru<\/b><\/p>\n<p><span style=\"font-weight: 400;\">Sast\u0101vda\u013cas:\u00a0 Apels\u012bnu marmel\u0101de ar ingveru (,cukurs, glikozes s\u012brups, apels\u012bnu sula,\u00a0 pekt\u012bns (recin\u0101t\u0101js), citronsk\u0101be (sk\u0101buma regul\u0113t\u0101js), ingvera pulveris) .100g produkta satur: Ener\u0123\u0113tisk\u0101 v\u0113rt\u012bba 1445kJ\/340kcal, tauki 0,8g tostarp pies\u0101tin\u0101t\u0101s tauksk\u0101bes 0,1g, og\u013chidr\u0101ti 81,0g tostarp cukuri 73,0g, olbaltumvielas 0,2g, \u0161\u0137iedrvielas 2,2g, s\u0101ls 0,1g. Neto: 50g (+\/-2 g). <\/span><\/p>\n<p>&nbsp;<\/p>\n<p>&nbsp;<\/p>\n<p>Ra\u017eots Latvij\u0101 p\u0113c SIA Lat food LP pas\u016bt\u012bjuma.<\/p>\n<p>&nbsp;<\/p>","protected":false},"featured_media":4650,"comment_status":"open","ping_status":"closed","template":"","meta":[],"product_brand":[],"product_cat":[27],"product_tag":[],"class_list":{"0":"post-4649","1":"product","2":"type-product","3":"status-publish","4":"has-post-thumbnail","6":"product_cat-sadarbibas-partneri","8":"first","9":"instock","10":"sale","11":"taxable","12":"shipping-taxable","13":"purchasable","14":"product-type-simple"},"_links":{"self":[{"href":"https:\/\/mazolacuputra.lv\/lt\/wp-json\/wp\/v2\/product\/4649","targetHints":{"allow":["GET"]}}],"collection":[{"href":"https:\/\/mazolacuputra.lv\/lt\/wp-json\/wp\/v2\/product"}],"about":[{"href":"https:\/\/mazolacuputra.lv\/lt\/wp-json\/wp\/v2\/types\/product"}],"replies":[{"embeddable":true,"href":"https:\/\/mazolacuputra.lv\/lt\/wp-json\/wp\/v2\/comments?post=4649"}],"wp:featuredmedia":[{"embeddable":true,"href":"https:\/\/mazolacuputra.lv\/lt\/wp-json\/wp\/v2\/media\/4650"}],"wp:attachment":[{"href":"https:\/\/mazolacuputra.lv\/lt\/wp-json\/wp\/v2\/media?parent=4649"}],"wp:term":[{"taxonomy":"product_brand","embeddable":true,"href":"https:\/\/mazolacuputra.lv\/lt\/wp-json\/wp\/v2\/product_brand?post=4649"},{"taxonomy":"product_cat","embeddable":true,"href":"https:\/\/mazolacuputra.lv\/lt\/wp-json\/wp\/v2\/product_cat?post=4649"},{"taxonomy":"product_tag","embeddable":true,"href":"https:\/\/mazolacuputra.lv\/lt\/wp-json\/wp\/v2\/product_tag?post=4649"}],"curies":[{"name":"wp","href":"https:\/\/api.w.org\/{rel}","templated":true}]}}