{"id":4553,"date":"2025-11-13T20:27:29","date_gmt":"2025-11-13T17:27:29","guid":{"rendered":"https:\/\/mazolacuputra.lv\/?post_type=product&#038;p=4553"},"modified":"2026-01-05T12:13:46","modified_gmt":"2026-01-05T09:13:46","slug":"baltas-sokolades-medaljoniroza","status":"publish","type":"product","link":"https:\/\/mazolacuputra.lv\/lt\/veikals\/sadarbibas-partneri\/baltas-sokolades-medaljoniroza\/","title":{"rendered":"BALT\u0100S \u0160OKOL\u0100DES MEDALJONI(ROZ\u0100)"},"content":{"rendered":"","protected":false},"excerpt":{"rendered":"<p><b>Balt\u0101s \u0161okol\u0101des medaljoni<\/b><\/p>\n<p><span style=\"font-weight: 400;\">Sast\u0101v\u0101: Balt\u0101 \u0161okol\u0101de 85%(Be\u013c\u0123ija)((cukurs, kakao sviests, pilnPIENA pulveris, emulgators: SOJAS lecit\u012bns (E322), dab\u012bgs vani\u013cas aromatiz\u0113t\u0101js., kakao saturs vismaz 30%), sublim\u0113tas upenes, kokosriekstu skaidi\u0146as,\u00a0 dabiska kr\u0101sviela-biete. Uzturv\u0113rt\u012bba:100 g produkts satur:\u00a0 Ener\u0123\u0113tisk\u0101 v\u0113rt\u012bba 2401 kJ \/ 575 kcal, tauki 37,1 g- tostarp pies\u0101tin\u0101t\u0101s tauksk\u0101bes 22,5 g, og\u013chidr\u0101ti 54,4 g- tostarp cukuri 54,4 g, olbaltumvielas 6,2 g, s\u0101ls 0,22 g. <\/span><\/p>\n<p><span style=\"font-weight: 400;\">Uzglab\u0101t: +5 l\u012bdz+20, ne tie\u0161os saules staros.Ieteicams l\u012bdz:uz iepakojuma. <\/span><\/p>\n<p><span style=\"font-weight: 400;\">NETO 35 g(+\/-3g)<\/span><\/p>\n<p>Ra\u017eot\u0101js: Lat food LP SIA<\/p>","protected":false},"featured_media":4554,"comment_status":"open","ping_status":"closed","template":"","meta":[],"product_brand":[],"product_cat":[27],"product_tag":[],"class_list":{"0":"post-4553","1":"product","2":"type-product","3":"status-publish","4":"has-post-thumbnail","6":"product_cat-sadarbibas-partneri","8":"first","9":"instock","10":"sale","11":"taxable","12":"shipping-taxable","13":"purchasable","14":"product-type-simple"},"_links":{"self":[{"href":"https:\/\/mazolacuputra.lv\/lt\/wp-json\/wp\/v2\/product\/4553","targetHints":{"allow":["GET"]}}],"collection":[{"href":"https:\/\/mazolacuputra.lv\/lt\/wp-json\/wp\/v2\/product"}],"about":[{"href":"https:\/\/mazolacuputra.lv\/lt\/wp-json\/wp\/v2\/types\/product"}],"replies":[{"embeddable":true,"href":"https:\/\/mazolacuputra.lv\/lt\/wp-json\/wp\/v2\/comments?post=4553"}],"wp:featuredmedia":[{"embeddable":true,"href":"https:\/\/mazolacuputra.lv\/lt\/wp-json\/wp\/v2\/media\/4554"}],"wp:attachment":[{"href":"https:\/\/mazolacuputra.lv\/lt\/wp-json\/wp\/v2\/media?parent=4553"}],"wp:term":[{"taxonomy":"product_brand","embeddable":true,"href":"https:\/\/mazolacuputra.lv\/lt\/wp-json\/wp\/v2\/product_brand?post=4553"},{"taxonomy":"product_cat","embeddable":true,"href":"https:\/\/mazolacuputra.lv\/lt\/wp-json\/wp\/v2\/product_cat?post=4553"},{"taxonomy":"product_tag","embeddable":true,"href":"https:\/\/mazolacuputra.lv\/lt\/wp-json\/wp\/v2\/product_tag?post=4553"}],"curies":[{"name":"wp","href":"https:\/\/api.w.org\/{rel}","templated":true}]}}