{"id":4547,"date":"2025-11-12T23:04:14","date_gmt":"2025-11-12T20:04:14","guid":{"rendered":"https:\/\/mazolacuputra.lv\/?post_type=product&#038;p=4547"},"modified":"2026-03-21T21:53:19","modified_gmt":"2026-03-21T18:53:19","slug":"piena-sokolades-eglite","status":"publish","type":"product","link":"https:\/\/mazolacuputra.lv\/lt\/veikals\/sadarbibas-partneri\/piena-sokolades-eglite\/","title":{"rendered":"PIENA \u0160OKOL\u0100DES EGL\u012aTE"},"content":{"rendered":"","protected":false},"excerpt":{"rendered":"<p>SAST\u0100V\u0100: <span style=\"font-weight: 400;\">piena \u0161okol\u0101de (cukurs, kakao sviests, PILNPIENA pulveris, kakao masa, emulgators: SOJAS lecit\u012bns (E322),\u00a0 dab\u012bgs vani\u013cas aromatiz\u0113t\u0101js , kakao saturs vismaz 34%), \u017e\u0101v\u0113tas aprikozes(aprikozes, konservants s\u0113ra dioks\u012bds),\u00a0 cidoniju suk\u0101des (cidonijas, cukurs), lazdu RIEKSTI, sublim\u0113ti \u0101boli, sublim\u0113tas upenes, balt\u0101s \u0161okol\u0101des p\u0113rl\u012btes op\u0101ls(cukurs, r\u012bsu milti, kakao sviests, pilnPIENA pulveris, LAKTOZE, v\u0101jPIENA pulveris, emulgators: E322 (SOJAS lecit\u012bns), s\u0101ls, glaz\u0113t\u0101jviela: E904 (\u0161ellaka), ciete, glikozes s\u012brups), apels\u012bnu suk\u0101des(apels\u012bns, cukurs).Uzturv\u0113rt\u012bba:100 gr.produkts satur: Ener\u0123\u0113tisk\u0101 v\u0113rt\u012bba 2400,8 kJ\/579 kcal Tauki 40 g &#8211; tostarp pies\u0101tin\u0101t\u0101s tauksk\u0101bes 24 g Og\u013chidr\u0101ti 45 g &#8211; tostarp cukuri 44 g Olbaltumvielas 7 g \u0160\u0137iedrvielas 3g S\u0101ls 0,18 g. <\/span><\/p>\n<p>Netto: 50 gr.(+\/- 3 g)<\/p>\n<p>Iepakots: caurp\u012bd\u012bgs maisi\u0146\u0161 ar lentu.<\/p>\n<p>Ra\u017eot\u0101js: Lat food LP SIA<\/p>","protected":false},"featured_media":4548,"comment_status":"open","ping_status":"closed","template":"","meta":[],"product_brand":[],"product_cat":[27],"product_tag":[],"class_list":{"0":"post-4547","1":"product","2":"type-product","3":"status-publish","4":"has-post-thumbnail","6":"product_cat-sadarbibas-partneri","8":"first","9":"instock","10":"sale","11":"taxable","12":"shipping-taxable","13":"purchasable","14":"product-type-simple"},"_links":{"self":[{"href":"https:\/\/mazolacuputra.lv\/lt\/wp-json\/wp\/v2\/product\/4547","targetHints":{"allow":["GET"]}}],"collection":[{"href":"https:\/\/mazolacuputra.lv\/lt\/wp-json\/wp\/v2\/product"}],"about":[{"href":"https:\/\/mazolacuputra.lv\/lt\/wp-json\/wp\/v2\/types\/product"}],"replies":[{"embeddable":true,"href":"https:\/\/mazolacuputra.lv\/lt\/wp-json\/wp\/v2\/comments?post=4547"}],"wp:featuredmedia":[{"embeddable":true,"href":"https:\/\/mazolacuputra.lv\/lt\/wp-json\/wp\/v2\/media\/4548"}],"wp:attachment":[{"href":"https:\/\/mazolacuputra.lv\/lt\/wp-json\/wp\/v2\/media?parent=4547"}],"wp:term":[{"taxonomy":"product_brand","embeddable":true,"href":"https:\/\/mazolacuputra.lv\/lt\/wp-json\/wp\/v2\/product_brand?post=4547"},{"taxonomy":"product_cat","embeddable":true,"href":"https:\/\/mazolacuputra.lv\/lt\/wp-json\/wp\/v2\/product_cat?post=4547"},{"taxonomy":"product_tag","embeddable":true,"href":"https:\/\/mazolacuputra.lv\/lt\/wp-json\/wp\/v2\/product_tag?post=4547"}],"curies":[{"name":"wp","href":"https:\/\/api.w.org\/{rel}","templated":true}]}}