{"id":4240,"date":"2025-04-09T19:33:32","date_gmt":"2025-04-09T16:33:32","guid":{"rendered":"https:\/\/mazolacuputra.lv\/?post_type=product&#038;p=4240"},"modified":"2026-01-22T13:52:28","modified_gmt":"2026-01-22T10:52:28","slug":"piena-sokolades-gadums-ar-cidonijam","status":"publish","type":"product","link":"https:\/\/mazolacuputra.lv\/lt\/veikals\/sadarbibas-partneri\/piena-sokolades-gadums-ar-cidonijam\/","title":{"rendered":"PIENA \u0160OKOL\u0100DES GARDUMS AR CIDONIJ\u0100M"},"content":{"rendered":"","protected":false},"excerpt":{"rendered":"<p>M\u016bsu m\u012b\u013cajai pils\u0113tai par godu, tapu\u0161i gardumi ar Kuld\u012bgas skaist\u0101kajiem apskates objektiem.<\/p>\n<p class=\"cvGsUA direction-ltr align-justify para-style-body\"><span class=\"OYPEnA font-feature-liga-off font-feature-clig-off font-feature-calt-off text-decoration-none text-strikethrough-none\">Piena \u0161okol\u0101des gardums. Neto 30 g<\/span><\/p>\n<p class=\"cvGsUA direction-ltr align-justify para-style-body\"><span class=\"OYPEnA font-feature-liga-off font-feature-clig-off font-feature-calt-off text-decoration-none text-strikethrough-none\">Sast\u0101v\u0101: Piena \u0161okol\u0101de 60%(Be\u013c\u0123ija)(cukurs, kakao sviests, PILNPIENA pulveris, kakao masa, emulgators: SOJAS lecit\u012bns (E322), dab\u012bgs vani\u013cas aromatiz\u0113t\u0101js , kakao saturs vismaz 34%), uzp\u016bsti r\u012bsi, cidoniju suk\u0101des (cidonijas, cukurs), \u017e\u0101v\u0113tas aprikozes (aprikozes, konservants s\u0113ra dioks\u012bds), lazdu rieksti.<\/span><\/p>\n<p class=\"cvGsUA direction-ltr align-justify para-style-body\"><span class=\"OYPEnA font-feature-liga-off font-feature-clig-off font-feature-calt-off text-decoration-none text-strikethrough-none\">Uzturv\u0113rt\u012bba 100 g. produkta: : ener\u0123\u0113tisk\u0101 v\u0113rt\u012bba 2080kj\/ 510 kcal, tauki 29, tostarp pies\u0101tin\u0101t\u0101s tauksk\u0101bes 13, og\u013chidr\u0101ti 47,<\/span> <span class=\"OYPEnA font-feature-liga-off font-feature-clig-off font-feature-calt-off text-decoration-none text-strikethrough-none\">tostarp cukuri 36, olbaltumvielas 4,5, s\u0101ls 0. <\/span>Uzglab\u0101t: +5 l\u012bdz+20<\/p>\n<p class=\"cvGsUA direction-ltr align-justify para-style-body\"><span class=\"OYPEnA font-feature-liga-off font-feature-clig-off font-feature-calt-off text-decoration-none text-strikethrough-none\">Ra\u017eot\u0101js: Lat food LP SIA, Mucenieku iela 35b-10, Kuld\u012bga, Latvija\u00a0<\/span><\/p>","protected":false},"featured_media":4241,"comment_status":"open","ping_status":"closed","template":"","meta":[],"product_brand":[],"product_cat":[27],"product_tag":[],"class_list":{"0":"post-4240","1":"product","2":"type-product","3":"status-publish","4":"has-post-thumbnail","6":"product_cat-sadarbibas-partneri","8":"first","9":"instock","10":"sale","11":"taxable","12":"shipping-taxable","13":"purchasable","14":"product-type-simple"},"_links":{"self":[{"href":"https:\/\/mazolacuputra.lv\/lt\/wp-json\/wp\/v2\/product\/4240","targetHints":{"allow":["GET"]}}],"collection":[{"href":"https:\/\/mazolacuputra.lv\/lt\/wp-json\/wp\/v2\/product"}],"about":[{"href":"https:\/\/mazolacuputra.lv\/lt\/wp-json\/wp\/v2\/types\/product"}],"replies":[{"embeddable":true,"href":"https:\/\/mazolacuputra.lv\/lt\/wp-json\/wp\/v2\/comments?post=4240"}],"wp:featuredmedia":[{"embeddable":true,"href":"https:\/\/mazolacuputra.lv\/lt\/wp-json\/wp\/v2\/media\/4241"}],"wp:attachment":[{"href":"https:\/\/mazolacuputra.lv\/lt\/wp-json\/wp\/v2\/media?parent=4240"}],"wp:term":[{"taxonomy":"product_brand","embeddable":true,"href":"https:\/\/mazolacuputra.lv\/lt\/wp-json\/wp\/v2\/product_brand?post=4240"},{"taxonomy":"product_cat","embeddable":true,"href":"https:\/\/mazolacuputra.lv\/lt\/wp-json\/wp\/v2\/product_cat?post=4240"},{"taxonomy":"product_tag","embeddable":true,"href":"https:\/\/mazolacuputra.lv\/lt\/wp-json\/wp\/v2\/product_tag?post=4240"}],"curies":[{"name":"wp","href":"https:\/\/api.w.org\/{rel}","templated":true}]}}