{"id":3927,"date":"2024-11-30T19:15:21","date_gmt":"2024-11-30T16:15:21","guid":{"rendered":"https:\/\/mazolacuputra.lv\/?post_type=product&#038;p=3927"},"modified":"2026-01-05T23:31:11","modified_gmt":"2026-01-05T20:31:11","slug":"s","status":"publish","type":"product","link":"https:\/\/mazolacuputra.lv\/lt\/veikals\/sadarbibas-partneri\/s\/","title":{"rendered":"\u0160OKOL\u0100DE UZ KAROT\u012aTES-KARAME\u013bU"},"content":{"rendered":"<p><!--more--><\/p>","protected":false},"excerpt":{"rendered":"<p><span style=\"font-weight: 400;\">Karst\u0101s \u0161okol\u0101de- KARAME\u013bU<\/span><\/p>\n<p><span style=\"font-weight: 400;\">SAST\u0100V\u0100: Piena \u0161okol\u0101de ar karameli (<\/span><span style=\"font-weight: 400;\">cukurs, kakao sviests, PILNPIENA pulveris, V\u0100JPIENA pulveris, kakao masa, karame\u013cu pulveris (5%)V\u0100JjPIENA pulveris, S\u016aKALU pulveris, cukurs, SVIESTS), S\u016aKALU pulveris, LAKTOZE, emulgators: SOJAS lecit\u012bns (E322), karame\u013cu, dab\u012bgs vani\u013cas aromatiz\u0113t\u0101js Kakao saturs vismaz 35%), piena \u0161okol\u0101de (cukurs, kakao sviests, PILNPIENA pulveris, kakao masa, emulgators: SOJAS lecit\u012bns (E322),\u00a0 dab\u012bgs vani\u013cas aromatiz\u0113t\u0101js , kakao saturs vismaz 34%).<\/span><\/p>\n<p><span style=\"font-weight: 400;\">Vienas tases pagatavo\u0161ai (220 ml),iz\u0161\u0137\u012bdin\u0101t karst\u0101 pien\u0101.\u00a0<\/span><\/p>\n<p><span style=\"font-weight: 400;\">Uzglab\u0101t istabas temperat\u016br\u0101.<\/span><\/p>\n<p><span style=\"font-weight: 400;\">\u00a0100 gr.produkts satur:<\/span><span style=\"font-weight: 400;\">Ener\u0123\u0113tisk\u0101 v\u0113rt\u012bba 2348kJ\/ 563kcal,tauki 35,4g- tostarp pies\u0101tin\u0101t\u0101s tauksk. 21,6g;og\u013chidr\u0101ti 54g<\/span><\/p>\n<p><span style=\"font-weight: 400;\">&#8211; tostarp cukuri 53,5g; \u0161\u0137iedrvielas 1,0g, <\/span><span style=\"font-weight: 400;\">olbaltumvielas 6,4gS\u0101ls 0,3.<\/span><span style=\"font-weight: 400;\"> NETTO 25 gr .<\/span><\/p>","protected":false},"featured_media":3928,"comment_status":"open","ping_status":"closed","template":"","meta":[],"product_brand":[],"product_cat":[27],"product_tag":[],"class_list":{"0":"post-3927","1":"product","2":"type-product","3":"status-publish","4":"has-post-thumbnail","6":"product_cat-sadarbibas-partneri","8":"first","9":"instock","10":"sale","11":"taxable","12":"shipping-taxable","13":"purchasable","14":"product-type-simple"},"_links":{"self":[{"href":"https:\/\/mazolacuputra.lv\/lt\/wp-json\/wp\/v2\/product\/3927","targetHints":{"allow":["GET"]}}],"collection":[{"href":"https:\/\/mazolacuputra.lv\/lt\/wp-json\/wp\/v2\/product"}],"about":[{"href":"https:\/\/mazolacuputra.lv\/lt\/wp-json\/wp\/v2\/types\/product"}],"replies":[{"embeddable":true,"href":"https:\/\/mazolacuputra.lv\/lt\/wp-json\/wp\/v2\/comments?post=3927"}],"wp:featuredmedia":[{"embeddable":true,"href":"https:\/\/mazolacuputra.lv\/lt\/wp-json\/wp\/v2\/media\/3928"}],"wp:attachment":[{"href":"https:\/\/mazolacuputra.lv\/lt\/wp-json\/wp\/v2\/media?parent=3927"}],"wp:term":[{"taxonomy":"product_brand","embeddable":true,"href":"https:\/\/mazolacuputra.lv\/lt\/wp-json\/wp\/v2\/product_brand?post=3927"},{"taxonomy":"product_cat","embeddable":true,"href":"https:\/\/mazolacuputra.lv\/lt\/wp-json\/wp\/v2\/product_cat?post=3927"},{"taxonomy":"product_tag","embeddable":true,"href":"https:\/\/mazolacuputra.lv\/lt\/wp-json\/wp\/v2\/product_tag?post=3927"}],"curies":[{"name":"wp","href":"https:\/\/api.w.org\/{rel}","templated":true}]}}