{"id":3908,"date":"2024-11-30T18:44:06","date_gmt":"2024-11-30T15:44:06","guid":{"rendered":"https:\/\/mazolacuputra.lv\/?post_type=product&#038;p=3908"},"modified":"2026-03-20T13:58:20","modified_gmt":"2026-03-20T10:58:20","slug":"dzeriens-sildosais-rabarberu","status":"publish","type":"product","link":"https:\/\/mazolacuputra.lv\/lt\/veikals\/sadarbibas-partneri\/dzeriens-sildosais-rabarberu\/","title":{"rendered":"SILDO\u0160AIS RABARBERS"},"content":{"rendered":"","protected":false},"excerpt":{"rendered":"<p>Lieliska d\u0101vana sv\u0113tkos vai pa\u0161u pat\u0113ri\u0146am- karstais dz\u0113riens uz iesmi\u0146a! Vai esi ko t\u0101du redz\u0113jis?! \ud83d\ude42<\/p>\n<p>Sildo\u0161s ingveru- rabarberu dz\u0113riens ar \u0101boliem, ko papildina lieliskas ziemas gar\u0161as.<\/p>\n<p><span style=\"font-weight: 400;\">SAST\u0100V\u0100: izomalts-saldin\u0101t\u0101js(Polija),\u00a0 rabarberu s\u012brups(raba<\/span><span style=\"font-weight: 400;\">rberi, cukurs) \u0101bolu \u0161\u0137iedrviela, kalt\u0113ts rabarbers 6,4%,\u00a0 gar\u0161vielu mais\u012bjums (kan\u0113lis, kardamona s\u0113klas, koriandrs, ingvers,Indijas melnie pipari, smar\u017e\u012bgiepipari, krustangli\u0146as,kadi\u0137ogas, an\u012bsa s\u0113klas, apels\u012bnu mizi\u0146a, k\u016bpin\u0101ts\u00a0 cukurs),ingvers, ,apels\u012bna gabals. Vienas tases pagatavo\u0161ai (220 ml),iz\u0161\u0137\u012bdin\u0101t karst\u0101 \u016bden\u012b. Uzglab\u0101t istabas temperat\u016br\u0101. 100 gr.produkts satur: ener\u0123\u0113tisk\u0101 v\u0113rt.1089kj\/259kcal, tauki 0,3g, tostarp pies\u0101tin\u0101t\u0101s tauksk\u0101bes 0g, og\u013chidr.22,4g, tostarp cukuri 12,6g, olgaltumvielas 1,6g, s\u0101ls 0. P\u0101rm\u0113r\u012bga lieto\u0161ana var izrais\u012bt caureju!\u00a0 NETTO 15 gr<\/span><\/p>\n<p>&nbsp;<\/p>\n<p>Ra\u017eot\u0101js: Lat food LP SIA, Latvija<\/p>","protected":false},"featured_media":3909,"comment_status":"open","ping_status":"closed","template":"","meta":[],"product_brand":[],"product_cat":[27],"product_tag":[],"class_list":{"0":"post-3908","1":"product","2":"type-product","3":"status-publish","4":"has-post-thumbnail","6":"product_cat-sadarbibas-partneri","8":"first","9":"instock","10":"sale","11":"taxable","12":"shipping-taxable","13":"purchasable","14":"product-type-simple"},"_links":{"self":[{"href":"https:\/\/mazolacuputra.lv\/lt\/wp-json\/wp\/v2\/product\/3908","targetHints":{"allow":["GET"]}}],"collection":[{"href":"https:\/\/mazolacuputra.lv\/lt\/wp-json\/wp\/v2\/product"}],"about":[{"href":"https:\/\/mazolacuputra.lv\/lt\/wp-json\/wp\/v2\/types\/product"}],"replies":[{"embeddable":true,"href":"https:\/\/mazolacuputra.lv\/lt\/wp-json\/wp\/v2\/comments?post=3908"}],"wp:featuredmedia":[{"embeddable":true,"href":"https:\/\/mazolacuputra.lv\/lt\/wp-json\/wp\/v2\/media\/3909"}],"wp:attachment":[{"href":"https:\/\/mazolacuputra.lv\/lt\/wp-json\/wp\/v2\/media?parent=3908"}],"wp:term":[{"taxonomy":"product_brand","embeddable":true,"href":"https:\/\/mazolacuputra.lv\/lt\/wp-json\/wp\/v2\/product_brand?post=3908"},{"taxonomy":"product_cat","embeddable":true,"href":"https:\/\/mazolacuputra.lv\/lt\/wp-json\/wp\/v2\/product_cat?post=3908"},{"taxonomy":"product_tag","embeddable":true,"href":"https:\/\/mazolacuputra.lv\/lt\/wp-json\/wp\/v2\/product_tag?post=3908"}],"curies":[{"name":"wp","href":"https:\/\/api.w.org\/{rel}","templated":true}]}}