{"id":3899,"date":"2024-11-25T21:54:42","date_gmt":"2024-11-25T18:54:42","guid":{"rendered":"https:\/\/mazolacuputra.lv\/?post_type=product&#038;p=3899"},"modified":"2025-12-28T12:42:12","modified_gmt":"2025-12-28T09:42:12","slug":"ziemas-teja","status":"publish","type":"product","link":"https:\/\/mazolacuputra.lv\/lt\/veikals\/sadarbibas-partneri\/ziemas-teja\/","title":{"rendered":"ZIEMAS T\u0112JA"},"content":{"rendered":"","protected":false},"excerpt":{"rendered":"<p>Lieliska d\u0101vana sv\u0113tkos vai pa\u0161u lieto\u0161anai.<\/p>\n<p><span style=\"font-weight: 400;\">SAST\u0100V\u0100: izomalts(Polija),upe\u0146u, kaze\u0146u lapas, kan\u0113\u013ca standzi\u0146a, apels\u012bna miza, \u0101bolu \u0161\u0137iedrviela, upe\u0146u pulveris.<\/span><\/p>\n<p><span style=\"font-weight: 400;\"> Vienas tases pagatavo\u0161ai (220 ml),iz\u0161\u0137\u012bdin\u0101t karst\u0101 \u016bden\u012b. Uzglab\u0101t istabas temperat\u016br\u0101.<\/span><\/p>\n<p><span style=\"font-weight: 400;\">\u00a0100 gr.produkts satur: ener\u0123\u0113tisk\u0101 v\u0113rt. 1045kj\/ 250kcal, tauki 0, tostarp pies\u0101tin\u0101t\u0101s tauksk\u0101bes 0, og\u013chidr.4, tostarp cukuri 4, olbaltumvielas 0, s\u0101ls 0.P\u0101rm\u0113r\u012bga lieto\u0161ana var izrais\u012bt caureju!<\/span><\/p>\n<p><span style=\"font-weight: 400;\">NETTO 15 gr .<\/span><\/p>\n<p>Ra\u017eot\u0101js: Lat food LP SIA<\/p>","protected":false},"featured_media":3907,"comment_status":"open","ping_status":"closed","template":"","meta":[],"product_brand":[],"product_cat":[27],"product_tag":[],"class_list":{"0":"post-3899","1":"product","2":"type-product","3":"status-publish","4":"has-post-thumbnail","6":"product_cat-sadarbibas-partneri","8":"first","9":"instock","10":"sale","11":"taxable","12":"shipping-taxable","13":"purchasable","14":"product-type-simple"},"_links":{"self":[{"href":"https:\/\/mazolacuputra.lv\/lt\/wp-json\/wp\/v2\/product\/3899","targetHints":{"allow":["GET"]}}],"collection":[{"href":"https:\/\/mazolacuputra.lv\/lt\/wp-json\/wp\/v2\/product"}],"about":[{"href":"https:\/\/mazolacuputra.lv\/lt\/wp-json\/wp\/v2\/types\/product"}],"replies":[{"embeddable":true,"href":"https:\/\/mazolacuputra.lv\/lt\/wp-json\/wp\/v2\/comments?post=3899"}],"wp:featuredmedia":[{"embeddable":true,"href":"https:\/\/mazolacuputra.lv\/lt\/wp-json\/wp\/v2\/media\/3907"}],"wp:attachment":[{"href":"https:\/\/mazolacuputra.lv\/lt\/wp-json\/wp\/v2\/media?parent=3899"}],"wp:term":[{"taxonomy":"product_brand","embeddable":true,"href":"https:\/\/mazolacuputra.lv\/lt\/wp-json\/wp\/v2\/product_brand?post=3899"},{"taxonomy":"product_cat","embeddable":true,"href":"https:\/\/mazolacuputra.lv\/lt\/wp-json\/wp\/v2\/product_cat?post=3899"},{"taxonomy":"product_tag","embeddable":true,"href":"https:\/\/mazolacuputra.lv\/lt\/wp-json\/wp\/v2\/product_tag?post=3899"}],"curies":[{"name":"wp","href":"https:\/\/api.w.org\/{rel}","templated":true}]}}