{"id":3866,"date":"2024-11-11T13:34:01","date_gmt":"2024-11-11T10:34:01","guid":{"rendered":"https:\/\/mazolacuputra.lv\/?post_type=product&#038;p=3866"},"modified":"2026-01-30T10:44:00","modified_gmt":"2026-01-30T07:44:00","slug":"izpardodam-sublimetu-bio-biesu-pulveris-500-gr","status":"publish","type":"product","link":"https:\/\/mazolacuputra.lv\/lt\/veikals\/savi-produkti\/izpardodam-sublimetu-bio-biesu-pulveris-500-gr\/","title":{"rendered":"Izp\u0101rdodam! Sublim\u0113tu bio bie\u0161u pulveris, 200 gr."},"content":{"rendered":"","protected":false},"excerpt":{"rendered":"<p>Izp\u0101rdodam vairum\u0101 sublim\u0113tu bie\u0161u pulveri.<\/p>\n<p>Sast\u0101vs:100% bio bietes (Latvija)*.<\/p>\n<p>* no biolo\u0123isk\u0101s lauksaimniec\u012bbas.<\/p>\n<p>Lieliska dabisk\u0101 kr\u0101sviela konditorejas izstr\u0101d\u0101jumiem,\u00a0 t\u0101pat varat to lietot zup\u0101 vai citos s\u0101\u013cajos p\u0101rtikas produktos.<\/p>\n<p>Par v\u0113lamo apjomu iesp\u0113jams ar\u012b sazin\u0101ties rakstot uz pasutijumi@mazolacuputra.lv<\/p>\n<p>Der\u012bguma termi\u0146\u0161 l\u012bdz par 2026.un 2027.gadam.<\/p>","protected":false},"featured_media":3867,"comment_status":"open","ping_status":"closed","template":"","meta":[],"product_brand":[],"product_cat":[26],"product_tag":[],"class_list":{"0":"post-3866","1":"product","2":"type-product","3":"status-publish","4":"has-post-thumbnail","6":"product_cat-savi-produkti","8":"first","9":"instock","10":"sale","11":"taxable","12":"shipping-taxable","13":"purchasable","14":"product-type-simple"},"_links":{"self":[{"href":"https:\/\/mazolacuputra.lv\/lt\/wp-json\/wp\/v2\/product\/3866","targetHints":{"allow":["GET"]}}],"collection":[{"href":"https:\/\/mazolacuputra.lv\/lt\/wp-json\/wp\/v2\/product"}],"about":[{"href":"https:\/\/mazolacuputra.lv\/lt\/wp-json\/wp\/v2\/types\/product"}],"replies":[{"embeddable":true,"href":"https:\/\/mazolacuputra.lv\/lt\/wp-json\/wp\/v2\/comments?post=3866"}],"wp:featuredmedia":[{"embeddable":true,"href":"https:\/\/mazolacuputra.lv\/lt\/wp-json\/wp\/v2\/media\/3867"}],"wp:attachment":[{"href":"https:\/\/mazolacuputra.lv\/lt\/wp-json\/wp\/v2\/media?parent=3866"}],"wp:term":[{"taxonomy":"product_brand","embeddable":true,"href":"https:\/\/mazolacuputra.lv\/lt\/wp-json\/wp\/v2\/product_brand?post=3866"},{"taxonomy":"product_cat","embeddable":true,"href":"https:\/\/mazolacuputra.lv\/lt\/wp-json\/wp\/v2\/product_cat?post=3866"},{"taxonomy":"product_tag","embeddable":true,"href":"https:\/\/mazolacuputra.lv\/lt\/wp-json\/wp\/v2\/product_tag?post=3866"}],"curies":[{"name":"wp","href":"https:\/\/api.w.org\/{rel}","templated":true}]}}