{"id":557,"date":"2023-06-11T23:57:38","date_gmt":"2023-06-11T20:57:38","guid":{"rendered":"https:\/\/mazolacuputra.lv\/?page_id=557"},"modified":"2024-02-28T14:09:12","modified_gmt":"2024-02-28T11:09:12","slug":"par-mums","status":"publish","type":"page","link":"https:\/\/mazolacuputra.lv\/lt\/par-mums\/","title":{"rendered":"Apie mus"},"content":{"rendered":"<div data-elementor-type=\"wp-page\" data-elementor-id=\"557\" class=\"elementor elementor-557\" data-elementor-post-type=\"page\">\n\t\t\t\t\t\t<section class=\"elementor-section elementor-top-section elementor-element elementor-element-93122ad elementor-section-boxed elementor-section-height-default elementor-section-height-default\" data-id=\"93122ad\" data-element_type=\"section\" data-e-type=\"section\">\n\t\t\t\t\t\t<div class=\"elementor-container elementor-column-gap-default\">\n\t\t\t\t\t<div class=\"elementor-column elementor-col-50 elementor-top-column elementor-element elementor-element-56a79aa\" data-id=\"56a79aa\" data-element_type=\"column\" data-e-type=\"column\">\n\t\t\t<div class=\"elementor-widget-wrap elementor-element-populated\">\n\t\t\t\t\t\t<div class=\"elementor-element elementor-element-d972ffd elementor-widget elementor-widget-heading\" data-id=\"d972ffd\" data-element_type=\"widget\" data-e-type=\"widget\" data-widget_type=\"heading.default\">\n\t\t\t\t<div class=\"elementor-widget-container\">\n\t\t\t\t\t<h2 class=\"elementor-heading-title elementor-size-default\">PAR MUMS<\/h2>\t\t\t\t<\/div>\n\t\t\t\t<\/div>\n\t\t\t\t<div class=\"elementor-element elementor-element-5dd7687 elementor-widget elementor-widget-text-editor\" data-id=\"5dd7687\" data-element_type=\"widget\" data-e-type=\"widget\" data-widget_type=\"text-editor.default\">\n\t\t\t\t<div class=\"elementor-widget-container\">\n\t\t\t\t\t\t\t\t\t<p class=\"moze-justify\">Gamini\u0173 suk\u016brimo istorija tikrai gana tipi\u0161ka \u2013 produktas atsiranda d\u0117l pa\u010dios b\u016btinyb\u0117s. Taip gim\u0117 \u201eMazo la\u010du putra\u201c \u2013 sveika, ekologi\u0161ka alternatyva u\u017era\u0161ytoms ko\u0161\u0117ms, kuri\u0173 galima nusipirkti prekybos centruose.<\/p>\n<p class=\"moze-justify\">Didelis ko\u0161\u0117s gerb\u0117jas -<b>\u00a0<\/b>Oliveris \u2013 gim\u0117 2014 m. B\u016btent jo didelio tro\u0161kimo ko\u0161ei d\u0117ka v\u0117liau gim\u0117 \u201eMe\u0161kiuko ko\u0161\u0117\u201c. I\u0161 prad\u017ei\u0173, ie\u0161kodama ko\u0161i\u0173 parduotuvi\u0173 lentynose, neradau norimo produkto \u2013 nat\u016bralaus, be visko \u201epertekliaus\u201c, tik vaisius ir dar\u017eoves, kurie tokie svarb\u016bs ma\u017eo vaiko mityboje, tod\u0117l, i\u0161 prad\u017ei\u0173, gaminant namuose. man pa\u010diam kilo mintis j\u0105 t\u0119sti kur kas didesniu mastu ir pasi\u016blyti kitiems sveiko maisto m\u0117g\u0117jams.<\/p>\t\t\t\t\t\t\t\t<\/div>\n\t\t\t\t<\/div>\n\t\t\t\t\t<\/div>\n\t\t<\/div>\n\t\t\t\t<div class=\"elementor-column elementor-col-50 elementor-top-column elementor-element elementor-element-d21c378\" data-id=\"d21c378\" data-element_type=\"column\" data-e-type=\"column\">\n\t\t\t<div class=\"elementor-widget-wrap elementor-element-populated\">\n\t\t\t\t\t\t<div class=\"elementor-element elementor-element-5e45a5e elementor-widget elementor-widget-image\" data-id=\"5e45a5e\" data-element_type=\"widget\" data-e-type=\"widget\" data-widget_type=\"image.default\">\n\t\t\t\t<div class=\"elementor-widget-container\">\n\t\t\t\t\t\t\t\t\t\t\t\t\t\t\t<img fetchpriority=\"high\" decoding=\"async\" width=\"640\" height=\"426\" src=\"https:\/\/mazolacuputra.lv\/wp-content\/uploads\/2023\/06\/Ieva_Benefelde_MLP__8_-1024x682.jpg\" class=\"attachment-large size-large wp-image-563\" alt=\"\" srcset=\"https:\/\/mazolacuputra.lv\/wp-content\/uploads\/2023\/06\/Ieva_Benefelde_MLP__8_-1024x682.jpg.webp 1024w, https:\/\/mazolacuputra.lv\/wp-content\/uploads\/2023\/06\/Ieva_Benefelde_MLP__8_-300x200.jpg.webp 300w, https:\/\/mazolacuputra.lv\/wp-content\/uploads\/2023\/06\/Ieva_Benefelde_MLP__8_-768x511.jpg.webp 768w, https:\/\/mazolacuputra.lv\/wp-content\/uploads\/2023\/06\/Ieva_Benefelde_MLP__8_-600x400.jpg.webp 600w, https:\/\/mazolacuputra.lv\/wp-content\/uploads\/2023\/06\/Ieva_Benefelde_MLP__8_.jpg.webp 1200w\" sizes=\"(max-width: 640px) 100vw, 640px\" \/>\t\t\t\t\t\t\t\t\t\t\t\t\t\t\t<\/div>\n\t\t\t\t<\/div>\n\t\t\t\t\t<\/div>\n\t\t<\/div>\n\t\t\t\t\t<\/div>\n\t\t<\/section>\n\t\t\t\t<section class=\"elementor-section elementor-top-section elementor-element elementor-element-eb41c78 elementor-section-height-min-height elementor-section-boxed elementor-section-height-default elementor-section-items-middle\" data-id=\"eb41c78\" data-element_type=\"section\" data-e-type=\"section\" data-settings=\"{&quot;background_background&quot;:&quot;classic&quot;}\">\n\t\t\t\t\t\t\t<div class=\"elementor-background-overlay\"><\/div>\n\t\t\t\t\t\t\t<div class=\"elementor-container elementor-column-gap-default\">\n\t\t\t\t\t<div class=\"elementor-column elementor-col-100 elementor-top-column elementor-element elementor-element-304ee6d\" data-id=\"304ee6d\" data-element_type=\"column\" data-e-type=\"column\">\n\t\t\t<div class=\"elementor-widget-wrap elementor-element-populated\">\n\t\t\t\t\t\t<div class=\"elementor-element elementor-element-c5598a1 elementor-widget elementor-widget-heading\" data-id=\"c5598a1\" data-element_type=\"widget\" data-e-type=\"widget\" data-widget_type=\"heading.default\">\n\t\t\t\t<div class=\"elementor-widget-container\">\n\t\t\t\t\t<h2 class=\"elementor-heading-title elementor-size-default\">\"DABISKI IR GAR\u0160\u012aGI\"\n<\/h2>\t\t\t\t<\/div>\n\t\t\t\t<\/div>\n\t\t\t\t\t<\/div>\n\t\t<\/div>\n\t\t\t\t\t<\/div>\n\t\t<\/section>\n\t\t\t\t<section class=\"elementor-section elementor-top-section elementor-element elementor-element-6819bf3 elementor-section-boxed elementor-section-height-default elementor-section-height-default\" data-id=\"6819bf3\" data-element_type=\"section\" data-e-type=\"section\">\n\t\t\t\t\t\t<div class=\"elementor-container elementor-column-gap-default\">\n\t\t\t\t\t<div class=\"elementor-column elementor-col-100 elementor-top-column elementor-element elementor-element-78a196d\" data-id=\"78a196d\" data-element_type=\"column\" data-e-type=\"column\">\n\t\t\t<div class=\"elementor-widget-wrap elementor-element-populated\">\n\t\t\t\t\t\t<div class=\"elementor-element elementor-element-e09d67e elementor-widget elementor-widget-heading\" data-id=\"e09d67e\" data-element_type=\"widget\" data-e-type=\"widget\" data-widget_type=\"heading.default\">\n\t\t\t\t<div class=\"elementor-widget-container\">\n\t\t\t\t\t<h2 class=\"elementor-heading-title elementor-size-default\">K\u0100P\u0112C IZV\u0112L\u0112TIES MAZO L\u0100\u010cU PRODUKTUS?<\/h2>\t\t\t\t<\/div>\n\t\t\t\t<\/div>\n\t\t\t\t<div class=\"elementor-element elementor-element-df85168 elementor-widget elementor-widget-text-editor\" data-id=\"df85168\" data-element_type=\"widget\" data-e-type=\"widget\" data-widget_type=\"text-editor.default\">\n\t\t\t\t<div class=\"elementor-widget-container\">\n\t\t\t\t\t\t\t\t\t<p class=\"moze-justify\"><b>\u012esigydami ekologi\u0161kai sertifikuot\u0105 maist\u0105, visada galite b\u016bti tikri, kad jis pagamintas laikantis grie\u017et\u0173 teis\u0117s akt\u0173 reikalavim\u0173 ir yra reguliariai tikrinamas!<\/b><\/p><p class=\"moze-justify\"><b>\"Me\u0161kiuko ko\u0161\u0117\"<\/b>\u00a0savo gaminiuose naudoja daug verting\u0173 gr\u016bd\u0173.<\/p><p class=\"moze-justify\"><b>Soros<\/b>\u00a0yra geras B grup\u0117s vitamin\u0173 \u0161altinis, taip pat jame yra daugiau nei 50% paros reikalingo mangano kiekio. Jis apr\u016bpins organizm\u0105 gele\u017eimi, magniu, fosforu ir cinku, kurie visi yra verting\u0173 ir reikaling\u0173 mineral\u0173 grup\u0117s nariai. Soros turi b\u016bti \u012ftrauktos \u012f pageidaujam\u0173 maisto produkt\u0173 asortiment\u0105, nes turi didel\u012f antioksidant\u0173 kiek\u012f ir aktyvum\u0105, neturi glitimo.<\/p><p class=\"moze-justify\"><b>Amarantas<\/b>\u00a0yra turtingas baltym\u0173 \u0161altinis, \u012fskaitant aminor\u016bg\u0161t\u012f lizin\u0105. Palyginti su kitais gr\u016bdais, burno\u010di\u0173 s\u0117klose gausu gele\u017eies ir kalcio, o tai vieninteliai gr\u016bdai, kuriuose yra vitamino C. Be viso to, jose yra lunazino \u2013 prie\u0161u\u017edegimin\u0117s med\u017eiagos, turin\u010dios prie\u0161v\u0117\u017eini\u0173 savybi\u0173.* Amarantas yra be glitimo.<\/p><p class=\"moze-justify\"><b>Pliko gr\u016bdo mie\u017eiai<\/b>. Skirtingai nuo tradicini\u0173 mie\u017ei\u0173, jie turi skirting\u0105 gr\u016bd\u0173 strukt\u016br\u0105. Mai\u0161ant j\u012f atskirti gana paprasta, luk\u0161t\u0105 reikia lupti kur kas ma\u017eiau, tad apdirbant neprarandamas sveikas sluoksnis. \u0160ie mie\u017eiai naudingi sveikatai gerinti, pavyzd\u017eiui, ma\u017eina cholesterolio ir gliukoz\u0117s kiek\u012f kraujyje.<\/p><p class=\"moze-justify\">Tai vertingas baltym\u0173 \u0161altinis\u00a0<b>grikiai\u00a0<\/b>ir\u00a0<b>avi\u017eos<\/b>. Juose yra 8 nepakei\u010diamos aminor\u016bg\u0161tys.<\/p><p class=\"moze-justify\">Griki\u0173 ko\u0161\u0117 neturi glitimo ir yra ma\u017eiausiai alergizuojanti. Produktams naudojamas ne\u0161ildomas arba\u00a0<b>\u017ealieji (gyvi) grikiai<\/b>\u00a0miltai ir viso gr\u016bdo arba s\u0117len\u0173 miltai. Juose gausu baltym\u0173, vitamin\u0173 ir mineral\u0173. Grikiuose yra daug gele\u017eies ir kit\u0173 verting\u0173 vitamin\u0173. Griki\u0173 ko\u0161\u0119 gali valgyti ir vaikai, link\u0119 sirgti diabetu.<\/p><p class=\"moze-justify\"><b>Viso gr\u016bdo avi\u017eos\u00a0<\/b>ko\u0161\u0117s mink\u0161tesn\u0117s konsistencijos, taip pat tinka esant \u017earnyno ir skrand\u017eio problemoms. Jame daug verting\u0173 riebal\u0173 r\u016bg\u0161\u010di\u0173, ma\u017eai krakmolo. Verting\u0173 riebal\u0173 rekordininkai yra pilno gr\u016bdo avi\u017einiai dribsniai. Vertingosios riebal\u0173 r\u016bg\u0161tys labai teigiamai veikia nerv\u0173 sistem\u0105.<\/p><p class=\"moze-justify\">\u017dinoma, tai yra neatsiejama sveikos vaiko mitybos dalis<b>\u00a0vaisiai<\/b>\u00a0ir\u00a0<b>dar\u017eov\u0117s<\/b>, pavyzd\u017eiui, slyvose yra beta karotino, vitamin\u0173 C ir B2, natrio, kalcio ir gele\u017eies; obuolys \u2013 A, B1 B2, B6, gele\u017eis, magnis ir kalcis. Vitaminas B dalyvauja nerv\u0173 sistemos vystymesi ir nerv\u0173 apsauginio apvalkalo formavime, B grup\u0117s vitaminai yra neatsiejama vaiko augimo proceso dalis. Jie taip pat u\u017etikrina raudon\u0173j\u0173 kraujo k\u016bneli\u0173 susidarym\u0105 organizme ir stiprina imunitet\u0105.<\/p>\t\t\t\t\t\t\t\t<\/div>\n\t\t\t\t<\/div>\n\t\t\t\t\t<\/div>\n\t\t<\/div>\n\t\t\t\t\t<\/div>\n\t\t<\/section>\n\t\t\t\t<section class=\"elementor-section elementor-top-section elementor-element elementor-element-e0c2615 elementor-section-boxed elementor-section-height-default elementor-section-height-default\" data-id=\"e0c2615\" data-element_type=\"section\" data-e-type=\"section\">\n\t\t\t\t\t\t<div class=\"elementor-container elementor-column-gap-default\">\n\t\t\t\t\t<div class=\"elementor-column elementor-col-50 elementor-top-column elementor-element elementor-element-f23e2af\" data-id=\"f23e2af\" data-element_type=\"column\" data-e-type=\"column\" data-settings=\"{&quot;background_background&quot;:&quot;classic&quot;}\">\n\t\t\t<div class=\"elementor-widget-wrap elementor-element-populated\">\n\t\t\t\t\t<div class=\"elementor-background-overlay\"><\/div>\n\t\t\t\t\t\t<div class=\"elementor-element elementor-element-d01a3c5 elementor-widget elementor-widget-spacer\" data-id=\"d01a3c5\" data-element_type=\"widget\" data-e-type=\"widget\" data-widget_type=\"spacer.default\">\n\t\t\t\t<div class=\"elementor-widget-container\">\n\t\t\t\t\t\t\t<div class=\"elementor-spacer\">\n\t\t\t<div class=\"elementor-spacer-inner\"><\/div>\n\t\t<\/div>\n\t\t\t\t\t\t<\/div>\n\t\t\t\t<\/div>\n\t\t\t\t\t<\/div>\n\t\t<\/div>\n\t\t\t\t<div class=\"elementor-column elementor-col-50 elementor-top-column elementor-element elementor-element-41c4ce1\" data-id=\"41c4ce1\" data-element_type=\"column\" data-e-type=\"column\">\n\t\t\t<div class=\"elementor-widget-wrap elementor-element-populated\">\n\t\t\t\t\t\t<div class=\"elementor-element elementor-element-449f0bc elementor-widget elementor-widget-heading\" data-id=\"449f0bc\" data-element_type=\"widget\" data-e-type=\"widget\" data-widget_type=\"heading.default\">\n\t\t\t\t<div class=\"elementor-widget-container\">\n\t\t\t\t\t<h2 class=\"elementor-heading-title elementor-size-default\">MAZO L\u0100\u010cU PRODUKTI:<\/h2>\t\t\t\t<\/div>\n\t\t\t\t<\/div>\n\t\t\t\t<div class=\"elementor-element elementor-element-cb47bf9 elementor-widget elementor-widget-text-editor\" data-id=\"cb47bf9\" data-element_type=\"widget\" data-e-type=\"widget\" id=\"product-bullet\" data-widget_type=\"text-editor.default\">\n\t\t\t\t<div class=\"elementor-widget-container\">\n\t\t\t\t\t\t\t\t\t<ul><li><p>Sukurta bendradarbiaujant su Sodininkyst\u0117s ir dar\u017eininkyst\u0117s institutu;<\/p><\/li><li><p>Ekologi\u0161kai sertifikuotas (LV-BIO-01);<\/p><\/li><li><p>\u017daliavos perkamos i\u0161 geriausi\u0173 Latvijos \u016bki\u0173 ir \u012fmoni\u0173;<\/p><\/li><\/ul><ul><li>produktiem nav pievienoti gar\u0161as uzlabot\u0101ji &#8211; cukurs, piens, s\u0101ls, e\u013c\u013ca u.c.<\/li><\/ul><ul><li>pasi\u016blyme yra produktai be glitimo turin\u010di\u0173 ingredient\u0173;<\/li><\/ul><ul><li>veganams draugi\u0161ki produktai;<\/li><\/ul><ul><li>vaisi\u0173\/dar\u017eovi\u0173 kiekis ko\u0161\u0117se nuo 2-25% visos produkto mas\u0117s;<\/li><\/ul><ul><li>dedama stambiai sijot\u0173, auk\u0161tos kokyb\u0117s, daugiausia viso gr\u016bdo ekologi\u0161k\u0173 jav\u0173;<\/li><\/ul><ul><li>produktai yra reguliariai tikrinami laboratorijoje;<\/li><\/ul><ul><li>\u012fmon\u0117 vykdo vaisi\u0173\/dar\u017eovi\u0173 perdirbim\u0105 ir gatavos produkcijos pakavim\u0105, o j\u0173 prie\u017ei\u016bra yra apie 5 kartus didesn\u0117 nei suaugusi\u0173j\u0173 maisto.<\/li><\/ul>\t\t\t\t\t\t\t\t<\/div>\n\t\t\t\t<\/div>\n\t\t\t\t\t<\/div>\n\t\t<\/div>\n\t\t\t\t\t<\/div>\n\t\t<\/section>\n\t\t\t\t<section class=\"elementor-section elementor-top-section elementor-element elementor-element-893aea5 elementor-section-boxed elementor-section-height-default elementor-section-height-default\" data-id=\"893aea5\" data-element_type=\"section\" data-e-type=\"section\">\n\t\t\t\t\t\t<div class=\"elementor-container elementor-column-gap-default\">\n\t\t\t\t\t<div class=\"elementor-column elementor-col-100 elementor-top-column elementor-element elementor-element-8cea363\" data-id=\"8cea363\" data-element_type=\"column\" data-e-type=\"column\">\n\t\t\t<div class=\"elementor-widget-wrap elementor-element-populated\">\n\t\t\t\t\t\t<div class=\"elementor-element elementor-element-0154760 elementor-widget elementor-widget-heading\" data-id=\"0154760\" data-element_type=\"widget\" data-e-type=\"widget\" data-widget_type=\"heading.default\">\n\t\t\t\t<div class=\"elementor-widget-container\">\n\t\t\t\t\t<h2 class=\"elementor-heading-title elementor-size-default\">PROJEKTS TIEK \u012aSTENOTS SADARB\u012aB\u0100 AR:<\/h2>\t\t\t\t<\/div>\n\t\t\t\t<\/div>\n\t\t\t\t<section class=\"elementor-section elementor-inner-section elementor-element elementor-element-4be6586 elementor-section-boxed elementor-section-height-default elementor-section-height-default\" data-id=\"4be6586\" data-element_type=\"section\" data-e-type=\"section\">\n\t\t\t\t\t\t<div class=\"elementor-container elementor-column-gap-default\">\n\t\t\t\t\t<div class=\"make-column-clickable-elementor elementor-column elementor-col-33 elementor-inner-column elementor-element elementor-element-37a1b4f\" style=\"cursor: pointer;\" data-column-clickable=\"https:\/\/www.videskvalitate.lv\/\" data-column-clickable-blank=\"_self\" data-id=\"37a1b4f\" data-element_type=\"column\" data-e-type=\"column\">\n\t\t\t<div class=\"elementor-widget-wrap elementor-element-populated\">\n\t\t\t\t\t\t<div class=\"elementor-element elementor-element-6c2c334 elementor-widget elementor-widget-image\" data-id=\"6c2c334\" data-element_type=\"widget\" data-e-type=\"widget\" data-widget_type=\"image.default\">\n\t\t\t\t<div class=\"elementor-widget-container\">\n\t\t\t\t\t\t\t\t\t\t\t\t\t\t\t<img decoding=\"async\" width=\"300\" height=\"200\" src=\"https:\/\/mazolacuputra.lv\/wp-content\/uploads\/2023\/06\/eu_organic_logo_colour_rgb-300x200.jpg\" class=\"attachment-medium size-medium wp-image-605\" alt=\"\" srcset=\"https:\/\/mazolacuputra.lv\/wp-content\/uploads\/2023\/06\/eu_organic_logo_colour_rgb-300x200.jpg.webp 300w, https:\/\/mazolacuputra.lv\/wp-content\/uploads\/2023\/06\/eu_organic_logo_colour_rgb.jpg.webp 500w\" sizes=\"(max-width: 300px) 100vw, 300px\" \/>\t\t\t\t\t\t\t\t\t\t\t\t\t\t\t<\/div>\n\t\t\t\t<\/div>\n\t\t\t\t\t<\/div>\n\t\t<\/div>\n\t\t\t\t<div class=\"make-column-clickable-elementor elementor-column elementor-col-33 elementor-inner-column elementor-element elementor-element-c3c70de\" style=\"cursor: pointer;\" data-column-clickable=\"https:\/\/www.liaa.gov.lv\/lv\" data-column-clickable-blank=\"_self\" data-id=\"c3c70de\" data-element_type=\"column\" data-e-type=\"column\">\n\t\t\t<div class=\"elementor-widget-wrap elementor-element-populated\">\n\t\t\t\t\t\t<div class=\"elementor-element elementor-element-863d34a elementor-widget elementor-widget-image\" data-id=\"863d34a\" data-element_type=\"widget\" data-e-type=\"widget\" data-widget_type=\"image.default\">\n\t\t\t\t<div class=\"elementor-widget-container\">\n\t\t\t\t\t\t\t\t\t\t\t\t\t\t\t<img decoding=\"async\" width=\"300\" height=\"265\" src=\"https:\/\/mazolacuputra.lv\/wp-content\/uploads\/2023\/06\/logo_2_lat_2_0-300x265.png\" class=\"attachment-medium size-medium wp-image-604\" alt=\"\" srcset=\"https:\/\/mazolacuputra.lv\/wp-content\/uploads\/2023\/06\/logo_2_lat_2_0-300x265.png.webp 300w, https:\/\/mazolacuputra.lv\/wp-content\/uploads\/2023\/06\/logo_2_lat_2_0.png 322w\" sizes=\"(max-width: 300px) 100vw, 300px\" \/>\t\t\t\t\t\t\t\t\t\t\t\t\t\t\t<\/div>\n\t\t\t\t<\/div>\n\t\t\t\t\t<\/div>\n\t\t<\/div>\n\t\t\t\t<div class=\"make-column-clickable-elementor elementor-column elementor-col-33 elementor-inner-column elementor-element elementor-element-d0e44aa\" style=\"cursor: pointer;\" data-column-clickable=\"https:\/\/www.darzkopibasinstituts.lv\/lv\" data-column-clickable-blank=\"_self\" data-id=\"d0e44aa\" data-element_type=\"column\" data-e-type=\"column\">\n\t\t\t<div class=\"elementor-widget-wrap elementor-element-populated\">\n\t\t\t\t\t\t<div class=\"elementor-element elementor-element-bcc5982 elementor-widget elementor-widget-image\" data-id=\"bcc5982\" data-element_type=\"widget\" data-e-type=\"widget\" data-widget_type=\"image.default\">\n\t\t\t\t<div class=\"elementor-widget-container\">\n\t\t\t\t\t\t\t\t\t\t\t\t\t\t\t<img loading=\"lazy\" decoding=\"async\" width=\"300\" height=\"122\" src=\"https:\/\/mazolacuputra.lv\/wp-content\/uploads\/2023\/06\/base64img_9fc6fdb67ad2251144bdb602e978b0aa-300x122.jpeg\" class=\"attachment-medium size-medium wp-image-606\" alt=\"\" srcset=\"https:\/\/mazolacuputra.lv\/wp-content\/uploads\/2023\/06\/base64img_9fc6fdb67ad2251144bdb602e978b0aa-300x122.jpeg.webp 300w, https:\/\/mazolacuputra.lv\/wp-content\/uploads\/2023\/06\/base64img_9fc6fdb67ad2251144bdb602e978b0aa.jpeg.webp 352w\" sizes=\"(max-width: 300px) 100vw, 300px\" \/>\t\t\t\t\t\t\t\t\t\t\t\t\t\t\t<\/div>\n\t\t\t\t<\/div>\n\t\t\t\t\t<\/div>\n\t\t<\/div>\n\t\t\t\t\t<\/div>\n\t\t<\/section>\n\t\t\t\t\t<\/div>\n\t\t<\/div>\n\t\t\t\t\t<\/div>\n\t\t<\/section>\n\t\t\t\t<\/div>","protected":false},"excerpt":{"rendered":"<p>PAR MUMS Produktu ra\u0161an\u0101s st\u0101sts ir noteikti diezgan tipisks- produkts rodas pa\u0161u nepiecie\u0161am\u012bbas rezult\u0101t\u0101. Tie\u0161i t\u0101 ar\u012b rad\u0101s &#8220;Mazo l\u0101\u010du putra&#8221;- vesel\u012bga, biolo\u0123iska alternat\u012bva, ierakstaj\u0101m, lielveikalos nop\u0113rkamaj\u0101m putr\u0101m. Lielais putru cien\u012bt\u0101js &#8211;\u00a0Olivers &#8211; piedzima 2014.gad\u0101. Tie\u0161i pateicoties vi\u0146a lielajai k\u0101rei p\u0113c putr\u0101m, v\u0113l\u0101k ar\u012b rad\u0101s &#8220;Mazo l\u0101\u010du putra&#8221;. S\u0101kotn\u0113ji, mekl\u0113jot putras veikalu plauktos, netika atrasts [&hellip;]<\/p>\n","protected":false},"author":1,"featured_media":0,"parent":0,"menu_order":0,"comment_status":"closed","ping_status":"closed","template":"elementor_header_footer","meta":{"footnotes":""},"class_list":["post-557","page","type-page","status-publish","hentry"],"_links":{"self":[{"href":"https:\/\/mazolacuputra.lv\/lt\/wp-json\/wp\/v2\/pages\/557","targetHints":{"allow":["GET"]}}],"collection":[{"href":"https:\/\/mazolacuputra.lv\/lt\/wp-json\/wp\/v2\/pages"}],"about":[{"href":"https:\/\/mazolacuputra.lv\/lt\/wp-json\/wp\/v2\/types\/page"}],"author":[{"embeddable":true,"href":"https:\/\/mazolacuputra.lv\/lt\/wp-json\/wp\/v2\/users\/1"}],"replies":[{"embeddable":true,"href":"https:\/\/mazolacuputra.lv\/lt\/wp-json\/wp\/v2\/comments?post=557"}],"version-history":[{"count":100,"href":"https:\/\/mazolacuputra.lv\/lt\/wp-json\/wp\/v2\/pages\/557\/revisions"}],"predecessor-version":[{"id":3154,"href":"https:\/\/mazolacuputra.lv\/lt\/wp-json\/wp\/v2\/pages\/557\/revisions\/3154"}],"wp:attachment":[{"href":"https:\/\/mazolacuputra.lv\/lt\/wp-json\/wp\/v2\/media?parent=557"}],"curies":[{"name":"wp","href":"https:\/\/api.w.org\/{rel}","templated":true}]}}