{"id":229,"date":"2023-05-30T16:55:49","date_gmt":"2023-05-30T16:55:49","guid":{"rendered":"https:\/\/mazolacuputra.lv\/?page_id=229"},"modified":"2024-10-21T12:11:35","modified_gmt":"2024-10-21T09:11:35","slug":"piegade","status":"publish","type":"page","link":"https:\/\/mazolacuputra.lv\/lt\/piegade\/","title":{"rendered":"Pristatymas"},"content":{"rendered":"<div data-elementor-type=\"wp-page\" data-elementor-id=\"229\" class=\"elementor elementor-229\" data-elementor-post-type=\"page\">\n\t\t\t\t\t\t<section class=\"elementor-section elementor-top-section elementor-element elementor-element-e8ee6a3 elementor-section-boxed elementor-section-height-default elementor-section-height-default\" data-id=\"e8ee6a3\" data-element_type=\"section\" data-e-type=\"section\">\n\t\t\t\t\t\t<div class=\"elementor-container elementor-column-gap-default\">\n\t\t\t\t\t<div class=\"elementor-column elementor-col-100 elementor-top-column elementor-element elementor-element-226c74b\" data-id=\"226c74b\" data-element_type=\"column\" data-e-type=\"column\">\n\t\t\t<div class=\"elementor-widget-wrap elementor-element-populated\">\n\t\t\t\t\t\t<div class=\"elementor-element elementor-element-d959733 elementor-widget elementor-widget-heading\" data-id=\"d959733\" data-element_type=\"widget\" data-e-type=\"widget\" data-widget_type=\"heading.default\">\n\t\t\t\t<div class=\"elementor-widget-container\">\n\t\t\t\t\t<h2 class=\"elementor-heading-title elementor-size-default\">PIEG\u0100DE<\/h2>\t\t\t\t<\/div>\n\t\t\t\t<\/div>\n\t\t\t\t<div class=\"elementor-element elementor-element-2518be0 elementor-widget elementor-widget-text-editor\" data-id=\"2518be0\" data-element_type=\"widget\" data-e-type=\"widget\" data-widget_type=\"text-editor.default\">\n\t\t\t\t<div class=\"elementor-widget-container\">\n\t\t\t\t\t\t\t\t\t<p>Pieg\u0101de tiek veikta 3 (tr\u012bs) l\u012bdz 5 (piecu) darba dienu laik\u0101 p\u0113c maks\u0101juma sa\u0146em\u0161anas, izmantojot\u00a0 &#8220;VENIPAK&#8221; , &#8220;Omniva&#8221; un &#8220;DPD&#8221; pakom\u0101ta pakalpojumu (uz pakom\u0101tu). Pakalpojuma cena- VENIPAK 2.09 EUR, OMNIVA 3.39 EUR, DPD-2.49\u20ac s\u016bt\u012bjumiem pa Latviju. Kop\u0113jai pirkuma summai no 25 \u20ac -s\u016bt\u012b\u0161ana uz &#8220;DPD&#8221; pakom\u0101tu ir bez maksas Latvijas teritorij\u0101.<\/p>\t\t\t\t\t\t\t\t<\/div>\n\t\t\t\t<\/div>\n\t\t\t\t<div class=\"elementor-element elementor-element-e33ff00 elementor-widget elementor-widget-heading\" data-id=\"e33ff00\" data-element_type=\"widget\" data-e-type=\"widget\" data-widget_type=\"heading.default\">\n\t\t\t\t<div class=\"elementor-widget-container\">\n\t\t\t\t\t<h4 class=\"elementor-heading-title elementor-size-default\">Starptautiskie s\u016bt\u012bjumi tiek pieg\u0101d\u0101ti 10 darba dienu laik\u0101 no apmaksas sa\u0146em\u0161anas br\u012b\u017ea.<\/h4>\t\t\t\t<\/div>\n\t\t\t\t<\/div>\n\t\t\t\t<div class=\"elementor-element elementor-element-0216c99 elementor-widget elementor-widget-text-editor\" data-id=\"0216c99\" data-element_type=\"widget\" data-e-type=\"widget\" data-widget_type=\"text-editor.default\">\n\t\t\t\t<div class=\"elementor-widget-container\">\n\t\t\t\t\t\t\t\t\t<p>Valstis, kuras nav nor\u0101d\u012btas pie pieg\u0101des valst\u012bm , par produktu pieg\u0101di j\u0101vienojas pirms pas\u016bt\u012bjumu veik\u0161anas, rakstot uz birojs@mazolacuputra.lv\u00a0<br \/><br \/><\/p><p>Valstis uz kur\u0101m tiek veikta pieg\u0101de, saska\u0146\u0101 ar nor\u0101d\u012bto inform\u0101ciju pie pas\u016bt\u012bjumu veik\u0161anas, ir:<br \/><br \/><\/p><p>Austrija, Be\u013c\u0123ija, D\u0101nija, Anglija, V\u0101cija, N\u012bderlande, Zviedrija, Somija, Portug\u0101le, Sp\u0101nija, Malta, It\u0101lija, Grie\u0137ija, Francija, \u012arija , Lietuva, Igaunija.<\/p>\t\t\t\t\t\t\t\t<\/div>\n\t\t\t\t<\/div>\n\t\t\t\t<div class=\"elementor-element elementor-element-b4b503b elementor-widget elementor-widget-heading\" data-id=\"b4b503b\" data-element_type=\"widget\" data-e-type=\"widget\" data-widget_type=\"heading.default\">\n\t\t\t\t<div class=\"elementor-widget-container\">\n\t\t\t\t\t<h3 class=\"elementor-heading-title elementor-size-default\">Par kurjera pakalpojumiem samaksu veic pirc\u0113js, neatkar\u012bgi no pas\u016bt\u012bt\u0101s pre\u010du kopsummas.<\/h3>\t\t\t\t<\/div>\n\t\t\t\t<\/div>\n\t\t\t\t\t<\/div>\n\t\t<\/div>\n\t\t\t\t\t<\/div>\n\t\t<\/section>\n\t\t\t\t<\/div>","protected":false},"excerpt":{"rendered":"<p>PIEG\u0100DE Pieg\u0101de tiek veikta 3 (tr\u012bs) l\u012bdz 5 (piecu) darba dienu laik\u0101 p\u0113c maks\u0101juma sa\u0146em\u0161anas, izmantojot\u00a0 &#8220;VENIPAK&#8221; , &#8220;Omniva&#8221; un &#8220;DPD&#8221; pakom\u0101ta pakalpojumu (uz pakom\u0101tu). Pakalpojuma cena- VENIPAK 2.09 EUR, OMNIVA 3.39 EUR, DPD-2.49\u20ac s\u016bt\u012bjumiem pa Latviju. Kop\u0113jai pirkuma summai no 25 \u20ac -s\u016bt\u012b\u0161ana uz &#8220;DPD&#8221; pakom\u0101tu ir bez maksas Latvijas teritorij\u0101. Starptautiskie s\u016bt\u012bjumi tiek [&hellip;]<\/p>\n","protected":false},"author":1,"featured_media":0,"parent":0,"menu_order":0,"comment_status":"closed","ping_status":"closed","template":"elementor_header_footer","meta":{"footnotes":""},"class_list":["post-229","page","type-page","status-publish","hentry"],"_links":{"self":[{"href":"https:\/\/mazolacuputra.lv\/lt\/wp-json\/wp\/v2\/pages\/229","targetHints":{"allow":["GET"]}}],"collection":[{"href":"https:\/\/mazolacuputra.lv\/lt\/wp-json\/wp\/v2\/pages"}],"about":[{"href":"https:\/\/mazolacuputra.lv\/lt\/wp-json\/wp\/v2\/types\/page"}],"author":[{"embeddable":true,"href":"https:\/\/mazolacuputra.lv\/lt\/wp-json\/wp\/v2\/users\/1"}],"replies":[{"embeddable":true,"href":"https:\/\/mazolacuputra.lv\/lt\/wp-json\/wp\/v2\/comments?post=229"}],"version-history":[{"count":25,"href":"https:\/\/mazolacuputra.lv\/lt\/wp-json\/wp\/v2\/pages\/229\/revisions"}],"predecessor-version":[{"id":3833,"href":"https:\/\/mazolacuputra.lv\/lt\/wp-json\/wp\/v2\/pages\/229\/revisions\/3833"}],"wp:attachment":[{"href":"https:\/\/mazolacuputra.lv\/lt\/wp-json\/wp\/v2\/media?parent=229"}],"curies":[{"name":"wp","href":"https:\/\/api.w.org\/{rel}","templated":true}]}}