{"id":550,"date":"2023-06-11T23:52:51","date_gmt":"2023-06-11T20:52:51","guid":{"rendered":"https:\/\/mazolacuputra.lv\/?post_type=product&#038;p=550"},"modified":"2026-01-05T13:26:38","modified_gmt":"2026-01-05T10:26:38","slug":"bio-kiploku-pulveris-40-gr","status":"publish","type":"product","link":"https:\/\/mazolacuputra.lv\/et\/veikals\/savi-produkti\/bio-kiploku-pulveris-40-gr\/","title":{"rendered":"BIO k\u00fc\u00fcslaugupulber, 40 gr."},"content":{"rendered":"","protected":false},"excerpt":{"rendered":"<p>100% bio \u0137iploku pulveris. Iepakojum\u0101 40 gr.<\/p>\n<p>Der.term.vismaz 2 m\u0113ne\u0161i.<\/p>","protected":false},"featured_media":551,"comment_status":"open","ping_status":"closed","template":"","meta":[],"product_brand":[],"product_cat":[26],"product_tag":[],"class_list":{"0":"post-550","1":"product","2":"type-product","3":"status-publish","4":"has-post-thumbnail","6":"product_cat-savi-produkti","8":"first","9":"outofstock","10":"taxable","11":"shipping-taxable","12":"purchasable","13":"product-type-simple"},"_links":{"self":[{"href":"https:\/\/mazolacuputra.lv\/et\/wp-json\/wp\/v2\/product\/550","targetHints":{"allow":["GET"]}}],"collection":[{"href":"https:\/\/mazolacuputra.lv\/et\/wp-json\/wp\/v2\/product"}],"about":[{"href":"https:\/\/mazolacuputra.lv\/et\/wp-json\/wp\/v2\/types\/product"}],"replies":[{"embeddable":true,"href":"https:\/\/mazolacuputra.lv\/et\/wp-json\/wp\/v2\/comments?post=550"}],"wp:featuredmedia":[{"embeddable":true,"href":"https:\/\/mazolacuputra.lv\/et\/wp-json\/wp\/v2\/media\/551"}],"wp:attachment":[{"href":"https:\/\/mazolacuputra.lv\/et\/wp-json\/wp\/v2\/media?parent=550"}],"wp:term":[{"taxonomy":"product_brand","embeddable":true,"href":"https:\/\/mazolacuputra.lv\/et\/wp-json\/wp\/v2\/product_brand?post=550"},{"taxonomy":"product_cat","embeddable":true,"href":"https:\/\/mazolacuputra.lv\/et\/wp-json\/wp\/v2\/product_cat?post=550"},{"taxonomy":"product_tag","embeddable":true,"href":"https:\/\/mazolacuputra.lv\/et\/wp-json\/wp\/v2\/product_tag?post=550"}],"curies":[{"name":"wp","href":"https:\/\/api.w.org\/{rel}","templated":true}]}}