{"id":530,"date":"2023-06-11T23:39:00","date_gmt":"2023-06-11T20:39:00","guid":{"rendered":"https:\/\/mazolacuputra.lv\/?post_type=product&#038;p=530"},"modified":"2026-04-02T10:40:39","modified_gmt":"2026-04-02T07:40:39","slug":"abolu-skiedrviela-bio-150-gr","status":"publish","type":"product","link":"https:\/\/mazolacuputra.lv\/et\/veikals\/savi-produkti\/abolu-skiedrviela-bio-150-gr\/","title":{"rendered":"\u0100bolu \u0161\u0137iedrviela BIO, 150 gr."},"content":{"rendered":"","protected":false},"excerpt":{"rendered":"<p>Lielisks bezglut\u0113na produkts, ar lielu \u0161\u0137iedrvielu daudzumu. Lieto pie putr\u0101m, sm\u016btijos u.c.<\/p>\n<p>Sast\u0101v\u0101 : kalt\u0113tu \u0101bolu gabali\u0146i (ar s\u0113kl\u0101m).<\/p>\n<p>100 gr. produkta uzturv\u0113rt\u012bba: ener\u0123\u0113tisk\u0101 v\u0113rt\u012bba kj1357, kcal 324, tauki 2,3 g, tostarp pies\u0101tin\u0101t\u0101s tauks\u0101bes 0 g, og\u013chidr\u0101ti 57,4 g, tostarp cukuri 33,4 g*,\u0161\u0137iedrvielas 29,6 g, olbaltumvielas 3,5 g, s\u0101ls 0 g. * tikai dabisks aug\u013cu cukurs<\/p>\n<p>Der\u012bguma termi\u0146\u0161 vismaz 6 m\u0113ne\u0161i.<\/p>\n<p>Ra\u017eot\u0101js: Lat food LP SIA<\/p>\n<p>*Pateicoties \u0161\u0137iedrviel\u0101m un pekt\u012bnam tas stabiliz\u0113 visa gremo\u0161anas trakta darb\u012bbu. T\u0101pat \u0101bols veiksm\u012bgi izvada no organisma \u0161lakvielas un toks\u012bnus, k\u0101 ar\u012b pal\u012bdz izstr\u0101d\u0101ties ku\u0146\u0123a sulai, t\u0101d\u0113j\u0101di \u0101rst\u0113jot no aizciet\u0113jumiem.<\/p>\n<p>*neattiecas uz konkr\u0113to produktu- tikai informat\u012bvs materi\u0101ls.<\/p>","protected":false},"featured_media":531,"comment_status":"open","ping_status":"closed","template":"","meta":[],"product_brand":[],"product_cat":[26],"product_tag":[],"class_list":{"0":"post-530","1":"product","2":"type-product","3":"status-publish","4":"has-post-thumbnail","6":"product_cat-savi-produkti","8":"first","9":"outofstock","10":"taxable","11":"shipping-taxable","12":"purchasable","13":"product-type-simple"},"_links":{"self":[{"href":"https:\/\/mazolacuputra.lv\/et\/wp-json\/wp\/v2\/product\/530","targetHints":{"allow":["GET"]}}],"collection":[{"href":"https:\/\/mazolacuputra.lv\/et\/wp-json\/wp\/v2\/product"}],"about":[{"href":"https:\/\/mazolacuputra.lv\/et\/wp-json\/wp\/v2\/types\/product"}],"replies":[{"embeddable":true,"href":"https:\/\/mazolacuputra.lv\/et\/wp-json\/wp\/v2\/comments?post=530"}],"wp:featuredmedia":[{"embeddable":true,"href":"https:\/\/mazolacuputra.lv\/et\/wp-json\/wp\/v2\/media\/531"}],"wp:attachment":[{"href":"https:\/\/mazolacuputra.lv\/et\/wp-json\/wp\/v2\/media?parent=530"}],"wp:term":[{"taxonomy":"product_brand","embeddable":true,"href":"https:\/\/mazolacuputra.lv\/et\/wp-json\/wp\/v2\/product_brand?post=530"},{"taxonomy":"product_cat","embeddable":true,"href":"https:\/\/mazolacuputra.lv\/et\/wp-json\/wp\/v2\/product_cat?post=530"},{"taxonomy":"product_tag","embeddable":true,"href":"https:\/\/mazolacuputra.lv\/et\/wp-json\/wp\/v2\/product_tag?post=530"}],"curies":[{"name":"wp","href":"https:\/\/api.w.org\/{rel}","templated":true}]}}