{"id":526,"date":"2023-06-11T23:32:42","date_gmt":"2023-06-11T20:32:42","guid":{"rendered":"https:\/\/mazolacuputra.lv\/?post_type=product&#038;p=526"},"modified":"2026-03-02T17:40:38","modified_gmt":"2026-03-02T14:40:38","slug":"bio-mazo-lacu-putraar-grikiem-aboliem-prosu-un-kirbi-200-gr-6m","status":"publish","type":"product","link":"https:\/\/mazolacuputra.lv\/et\/veikals\/putras\/bio-mazo-lacu-putraar-grikiem-aboliem-prosu-un-kirbi-200-gr-6m\/","title":{"rendered":"BIO &#8220;Mazo l\u0101\u010du putra&#8221;ar gri\u0137iem, \u0101boliem, prosu un \u0137irbi 200 gr., 6m+"},"content":{"rendered":"","protected":false},"excerpt":{"rendered":"<p>Biolo\u0123isks graudaugu putras mais\u012bjums b\u0113rniem no 6 m\u0113ne\u0161u vecuma.<\/p>\n<p>Sast\u0101v\u0101: gri\u0137u milti (Latvija) un gri\u0137u kliju milti 65%*,\u00a0\u00a0prosa 25%*, kalt\u0113ti \u0101bolu gabali\u0146i 7%*, kalt\u0113tu \u0137irbju gabali\u0146i 3%*.<\/p>\n<p>*produkti no biolo\u0123isk\u0101s lauksaimniec\u012bbas.<\/p>\n<p>Bez pievienota cukura.<\/p>\n<p>Svars 200gr.<\/p>\n<p><strong>Uzturv\u0113rt\u012bba 100g produkta<\/strong>:<\/p>\n<p><em>Ener\u0123\u0113tisk\u0101 v\u0113rt\u012bba 1382kj\/330 kcal<\/em><\/p>\n<p><em>Tauki 2,34g<\/em><\/p>\n<p><em>tostarp pies\u0101tin\u0101t\u0101s tauksk\u0101bes 0,9g<\/em><\/p>\n<p><em>Og\u013chidr\u0101ti 63g<\/em><\/p>\n<p><em>tostarp cukuri 11g*<\/em><\/p>\n<p><em>Olbaltumvielas13g<\/em><\/p>\n<p><em>\u0160\u0137iedrvielas 10,9g<\/em><\/p>\n<p><em>S\u0101ls 0g**<\/em><\/p>\n<p>*tikai dabisks aug\u013cu cukurs<\/p>\n<p>** dabiska n\u0101trija kl\u0101tb\u016btne<\/p>\n<p>Uzglab\u0101t saus\u0101, v\u0113s\u0101 viet\u0101 l\u012bdz 25 C<\/p>\n<p><em>Produkts var satur\u0113t soju, sezama s\u0113klas, riekstu da\u013ci\u0146as.<\/em><\/p>\n<p>Att\u0113lotais uzskates materi\u0101ls rada priek\u0161statu par produktu, dab\u0101 tas\u00a0 var nedaudz at\u0161\u0137irties.<\/p>\n<p>&nbsp;<\/p>\n<p>Produktam nav pievienots cukurs. Pagatavojams 3 min\u016b\u0161u laik\u0101 nev\u0101rot-pievienojot siltu pienu vai \u016bdeni, ta\u010du ar\u012b varat putru pagatavot , s\u0101kum\u0101 vien\u0101 gl\u0101z\u0113 auksta piena vai \u016bdens ieb\u0113rt 2-3 \u0113d.karotes produkta, izmais\u012bt to un uz pl\u012bts uzkars\u0113t to l\u012bdz pirmajam burbulim.<\/p>\n<p>Produkts at\u0161\u0137iras ar t\u0101 dab\u012bgo gar\u0161u, smar\u017eu un izskatu. Produkt\u0101 tiek izmantota augstv\u0113rt\u012bg\u0101k\u0101 graudaugu, aug\u013cu un d\u0101rze\u0146u produkcija, kas ir ieg\u0101d\u0101ta tikai no Latvijas lab\u0101kaj\u0101m saimniec\u012bb\u0101m. Aug\u013cu daudzums ir 10% no kop\u0113j\u0101s produkta masas, l\u012bdz ar to ir j\u016btama t\u0101 dab\u012bg\u0101 gar\u0161a, gar\u0161as uzlabo\u0161anai nav nepiecie\u0161ams pievienot cukuru.<\/p>\n<p>Ra\u017eot\u0101js:Lat food LP SIA<\/p>\n<p>Adrese: Atmodas, Kuld\u012bgas, novads, Sn\u0113peles pagasts., Latvija<\/p>\n<p>Der.term.8 m\u0113n.<\/p>","protected":false},"featured_media":3109,"comment_status":"open","ping_status":"closed","template":"","meta":[],"product_brand":[],"product_cat":[18],"product_tag":[],"class_list":{"0":"post-526","1":"product","2":"type-product","3":"status-publish","4":"has-post-thumbnail","6":"product_cat-putras","8":"first","9":"instock","10":"sale","11":"featured","12":"taxable","13":"shipping-taxable","14":"purchasable","15":"product-type-simple"},"_links":{"self":[{"href":"https:\/\/mazolacuputra.lv\/et\/wp-json\/wp\/v2\/product\/526","targetHints":{"allow":["GET"]}}],"collection":[{"href":"https:\/\/mazolacuputra.lv\/et\/wp-json\/wp\/v2\/product"}],"about":[{"href":"https:\/\/mazolacuputra.lv\/et\/wp-json\/wp\/v2\/types\/product"}],"replies":[{"embeddable":true,"href":"https:\/\/mazolacuputra.lv\/et\/wp-json\/wp\/v2\/comments?post=526"}],"wp:featuredmedia":[{"embeddable":true,"href":"https:\/\/mazolacuputra.lv\/et\/wp-json\/wp\/v2\/media\/3109"}],"wp:attachment":[{"href":"https:\/\/mazolacuputra.lv\/et\/wp-json\/wp\/v2\/media?parent=526"}],"wp:term":[{"taxonomy":"product_brand","embeddable":true,"href":"https:\/\/mazolacuputra.lv\/et\/wp-json\/wp\/v2\/product_brand?post=526"},{"taxonomy":"product_cat","embeddable":true,"href":"https:\/\/mazolacuputra.lv\/et\/wp-json\/wp\/v2\/product_cat?post=526"},{"taxonomy":"product_tag","embeddable":true,"href":"https:\/\/mazolacuputra.lv\/et\/wp-json\/wp\/v2\/product_tag?post=526"}],"curies":[{"name":"wp","href":"https:\/\/api.w.org\/{rel}","templated":true}]}}