{"id":519,"date":"2023-06-11T23:27:18","date_gmt":"2023-06-11T20:27:18","guid":{"rendered":"https:\/\/mazolacuputra.lv\/?post_type=product&#038;p=519"},"modified":"2026-01-22T13:53:22","modified_gmt":"2026-01-22T10:53:22","slug":"bio-mazo-lacu-putra-3-graudu-putra-ar-aboliem-200gr","status":"publish","type":"product","link":"https:\/\/mazolacuputra.lv\/et\/veikals\/putras\/bio-mazo-lacu-putra-3-graudu-putra-ar-aboliem-200gr\/","title":{"rendered":"BIO &#8220;Mazo l\u0101\u010du putra&#8221; 3 graudu putra ar \u0101boliem, 200gr."},"content":{"rendered":"","protected":false},"excerpt":{"rendered":"<p>&nbsp;<\/p>\n<p>Sast\u0101v\u0101: graudaugi *93%( <strong>pilngraudu auzu milti<\/strong>*(Latvija), prosas milti*, za\u013co gri\u0137u kliju milti*), 7% kalt\u0113ti \u0101bolu gabali\u0146i*<\/p>\n<p>*\u00a0 biolo\u0123isk\u0101s lauksaimniec\u012bbas produkti.<\/p>\n<p>= Pagatavojams 3 min\u016b\u0161u laik\u0101 to nev\u0101rot-pievienojot siltu pienu vai \u016bdeni, ta\u010du ar\u012b varat putru pagatavot , s\u0101kum\u0101 vien\u0101 gl\u0101z\u0113 auksta piena\u00a0 vai \u016bdens ieb\u0113rt 2-3 \u0113d.karotes produkta, izmais\u012bt to un uz pl\u012bts uzkars\u0113t to l\u012bdz pirmajam burbulim.<\/p>\n<p>100 gr. produkta uzturv\u0113rt\u012bba: ener\u0123\u0113tisk\u0101 v\u0113rt\u012bba kj 1471, kcal 348, tauki 4.9, pies\u0101tin\u0101t\u0101s tauks\u0101bes 0.3, og\u013chidr\u0101ti 72.5, tostarp cukuri 10.2**, \u0161\u0137iedrvielas 9.2, olbaltumvielas 6.2 , s\u0101ls 0 g\u00a0 **tikai dab\u012bgs aug\u013cu\/d\u0101rze\u0146u cukurs<\/p>\n<p>Netto svars 200gr.<\/p>\n<p>Uzglab\u0101t saus\u0101, v\u0113s\u0101 viet\u0101 l\u012bdz 25 C<\/p>\n<p>Ra\u017eot\u0101js: Lat food LP SIA<\/p>\n<p>Adrese: Atmodas, Sn\u0113peles pag., Kuld\u012bgas nov., Latvija<\/p>\n<p><em>Produkts var satur\u0113t soju, sezama s\u0113klas, riekstu da\u013ci\u0146as.<\/em><\/p>\n<p>Att\u0113lotais uzskates materi\u0101ls rada priek\u0161statu par produktu, dab\u0101 tas\u00a0 var nedaudz at\u0161\u0137irties.<\/p>\n<p>Der.term.8 m\u0113n.<\/p>","protected":false},"featured_media":4612,"comment_status":"open","ping_status":"closed","template":"","meta":[],"product_brand":[],"product_cat":[18],"product_tag":[],"class_list":{"0":"post-519","1":"product","2":"type-product","3":"status-publish","4":"has-post-thumbnail","6":"product_cat-putras","8":"first","9":"instock","10":"sale","11":"taxable","12":"shipping-taxable","13":"purchasable","14":"product-type-simple"},"_links":{"self":[{"href":"https:\/\/mazolacuputra.lv\/et\/wp-json\/wp\/v2\/product\/519","targetHints":{"allow":["GET"]}}],"collection":[{"href":"https:\/\/mazolacuputra.lv\/et\/wp-json\/wp\/v2\/product"}],"about":[{"href":"https:\/\/mazolacuputra.lv\/et\/wp-json\/wp\/v2\/types\/product"}],"replies":[{"embeddable":true,"href":"https:\/\/mazolacuputra.lv\/et\/wp-json\/wp\/v2\/comments?post=519"}],"wp:featuredmedia":[{"embeddable":true,"href":"https:\/\/mazolacuputra.lv\/et\/wp-json\/wp\/v2\/media\/4612"}],"wp:attachment":[{"href":"https:\/\/mazolacuputra.lv\/et\/wp-json\/wp\/v2\/media?parent=519"}],"wp:term":[{"taxonomy":"product_brand","embeddable":true,"href":"https:\/\/mazolacuputra.lv\/et\/wp-json\/wp\/v2\/product_brand?post=519"},{"taxonomy":"product_cat","embeddable":true,"href":"https:\/\/mazolacuputra.lv\/et\/wp-json\/wp\/v2\/product_cat?post=519"},{"taxonomy":"product_tag","embeddable":true,"href":"https:\/\/mazolacuputra.lv\/et\/wp-json\/wp\/v2\/product_tag?post=519"}],"curies":[{"name":"wp","href":"https:\/\/api.w.org\/{rel}","templated":true}]}}