{"id":517,"date":"2023-06-11T23:25:22","date_gmt":"2023-06-11T20:25:22","guid":{"rendered":"https:\/\/mazolacuputra.lv\/?post_type=product&#038;p=517"},"modified":"2025-09-01T00:02:04","modified_gmt":"2025-08-31T21:02:04","slug":"bio-mazo-lacu-putra-graudaugu-maisijums-ar-piedevam-200gr","status":"publish","type":"product","link":"https:\/\/mazolacuputra.lv\/et\/veikals\/putras\/bio-mazo-lacu-putra-graudaugu-maisijums-ar-piedevam-200gr\/","title":{"rendered":"BEZIEPAKOJUMA &#8211; BIO &#8220;MAZO L\u0100\u010cU PUTRA&#8221;GRAUDAUGU MAIS\u012aJUMS AR PIEDEV\u0100M 200gr."},"content":{"rendered":"","protected":false},"excerpt":{"rendered":"<p>BEZIEPAKOJUMA!! Produktu vairs nepied\u0101v\u0101jam standarta iepakojum\u0101, ta\u010du sast\u0101vs tas pats!<\/p>\n<p>Piem\u0113ram, lai sa\u0146emtu 1 kg produkta- grozam pievieno 5 gb.<\/p>\n<p>Biolo\u0123iski sertific\u0113ts produkts! &#8220;Mazo l\u0101\u010du putra&#8221; graudaugu mais\u012bjums ar piedev\u0101m.<\/p>\n<p>Sast\u0101v\u0101 :pilngraudu auzu p\u0101rslas(Latvija)*, smalcin\u0101tas dateles*, gri\u0137u klijas*, r\u012bsu milti*, kalt\u0113tu upe\u0146u pulveris*, \u0137irbju s\u0113klas*, \u010dia s\u0113klas*.<\/p>\n<p>*biolo\u0123isk\u0101s lauksaimniec\u012bbas produkts.<\/p>\n<p>B\u0113rniem no 12 mene\u0161u vecuma.<\/p>\n<p>Svars 200gr.<\/p>\n<p><strong>Uzturv\u0113rt\u012bba 100g produkta<\/strong>:<\/p>\n<p><em>Ener\u0123\u0113tisk\u0101 v\u0113rt\u012bba 1420 kj\/340 kcal<\/em><\/p>\n<p><em>Tauki 6 g<\/em><\/p>\n<p><em>tostarp pies\u0101tin\u0101t\u0101s tauksk\u0101bes 0 g<\/em><\/p>\n<p><em>Og\u013chidr\u0101ti 55g<\/em><\/p>\n<p><em>tostarp cukuri 13g**<\/em><\/p>\n<p><em>Olbaltumvielas 15 g<\/em><\/p>\n<p><em>\u0160\u0137iedrvielas 8.1 g<\/em><\/p>\n<p><em>S\u0101ls 0,03 g***<\/em><\/p>\n<p>**tikai dabisks aug\u013cu cukurs<\/p>\n<p>***dabiska n\u0101trija kl\u0101tb\u016btne<\/p>\n<p>Uzglab\u0101t saus\u0101, v\u0113s\u0101 viet\u0101 l\u012bdz 25 C<\/p>\n<p>Att\u0113lotais uzskates materi\u0101ls rada priek\u0161statu par produktu, dab\u0101 tas\u00a0 var nedaudz at\u0161\u0137irties.<\/p>\n<p>Ra\u017eot\u0101js:Lat food LP SIA<\/p>\n<p>Adrese: Atmodas, Kuld\u012bgas novads, Sn\u0113peles pagasts, Latvija<\/p>\n<p><em>Produkts var satur\u0113t soju, sezama s\u0113klas, riekstu da\u013ci\u0146as.<\/em><\/p>\n<p>Der.term.8 m\u0113n.<\/p>\n<p>Bez pievienota cukura vai sint\u0113tisk\u0101m piedev\u0101m, bez E viel\u0101m. Produkts lietojams k\u0101 brokastu putra, produktu apelejot ar siltu pienu (tai skait\u0101 augu piens) vai \u016bdeni, briedinot 5 min., gan lietojot k\u0101 piedevu sm\u016btijiem vai vesel\u012bgu na\u0161\u0137u pagatavo\u0161anai.<\/p>\n<div>\n<p>\u00a0Recepte gardiem \u0161okol\u0101des cepumiem :<\/p>\n<div>\u0146emiet 150 gr.produkta un nedaudz apcepiet uz sakars\u0113tas pannas, kad tas k\u013cuvis pavisam nedaudz zeltaini br\u016bns, no\u0146emiet no pannas un\u00a0 atdzes\u0113jiet, tad pievienojiet divas sakultas olas, vani\u013cu vai vani\u013cas cukuru, 6 \u0113d.karotes labas kvalit\u0101tes e\u013c\u013cu vai 120 gr. izkaus\u0113ta sviesta,\u00a0 \u0161okol\u0101des gabali\u0146us\u00a0 15-20 gr. (v\u0113lams tum\u0161\u0101 \u0161okol\u0101de) un \u0161\u0137ipsni\u0146u s\u0101ls. Papildus cukura lieto\u0161ana nav nepiecie\u0161ama, ta\u010du,ja tom\u0113r v\u0113laties nedaudz sald\u0101kus , lietojiet alternat\u012bvos saldin\u0101t\u0101jus-k\u013cavu , agavas vai date\u013cu s\u012brupu. Kad masa gatava to uz cepam\u0101 pap\u012bra izk\u0101rtojiet mazos masas pikuc\u012b\u0161os vai pl\u0101cen\u012b\u0161os un cepiet 15-20 min.( atkar\u012bgs no cepumi\u0146u lieluma un biezuma) cepe\u0161kr\u0101sn\u012b 180 gr\u0101dos. Gatavi, kad cepumu mali\u0146a k\u013cuvusi izteikti br\u016bna. Lai labi gar\u0161o!<\/div>\n<\/div>","protected":false},"featured_media":3096,"comment_status":"open","ping_status":"closed","template":"","meta":[],"product_brand":[],"product_cat":[18],"product_tag":[],"class_list":{"0":"post-517","1":"product","2":"type-product","3":"status-publish","4":"has-post-thumbnail","6":"product_cat-putras","8":"first","9":"instock","10":"taxable","11":"shipping-taxable","12":"purchasable","13":"product-type-simple"},"_links":{"self":[{"href":"https:\/\/mazolacuputra.lv\/et\/wp-json\/wp\/v2\/product\/517","targetHints":{"allow":["GET"]}}],"collection":[{"href":"https:\/\/mazolacuputra.lv\/et\/wp-json\/wp\/v2\/product"}],"about":[{"href":"https:\/\/mazolacuputra.lv\/et\/wp-json\/wp\/v2\/types\/product"}],"replies":[{"embeddable":true,"href":"https:\/\/mazolacuputra.lv\/et\/wp-json\/wp\/v2\/comments?post=517"}],"wp:featuredmedia":[{"embeddable":true,"href":"https:\/\/mazolacuputra.lv\/et\/wp-json\/wp\/v2\/media\/3096"}],"wp:attachment":[{"href":"https:\/\/mazolacuputra.lv\/et\/wp-json\/wp\/v2\/media?parent=517"}],"wp:term":[{"taxonomy":"product_brand","embeddable":true,"href":"https:\/\/mazolacuputra.lv\/et\/wp-json\/wp\/v2\/product_brand?post=517"},{"taxonomy":"product_cat","embeddable":true,"href":"https:\/\/mazolacuputra.lv\/et\/wp-json\/wp\/v2\/product_cat?post=517"},{"taxonomy":"product_tag","embeddable":true,"href":"https:\/\/mazolacuputra.lv\/et\/wp-json\/wp\/v2\/product_tag?post=517"}],"curies":[{"name":"wp","href":"https:\/\/api.w.org\/{rel}","templated":true}]}}