{"id":514,"date":"2023-06-11T23:22:29","date_gmt":"2023-06-11T20:22:29","guid":{"rendered":"https:\/\/mazolacuputra.lv\/?post_type=product&#038;p=514"},"modified":"2026-03-02T17:39:51","modified_gmt":"2026-03-02T14:39:51","slug":"bio-mazo-lacu-putra-ar-pilngraudu-auzam-plumem-un-aboliem-200-gr","status":"publish","type":"product","link":"https:\/\/mazolacuputra.lv\/et\/veikals\/putras\/bio-mazo-lacu-putra-ar-pilngraudu-auzam-plumem-un-aboliem-200-gr\/","title":{"rendered":"BIO &#8220;Mazo l\u0101\u010du putra&#8221; ar pilngraudu auz\u0101m, pl\u016bm\u0113m un \u0101boliem , 200 gr."},"content":{"rendered":"","protected":false},"excerpt":{"rendered":"<p>Biolo\u0123isks produkts. Sast\u0101vv\u0101:\u00a0 <strong>pilngraudu auzu milti<\/strong>* (Latvija)73%, r\u012bsu milti*20%,\u00a0 kalt\u0113ti \u0101bolu gabali\u0146i*5%,\u00a0 kalt\u0113tu pl\u016bmju gabali\u0146i 2%.<\/p>\n<p>*biolo\u0123isk\u0101s lauksaimniec\u012bbas produkts<\/p>\n<p>100 gr. produkta uzturv\u0113rt\u012bba: ener\u0123\u0113tisk\u0101 v\u0113rt\u012bba kj1330, kcal 310,, tauki 4, tostarp pies\u0101tin\u0101t\u0101s tauks\u0101bes 0.7, og\u013chidr\u0101ti 59,5, tostarp cukuri 8,5**, \u0161\u0137iedrvielas 10,0, olbaltumvielas 10,5, s\u0101ls 0 g ;\u00a0 **tikai dabisks aug\u013cu\/d\u0101rze\u0146u cukurs.<\/p>\n<p>Tilpums: 200 gr.<\/p>\n<p>Produktam nav pievienots cukurs. Pagatavojams 3 min\u016b\u0161u laik\u0101 nev\u0101rot to-, pievienojot siltu pienu vai \u016bdeni, ta\u010du ar\u012b varat putru pagatavot , s\u0101kum\u0101 vien\u0101 gl\u0101z\u0113 auksta piena vai \u016bdens ieb\u0113rt 2-3 \u0113d.karotes produkta, izmais\u012bt to un uz pl\u012bts uzkars\u0113t to l\u012bdz pirmajam burbulim.<\/p>\n<p>Uzgab\u0101ts saus\u0101, v\u0113s\u0101 viet\u0101, l\u012bdz 25 C<\/p>\n<p>Ra\u017eot\u0101js: Lat food LP SIA<\/p>\n<p><em>Produkts var satur\u0113t soju, sezama s\u0113klas, riekstu da\u013ci\u0146as.<\/em><\/p>\n<div>Produkts at\u0161\u0137iras ar t\u0101 dab\u012bgo gar\u0161u, smar\u017eu un izskatu. Produkt\u0101 tiek izmantota augstv\u0113rt\u012bg\u0101k\u0101 graudaugu, aug\u013cu un d\u0101rze\u0146u produkcija, kas ir ieg\u0101d\u0101ta tikai no Latvijas lab\u0101kaj\u0101m saimniec\u012bb\u0101m. Aug\u013cu daudzums ir 7% no kop\u0113j\u0101s produkta masas, l\u012bdz ar to ir j\u016btama t\u0101 dab\u012bg\u0101 gar\u0161a, gar\u0161as uzlabo\u0161anai nav nepiecie\u0161ams pievienot cukuru.<\/div>\n<p>Der.term.8 m\u0113n.<\/p>","protected":false},"featured_media":4610,"comment_status":"open","ping_status":"closed","template":"","meta":[],"product_brand":[],"product_cat":[18],"product_tag":[],"class_list":{"0":"post-514","1":"product","2":"type-product","3":"status-publish","4":"has-post-thumbnail","6":"product_cat-putras","8":"first","9":"instock","10":"featured","11":"taxable","12":"shipping-taxable","13":"purchasable","14":"product-type-simple"},"_links":{"self":[{"href":"https:\/\/mazolacuputra.lv\/et\/wp-json\/wp\/v2\/product\/514","targetHints":{"allow":["GET"]}}],"collection":[{"href":"https:\/\/mazolacuputra.lv\/et\/wp-json\/wp\/v2\/product"}],"about":[{"href":"https:\/\/mazolacuputra.lv\/et\/wp-json\/wp\/v2\/types\/product"}],"replies":[{"embeddable":true,"href":"https:\/\/mazolacuputra.lv\/et\/wp-json\/wp\/v2\/comments?post=514"}],"wp:featuredmedia":[{"embeddable":true,"href":"https:\/\/mazolacuputra.lv\/et\/wp-json\/wp\/v2\/media\/4610"}],"wp:attachment":[{"href":"https:\/\/mazolacuputra.lv\/et\/wp-json\/wp\/v2\/media?parent=514"}],"wp:term":[{"taxonomy":"product_brand","embeddable":true,"href":"https:\/\/mazolacuputra.lv\/et\/wp-json\/wp\/v2\/product_brand?post=514"},{"taxonomy":"product_cat","embeddable":true,"href":"https:\/\/mazolacuputra.lv\/et\/wp-json\/wp\/v2\/product_cat?post=514"},{"taxonomy":"product_tag","embeddable":true,"href":"https:\/\/mazolacuputra.lv\/et\/wp-json\/wp\/v2\/product_tag?post=514"}],"curies":[{"name":"wp","href":"https:\/\/api.w.org\/{rel}","templated":true}]}}