{"id":4709,"date":"2025-12-27T15:53:48","date_gmt":"2025-12-27T12:53:48","guid":{"rendered":"https:\/\/mazolacuputra.lv\/?post_type=product&#038;p=4709"},"modified":"2026-01-06T16:41:55","modified_gmt":"2026-01-06T13:41:55","slug":"riekstu-praline","status":"publish","type":"product","link":"https:\/\/mazolacuputra.lv\/et\/veikals\/sadarbibas-partneri\/riekstu-praline\/","title":{"rendered":"RIEKSTU PRALIN\u0112"},"content":{"rendered":"","protected":false},"excerpt":{"rendered":"<p><b>Pralin\u0113<\/b><\/p>\n<p><span style=\"font-weight: 400;\">Sast\u0101vda\u013cas: riekstu-s\u0113klu mais\u012bjums 57,2% (<\/span><span style=\"font-weight: 400;\">mandeles <\/span><span style=\"font-weight: 400;\">(ASV)<\/span><span style=\"font-weight: 400;\">, zemesrieksti, lazdu rieksti, Indijas riekst<\/span><span style=\"font-weight: 400;\">i, saulespu\u0137u s\u0113klas), cukurs 42,8%,gar\u0161vielu mais\u012bjums (ceil.kan\u0113lis, kardamona s\u0113kl., koriandrs, ingvers,Indijas melnie pipari, smar\u017e.pipari, krustangl.,kadi\u0137ogas, an\u012bsa s\u0113kl.apels\u012bnu miz., k\u016bpin\u0101ts\u00a0 cukurs).Uzturv\u0113rt\u012bba uz 100 gr.produkta: 2037kj\/485 kcal, tauki 25,9g, tostarp pies\u0101tin\u0101t\u0101s tauksk\u0101bes 2,22g, og\u013chidr\u0101ti 59,59g- tostarp cukuri 55g;, olbaltumvielas 3,3 g, s\u0101ls 0,3g. NETTO 70 gr .Uzglab\u0101t saus\u0101 viet\u0101, istabas temperat\u016br\u0101.<\/span><\/p>","protected":false},"featured_media":4708,"comment_status":"open","ping_status":"closed","template":"","meta":[],"product_brand":[],"product_cat":[27],"product_tag":[],"class_list":{"0":"post-4709","1":"product","2":"type-product","3":"status-publish","4":"has-post-thumbnail","6":"product_cat-sadarbibas-partneri","8":"first","9":"instock","10":"sale","11":"taxable","12":"shipping-taxable","13":"purchasable","14":"product-type-simple"},"_links":{"self":[{"href":"https:\/\/mazolacuputra.lv\/et\/wp-json\/wp\/v2\/product\/4709","targetHints":{"allow":["GET"]}}],"collection":[{"href":"https:\/\/mazolacuputra.lv\/et\/wp-json\/wp\/v2\/product"}],"about":[{"href":"https:\/\/mazolacuputra.lv\/et\/wp-json\/wp\/v2\/types\/product"}],"replies":[{"embeddable":true,"href":"https:\/\/mazolacuputra.lv\/et\/wp-json\/wp\/v2\/comments?post=4709"}],"wp:featuredmedia":[{"embeddable":true,"href":"https:\/\/mazolacuputra.lv\/et\/wp-json\/wp\/v2\/media\/4708"}],"wp:attachment":[{"href":"https:\/\/mazolacuputra.lv\/et\/wp-json\/wp\/v2\/media?parent=4709"}],"wp:term":[{"taxonomy":"product_brand","embeddable":true,"href":"https:\/\/mazolacuputra.lv\/et\/wp-json\/wp\/v2\/product_brand?post=4709"},{"taxonomy":"product_cat","embeddable":true,"href":"https:\/\/mazolacuputra.lv\/et\/wp-json\/wp\/v2\/product_cat?post=4709"},{"taxonomy":"product_tag","embeddable":true,"href":"https:\/\/mazolacuputra.lv\/et\/wp-json\/wp\/v2\/product_tag?post=4709"}],"curies":[{"name":"wp","href":"https:\/\/api.w.org\/{rel}","templated":true}]}}