{"id":4704,"date":"2025-12-27T15:48:53","date_gmt":"2025-12-27T12:48:53","guid":{"rendered":"https:\/\/mazolacuputra.lv\/?post_type=product&#038;p=4704"},"modified":"2026-01-05T12:11:34","modified_gmt":"2026-01-05T09:11:34","slug":"svetku-mix","status":"publish","type":"product","link":"https:\/\/mazolacuputra.lv\/et\/veikals\/sadarbibas-partneri\/svetku-mix\/","title":{"rendered":"SV\u0112TKU MIX"},"content":{"rendered":"","protected":false},"excerpt":{"rendered":"<p>&nbsp;<\/p>\n<p><b>\u00a0Apels\u012bnu marmel\u0101de ar ingveru<\/b><span style=\"font-weight: 400;\"> . Sast\u0101vda\u013cas:cukurs, glikozes s\u012brups, apels\u012bnu sula,\u00a0 pekt\u012bns (recin\u0101t\u0101js), citronsk\u0101be (sk\u0101buma regul\u0113t\u0101js), ingvera pulveris),Uzturv\u0113rt\u012bba-100g produkta satur: Ener\u0123\u0113tisk\u0101 v\u0113rt\u012bba 1445kJ\/340kcal, tauki 0,8g tostarp pies\u0101tin\u0101t\u0101s tauksk\u0101bes 0,1g, og\u013chidr\u0101ti 81,0g tostarp cukuri 73,0g, olbaltumvielas 0,2g, \u0161\u0137iedrvielas 2,2g, s\u0101ls\u00a0<\/span><\/p>\n<p><b>Graudaugu biti\u0146i baltaj\u0101 \u0161okol\u0101d\u0113. <\/b><span style=\"font-weight: 400;\">Sast\u0101vda\u013cas: Be\u013c\u0123u balt\u0101 \u0161okol\u0101de 66% (cukurs, kakao sviests, pilnPIENApulveris, SOJASlecit\u012bns, arom\u0101ts), graudaugu p\u0101rslas 22% (RUDZU milti, pilngraudu AUZAS, glikozes s\u012brups, j\u016bras s\u0101ls), ogas 12% (dz\u0113rvenes, avenes, cukurs)Uzturv\u0113rt\u012bba: 100g produkta satur:Ener\u0123\u0113tiskas v\u0113rt\u012bba \u20132077kJ (496kcal), Tauki \u2013 23,9g, tostarp: pies\u0101tin\u0101t\u0101s tauksk\u0101bes \u2013 14,3g, Og\u013chidr\u0101ti \u2013 62,2g, tostarp: cukuri 46,7g, Olbaltumvielas \u2013 6,3g, \u0160\u0137iedrvielas 3,6g, S\u0101ls \u2013 0,2g<\/span><\/p>\n<p><b>\u00a0Zemenes baltaj\u0101 \u0161okol\u0101d\u0113<\/b><span style=\"font-weight: 400;\">:Sast\u0101vda\u013cas:Balt\u0101 \u0161okol\u0101de (Be\u013c\u0123ija)((cukurs, kakao sviests, pilnPIENA pulveris, emulgators: SOJAS lecit\u012bns (E322), dab\u012bgs vani\u013cas aromatiz\u0113t\u0101js., kakao saturs vismaz 30%),sublim\u0113ta zemene, kr\u0101sviela-bie\u0161u pulveris..Uzturv\u0113rt\u012bba uz 100 gr.produkta: 2289 kJ\/ 547 kcal,, tauki 32,4g, tostarp pies\u0101tin\u0101t\u0101s tauksk\u0101bes 12,3g, og\u013chidr\u0101ti 58g- tostarp cukuri 57g;, olbaltumvielas 5,9g, s\u0101ls 1g Ra\u017eots Latvij\u0101 p\u0113c SIA Lat food LP pas\u016bt\u012bjuma.<\/span><\/p>\n<p><span style=\"font-weight: 400;\">Neto: 100g (+\/-2 g).<\/span><\/p>","protected":false},"featured_media":4705,"comment_status":"open","ping_status":"closed","template":"","meta":[],"product_brand":[],"product_cat":[27],"product_tag":[],"class_list":{"0":"post-4704","1":"product","2":"type-product","3":"status-publish","4":"has-post-thumbnail","6":"product_cat-sadarbibas-partneri","8":"first","9":"instock","10":"sale","11":"taxable","12":"shipping-taxable","13":"purchasable","14":"product-type-simple"},"_links":{"self":[{"href":"https:\/\/mazolacuputra.lv\/et\/wp-json\/wp\/v2\/product\/4704","targetHints":{"allow":["GET"]}}],"collection":[{"href":"https:\/\/mazolacuputra.lv\/et\/wp-json\/wp\/v2\/product"}],"about":[{"href":"https:\/\/mazolacuputra.lv\/et\/wp-json\/wp\/v2\/types\/product"}],"replies":[{"embeddable":true,"href":"https:\/\/mazolacuputra.lv\/et\/wp-json\/wp\/v2\/comments?post=4704"}],"wp:featuredmedia":[{"embeddable":true,"href":"https:\/\/mazolacuputra.lv\/et\/wp-json\/wp\/v2\/media\/4705"}],"wp:attachment":[{"href":"https:\/\/mazolacuputra.lv\/et\/wp-json\/wp\/v2\/media?parent=4704"}],"wp:term":[{"taxonomy":"product_brand","embeddable":true,"href":"https:\/\/mazolacuputra.lv\/et\/wp-json\/wp\/v2\/product_brand?post=4704"},{"taxonomy":"product_cat","embeddable":true,"href":"https:\/\/mazolacuputra.lv\/et\/wp-json\/wp\/v2\/product_cat?post=4704"},{"taxonomy":"product_tag","embeddable":true,"href":"https:\/\/mazolacuputra.lv\/et\/wp-json\/wp\/v2\/product_tag?post=4704"}],"curies":[{"name":"wp","href":"https:\/\/api.w.org\/{rel}","templated":true}]}}