{"id":4689,"date":"2025-12-27T14:06:37","date_gmt":"2025-12-27T11:06:37","guid":{"rendered":"https:\/\/mazolacuputra.lv\/?post_type=product&#038;p=4689"},"modified":"2026-01-13T16:23:51","modified_gmt":"2026-01-13T13:23:51","slug":"tumsa-sokolade-ar-grauzdetam-mandelem-mini","status":"publish","type":"product","link":"https:\/\/mazolacuputra.lv\/et\/veikals\/sadarbibas-partneri\/tumsa-sokolade-ar-grauzdetam-mandelem-mini\/","title":{"rendered":"TUM\u0160\u00c0 \u0160OKOL\u0100DE AR GRAUZD\u0112T\u0100M MANDEL\u0112M , MINI"},"content":{"rendered":"","protected":false},"excerpt":{"rendered":"<p>Tum\u0161\u0101 \u0161okol\u0101de ar grauzd\u0113t\u0101m mandel\u0113m<\/p>\n<p>SAST\u0100VDA\u013bAS: tum\u0161\u0101 \u0161okol\u0101des 97%(Be\u013c\u0123ija) (kakao masa,cukurs,kakao sviests, emulgators- sojas lecit\u012bns,dab\u012bgs vani\u013cas aromatiz\u0113t\u0101js. Kakao saturs nav maz\u0101ks par 60% ) , grauzd\u0113tas MANDELES(mandeles, cukurs).Uzturv\u0113rt\u012bba:100 gr.produkts satur: Ener\u0123\u0113tisk\u0101 v\u0113rt\u012bba 2357 kJ \/ 567 kcal;; tauki 38,4 g,-tostarp pies\u0101tin\u0101t\u0101s tauksk\u0101bes 23,4 g;,og\u013chidr\u0101ti 44,4 g,-tostarp cukuri 38,9 g; \u0161\u0137iedrvielas 8,9 g; olbaltumvielas 6,6 g;<\/p>\n<p>s\u0101ls 0,003g..Ieteicams l\u012bdz:uz iepakojuma. Ra\u017eot\u0101js: Lat food LP SIA; sazi\u0146ai:<a href=\"mailto:birojs@mazolacuputra.lv\">birojs@mazolacuputra.lv<\/a>. Uzglab\u0101t istabas temperat\u016br\u0101. NETTO 30 gr.<br \/>\nIepakojums-caursp\u012bd\u012bga pl\u0113ve<\/p>","protected":false},"featured_media":4690,"comment_status":"open","ping_status":"closed","template":"","meta":[],"product_brand":[],"product_cat":[27],"product_tag":[],"class_list":{"0":"post-4689","1":"product","2":"type-product","3":"status-publish","4":"has-post-thumbnail","6":"product_cat-sadarbibas-partneri","8":"first","9":"instock","10":"sale","11":"taxable","12":"shipping-taxable","13":"purchasable","14":"product-type-simple"},"_links":{"self":[{"href":"https:\/\/mazolacuputra.lv\/et\/wp-json\/wp\/v2\/product\/4689","targetHints":{"allow":["GET"]}}],"collection":[{"href":"https:\/\/mazolacuputra.lv\/et\/wp-json\/wp\/v2\/product"}],"about":[{"href":"https:\/\/mazolacuputra.lv\/et\/wp-json\/wp\/v2\/types\/product"}],"replies":[{"embeddable":true,"href":"https:\/\/mazolacuputra.lv\/et\/wp-json\/wp\/v2\/comments?post=4689"}],"wp:featuredmedia":[{"embeddable":true,"href":"https:\/\/mazolacuputra.lv\/et\/wp-json\/wp\/v2\/media\/4690"}],"wp:attachment":[{"href":"https:\/\/mazolacuputra.lv\/et\/wp-json\/wp\/v2\/media?parent=4689"}],"wp:term":[{"taxonomy":"product_brand","embeddable":true,"href":"https:\/\/mazolacuputra.lv\/et\/wp-json\/wp\/v2\/product_brand?post=4689"},{"taxonomy":"product_cat","embeddable":true,"href":"https:\/\/mazolacuputra.lv\/et\/wp-json\/wp\/v2\/product_cat?post=4689"},{"taxonomy":"product_tag","embeddable":true,"href":"https:\/\/mazolacuputra.lv\/et\/wp-json\/wp\/v2\/product_tag?post=4689"}],"curies":[{"name":"wp","href":"https:\/\/api.w.org\/{rel}","templated":true}]}}