{"id":4687,"date":"2025-12-27T14:03:05","date_gmt":"2025-12-27T11:03:05","guid":{"rendered":"https:\/\/mazolacuputra.lv\/?post_type=product&#038;p=4687"},"modified":"2026-01-13T16:23:51","modified_gmt":"2026-01-13T13:23:51","slug":"piens-sokolade-mini-ar-aplesiniem","status":"publish","type":"product","link":"https:\/\/mazolacuputra.lv\/et\/veikals\/sadarbibas-partneri\/piens-sokolade-mini-ar-aplesiniem\/","title":{"rendered":"PIENS \u0160OKOL\u0100DE MINI AR APLES\u012aNIEM"},"content":{"rendered":"","protected":false},"excerpt":{"rendered":"<p>Piena \u0161okol\u0101de ar apels\u012bnu<\/p>\n<p>SAST\u0100VDA\u013bAS: Piena \u0161okol\u0101de 98% (Be\u013c\u0123ija) (cukurs, kakao sviests, PILNPIENA pulveris, kakao masa, emulgators: SOJAS lecit\u012bns (E322),\u00a0 dab\u012bgs vani\u013cas aromatiz\u0113t\u0101js , kakao saturs vismaz 34%), apels\u012bna suk\u0101des(apels\u012bnu miza, glikozes-fruktozes s\u012brups, cukurs, sk\u0101buma regul\u0113t\u0101js E330 (citronsk\u0101be), Uzturv\u0113rt\u012bba:100 gr.produkts satur: Ener\u0123\u0113tisk\u0101 v\u0113rt\u012bba 2250 kJ \/ 538 kcal;; tauki 33g,-tostarp pies\u0101tin\u0101t\u0101s tauksk\u0101bes 20,1 g;,og\u013chidr\u0101ti 53,2 g,-tostarp cukuri 52,2 g;; olbaltumvielas 6,5 g;,s\u0101ls 0g..Ieteicams l\u012bdz:uz iepakojuma. Ra\u017eot\u0101js: Lat food LP SIA.Uzglab\u0101t istabas temperat\u016br\u0101. NETTO 30 gr.<\/p>\n<p>Iepakojums-caursp\u012bd\u012bga pl\u0113ve<\/p>","protected":false},"featured_media":4688,"comment_status":"open","ping_status":"closed","template":"","meta":[],"product_brand":[],"product_cat":[27],"product_tag":[],"class_list":{"0":"post-4687","1":"product","2":"type-product","3":"status-publish","4":"has-post-thumbnail","6":"product_cat-sadarbibas-partneri","8":"first","9":"instock","10":"sale","11":"taxable","12":"shipping-taxable","13":"purchasable","14":"product-type-simple"},"_links":{"self":[{"href":"https:\/\/mazolacuputra.lv\/et\/wp-json\/wp\/v2\/product\/4687","targetHints":{"allow":["GET"]}}],"collection":[{"href":"https:\/\/mazolacuputra.lv\/et\/wp-json\/wp\/v2\/product"}],"about":[{"href":"https:\/\/mazolacuputra.lv\/et\/wp-json\/wp\/v2\/types\/product"}],"replies":[{"embeddable":true,"href":"https:\/\/mazolacuputra.lv\/et\/wp-json\/wp\/v2\/comments?post=4687"}],"wp:featuredmedia":[{"embeddable":true,"href":"https:\/\/mazolacuputra.lv\/et\/wp-json\/wp\/v2\/media\/4688"}],"wp:attachment":[{"href":"https:\/\/mazolacuputra.lv\/et\/wp-json\/wp\/v2\/media?parent=4687"}],"wp:term":[{"taxonomy":"product_brand","embeddable":true,"href":"https:\/\/mazolacuputra.lv\/et\/wp-json\/wp\/v2\/product_brand?post=4687"},{"taxonomy":"product_cat","embeddable":true,"href":"https:\/\/mazolacuputra.lv\/et\/wp-json\/wp\/v2\/product_cat?post=4687"},{"taxonomy":"product_tag","embeddable":true,"href":"https:\/\/mazolacuputra.lv\/et\/wp-json\/wp\/v2\/product_tag?post=4687"}],"curies":[{"name":"wp","href":"https:\/\/api.w.org\/{rel}","templated":true}]}}