{"id":4305,"date":"2025-05-16T16:35:49","date_gmt":"2025-05-16T13:35:49","guid":{"rendered":"https:\/\/mazolacuputra.lv\/?post_type=product&#038;p=4305"},"modified":"2026-04-04T09:48:17","modified_gmt":"2026-04-04T06:48:17","slug":"bezglutena-prosas-bananu-putra-bio-70gr","status":"publish","type":"product","link":"https:\/\/mazolacuputra.lv\/et\/veikals\/putras\/bezglutena-prosas-bananu-putra-bio-70gr\/","title":{"rendered":"BEZGLUT\u0112NA PROSAS-BAN\u0100NU PUTRA, BIO, 5m+"},"content":{"rendered":"","protected":false},"excerpt":{"rendered":"<p>Sertific\u0113ts bezglut\u0113na produkts.<\/p>\n<p>Sast\u0101v\u0101: prosas milti(Polija)*, sublim\u0113tu ban\u0101nu pulveris 2%*<\/p>\n<p>*biolo\u0123isk\u0101s lauksmainiec\u012bbas izejvielas<\/p>\n<p>Uzturv\u0113rt\u012bba:100g. produkta satur: ener\u0123\u0113tisk\u0101 v\u0113rt\u012bba 1572kj\/ 372kcal, tauki 2,7g- tostarp pies\u0101tin\u0101t\u0101s tauksk\u0101bes 0,0,28g, og\u013chidr\u0101ti 75,6g- tostarp cukuri 5,4**g, olbaltumvielas 10,4g, s\u0101ls 0,03g.<br \/>\n**bez pievienota cukura<\/p>\n<p><span style=\"font-weight: 400;\">Pagatavo\u0161ana:15 gr.produkta sajauc ar 75 ml l\u012bdz 50 gr\u0101diem atdzes\u0113tu \u016bdeni , piena mais\u012bjumu vai m\u0101tes pienu. Uzbriedina 2-3 min\u016btes.\u00a0<\/span><\/p>\n<p>Paredz\u0113ts mazu\u013ciem no 5 m\u0113ne\u0161u vecuma.<\/p>\n<p>Tilpums: 70 gr.<\/p>\n<p>Ra\u017eot\u0101js: Lat food LP SIA, Kuld\u012bga, Latvija<\/p>","protected":false},"featured_media":4609,"comment_status":"open","ping_status":"closed","template":"","meta":[],"product_brand":[],"product_cat":[18],"product_tag":[],"class_list":{"0":"post-4305","1":"product","2":"type-product","3":"status-publish","4":"has-post-thumbnail","6":"product_cat-putras","8":"first","9":"instock","10":"sale","11":"taxable","12":"shipping-taxable","13":"purchasable","14":"product-type-simple"},"_links":{"self":[{"href":"https:\/\/mazolacuputra.lv\/et\/wp-json\/wp\/v2\/product\/4305","targetHints":{"allow":["GET"]}}],"collection":[{"href":"https:\/\/mazolacuputra.lv\/et\/wp-json\/wp\/v2\/product"}],"about":[{"href":"https:\/\/mazolacuputra.lv\/et\/wp-json\/wp\/v2\/types\/product"}],"replies":[{"embeddable":true,"href":"https:\/\/mazolacuputra.lv\/et\/wp-json\/wp\/v2\/comments?post=4305"}],"wp:featuredmedia":[{"embeddable":true,"href":"https:\/\/mazolacuputra.lv\/et\/wp-json\/wp\/v2\/media\/4609"}],"wp:attachment":[{"href":"https:\/\/mazolacuputra.lv\/et\/wp-json\/wp\/v2\/media?parent=4305"}],"wp:term":[{"taxonomy":"product_brand","embeddable":true,"href":"https:\/\/mazolacuputra.lv\/et\/wp-json\/wp\/v2\/product_brand?post=4305"},{"taxonomy":"product_cat","embeddable":true,"href":"https:\/\/mazolacuputra.lv\/et\/wp-json\/wp\/v2\/product_cat?post=4305"},{"taxonomy":"product_tag","embeddable":true,"href":"https:\/\/mazolacuputra.lv\/et\/wp-json\/wp\/v2\/product_tag?post=4305"}],"curies":[{"name":"wp","href":"https:\/\/api.w.org\/{rel}","templated":true}]}}