{"id":4303,"date":"2025-05-16T16:28:19","date_gmt":"2025-05-16T13:28:19","guid":{"rendered":"https:\/\/mazolacuputra.lv\/?post_type=product&#038;p=4303"},"modified":"2026-03-02T17:38:42","modified_gmt":"2026-03-02T14:38:42","slug":"bezglutenu-risu-putra-ar-kirbjiem-bio-15gr","status":"publish","type":"product","link":"https:\/\/mazolacuputra.lv\/et\/veikals\/putras\/bezglutenu-risu-putra-ar-kirbjiem-bio-15gr\/","title":{"rendered":"BEZGLUT\u0112NA R\u012aSU PUTRA AR \u0136IRBJIEM, BIO,5m+"},"content":{"rendered":"","protected":false},"excerpt":{"rendered":"<p><span style=\"font-weight: 400;\">\u00a0<\/span><\/p>\n<p>Sertific\u0113ts bezglut\u0113na produkts.<\/p>\n<p><span style=\"font-weight: 400;\">Sast\u0101v\u0101:<\/span><\/p>\n<p><b>sast\u0101v\u0101: r\u012bsu milti 75%(It\u0101lija)<\/b><b><i>, <\/i><\/b><b>auzu milti (bezglut\u0113na)*, p\u0101rstr\u0101d\u0101ta \u0137irbja pulveris 4%*<\/b><\/p>\n<p><b>*biolo\u0123isk\u0101s lauksaimniec\u012bbas izejvielas<\/b><\/p>\n<p><span style=\"font-weight: 400;\">\u00a0Uzturv\u0113rt\u012bba:100g. produkta satur: ener\u0123\u0113tisk\u0101 v\u0113rt\u012bba 1638kj\/ 387kcal, tauki 5,4g- tostarp pies\u0101tin\u0101t\u0101s tauksk\u0101bes 0,4g, og\u013chidr\u0101ti 68g- tostarp cukuri 1**g, olbaltumvielas 13g, s\u0101ls 0g.**<\/span><b>bez pievienota cukura<\/b><\/p>\n<p>Pagatavo\u0161ana: iepakojumu sast\u0101vu sajauc ar 75 ml l\u012bdz 50 gr\u0101diem atdzes\u0113tu \u016bdeni , piena mais\u012bjumu vai m\u0101tes pienu. Uzbriedina 2-3 min\u016btes.<\/p>\n<p>Tilpums 15 gr.\/viena porcija<\/p>\n<p>Ra\u017eot\u0101js: Lat food LP SIA, Kuld\u012bga , Latvija<\/p>","protected":false},"featured_media":4304,"comment_status":"open","ping_status":"closed","template":"","meta":[],"product_brand":[],"product_cat":[18],"product_tag":[],"class_list":{"0":"post-4303","1":"product","2":"type-product","3":"status-publish","4":"has-post-thumbnail","6":"product_cat-putras","8":"first","9":"instock","10":"taxable","11":"shipping-taxable","12":"purchasable","13":"product-type-simple"},"_links":{"self":[{"href":"https:\/\/mazolacuputra.lv\/et\/wp-json\/wp\/v2\/product\/4303","targetHints":{"allow":["GET"]}}],"collection":[{"href":"https:\/\/mazolacuputra.lv\/et\/wp-json\/wp\/v2\/product"}],"about":[{"href":"https:\/\/mazolacuputra.lv\/et\/wp-json\/wp\/v2\/types\/product"}],"replies":[{"embeddable":true,"href":"https:\/\/mazolacuputra.lv\/et\/wp-json\/wp\/v2\/comments?post=4303"}],"wp:featuredmedia":[{"embeddable":true,"href":"https:\/\/mazolacuputra.lv\/et\/wp-json\/wp\/v2\/media\/4304"}],"wp:attachment":[{"href":"https:\/\/mazolacuputra.lv\/et\/wp-json\/wp\/v2\/media?parent=4303"}],"wp:term":[{"taxonomy":"product_brand","embeddable":true,"href":"https:\/\/mazolacuputra.lv\/et\/wp-json\/wp\/v2\/product_brand?post=4303"},{"taxonomy":"product_cat","embeddable":true,"href":"https:\/\/mazolacuputra.lv\/et\/wp-json\/wp\/v2\/product_cat?post=4303"},{"taxonomy":"product_tag","embeddable":true,"href":"https:\/\/mazolacuputra.lv\/et\/wp-json\/wp\/v2\/product_tag?post=4303"}],"curies":[{"name":"wp","href":"https:\/\/api.w.org\/{rel}","templated":true}]}}