{"id":4234,"date":"2025-04-09T19:20:16","date_gmt":"2025-04-09T16:20:16","guid":{"rendered":"https:\/\/mazolacuputra.lv\/?post_type=product&#038;p=4234"},"modified":"2026-03-29T14:29:41","modified_gmt":"2026-03-29T11:29:41","slug":"balta-sokolade-ar-dzervenem-55-g","status":"publish","type":"product","link":"https:\/\/mazolacuputra.lv\/et\/veikals\/sadarbibas-partneri\/balta-sokolade-ar-dzervenem-55-g\/","title":{"rendered":"BALT\u0100 \u0160OKOL\u0100DE AR DZ\u0112RVEN\u0112M, 55 g."},"content":{"rendered":"","protected":false},"excerpt":{"rendered":"<p>M\u016bsu m\u012b\u013cajai pils\u0113tai par godu, tapu\u0161i gardumi ar Kuld\u012bgas skaist\u0101kajiem apskates objektiem.<\/p>\n<p><b>\u00a0Balt\u0101 \u0161okol\u0101de ar dz\u0113rven\u0113m<\/b><\/p>\n<p><b>Sast\u0101v\u0101:<\/b><span style=\"font-weight: 400;\"> Balt\u0101 \u0161okol\u0101de 85%(Be\u013c\u0123ija)((<\/span><span style=\"font-weight: 400;\">cukurs, kakao sviests, pilnPIENA pulveris, emulgators: SOJAS lecit\u012bns (E322), dab\u012bgs vani\u013cas aromatiz\u0113t\u0101js., kakao saturs vismaz 30%), dz\u0113rve\u0146u suk\u0101des 15%(dz\u0113rvenes, cukurs). <\/span><span style=\"font-weight: 400;\">Uzturv\u0113rt\u012bba:100 g produkts satur: <\/span><span style=\"font-weight: 400;\">Ener\u0123\u0113tisk\u0101 v\u0113rt\u012bba 2300 kJ \/ 550 kcal; tauki 33- tostarp pies\u0101tin\u0101t\u0101s tauksk\u0101bes 20,5,og\u013chidr\u0101ti 56- tostarp cukuri 55, olbaltumvielas 5,5, s\u0101ls 0,21. <\/span><span style=\"font-weight: 400;\">Uzglab\u0101t: +5 l\u012bdz+20, ne tie\u0161os saules staros. .<\/span><span style=\"font-weight: 400;\">Ieteicams l\u012bdz:uz iepakojuma. <\/span><span style=\"font-weight: 400;\">NETO 55-60 g<\/span><\/p>\n<p>Ra\u017eot\u0101js: Lat food LP SIA, Mucenieku iela 35b-10, Kuld\u012bga, Latvija<\/p>","protected":false},"featured_media":4235,"comment_status":"open","ping_status":"closed","template":"","meta":[],"product_brand":[],"product_cat":[27],"product_tag":[],"class_list":{"0":"post-4234","1":"product","2":"type-product","3":"status-publish","4":"has-post-thumbnail","6":"product_cat-sadarbibas-partneri","8":"first","9":"outofstock","10":"sale","11":"taxable","12":"shipping-taxable","13":"purchasable","14":"product-type-simple"},"_links":{"self":[{"href":"https:\/\/mazolacuputra.lv\/et\/wp-json\/wp\/v2\/product\/4234","targetHints":{"allow":["GET"]}}],"collection":[{"href":"https:\/\/mazolacuputra.lv\/et\/wp-json\/wp\/v2\/product"}],"about":[{"href":"https:\/\/mazolacuputra.lv\/et\/wp-json\/wp\/v2\/types\/product"}],"replies":[{"embeddable":true,"href":"https:\/\/mazolacuputra.lv\/et\/wp-json\/wp\/v2\/comments?post=4234"}],"wp:featuredmedia":[{"embeddable":true,"href":"https:\/\/mazolacuputra.lv\/et\/wp-json\/wp\/v2\/media\/4235"}],"wp:attachment":[{"href":"https:\/\/mazolacuputra.lv\/et\/wp-json\/wp\/v2\/media?parent=4234"}],"wp:term":[{"taxonomy":"product_brand","embeddable":true,"href":"https:\/\/mazolacuputra.lv\/et\/wp-json\/wp\/v2\/product_brand?post=4234"},{"taxonomy":"product_cat","embeddable":true,"href":"https:\/\/mazolacuputra.lv\/et\/wp-json\/wp\/v2\/product_cat?post=4234"},{"taxonomy":"product_tag","embeddable":true,"href":"https:\/\/mazolacuputra.lv\/et\/wp-json\/wp\/v2\/product_tag?post=4234"}],"curies":[{"name":"wp","href":"https:\/\/api.w.org\/{rel}","templated":true}]}}