{"id":3930,"date":"2024-11-30T19:23:38","date_gmt":"2024-11-30T16:23:38","guid":{"rendered":"https:\/\/mazolacuputra.lv\/?post_type=product&#038;p=3930"},"modified":"2026-03-20T11:49:25","modified_gmt":"2026-03-20T08:49:25","slug":"auglu-bumbas-ar-lazdu-riekstiem-un-tumso-sokoladi","status":"publish","type":"product","link":"https:\/\/mazolacuputra.lv\/et\/veikals\/sadarbibas-partneri\/auglu-bumbas-ar-lazdu-riekstiem-un-tumso-sokoladi\/","title":{"rendered":"AUG\u013bU TRIFELES , 16 GB.,350 GR"},"content":{"rendered":"","protected":false},"excerpt":{"rendered":"<p>&nbsp;<\/p>\n<p><span style=\"font-weight: 400;\">APELS\u012aNU TRIFELES AR LAZDU RIEKSTU PRALIN\u0112,\u00a0<\/span><\/p>\n<p><span style=\"font-weight: 400;\">SAST\u0100V\u0100: Dateles(Pakist\u0101na), piena \u0161okol\u0101de (cukurs, kakao sviests, PILNPIENA pulveris, kakao masa, emulgators: SOJAS lecit\u012bns (E322),\u00a0 dab\u012bgs vani\u013cas aromatiz\u0113t\u0101js , kakao saturs vismaz 34%) apels\u012bnu suk\u0101des 17%(apels\u012bnu miza, cukurs, vani\u013cas cukurs),lazdu RIEKSTU pralin\u0113 10,5% (lazdu rieksti, cukurs). Uzturv\u0113rt\u012bba:100 grami produkta satur: ener\u0123\u0113tisk\u0101 v\u0113rt\u012bba 1675kj\/ 398kcal, tauki 15g- tostarp pies\u0101tin\u0101t\u0101s tauksk\u0101bes 5,78g, og\u013chidr\u0101ti 60g- tostarp cukuri 55g, olbaltumvielas 4g, s\u0101ls 0,1g.\u00a0<\/span><\/p>\n<p><span style=\"font-weight: 400;\">TRIFELES AR LAZDU RIEKSTIEM TUM\u0160AJ\u0100 \u0160OKOL\u0100D\u0112,\u00a0<\/span><\/p>\n<p><span style=\"font-weight: 400;\">SAST\u0100V\u0100: Dateles(Pakist\u0101na), tum\u0161\u0101 \u0161okol\u0101des(kakao masa,cukurs,kakao sviests, emulgators- SOJAS lecit\u012bns,dab\u012bgs vani\u013cas aromatiz\u0113t\u0101js. Kakao saturs nav maz\u0101ks par <\/span><b>55%<\/b><span style=\"font-weight: 400;\"> ) aprikozes (aprikozes, konservants S\u0112RA DIOKS\u012aDS), \u017e\u0101v\u0113tas pl\u016bmes, cidoniju suk\u0101des (cidonijas, cukurs), LAZDU RIEKSTI. 100 grami produkta satur: ener\u0123\u0113tisk\u0101 v\u0113rt\u012bba 1655kj\/ 395kcal, tauki 15,1g, tostarp pies\u0101tin\u0101t\u0101s tauksk\u0101bes 5,78g, og\u013chidr\u0101ti 57,08g, tostarp cukuri 49,44g, olbaltumvielas 4,64g, s\u0101ls 0,1g.\u00a0<\/span><\/p>\n<p><span style=\"font-weight: 400;\">DZ\u0112RVE\u0145U- KARAME\u013bU TRIFELES,\u00a0<\/span><\/p>\n<p><span style=\"font-weight: 400;\">Dz\u0113rve\u0146u suk\u0101des 39,5%(Latvija)(dz\u0113rvenes,cukurs),\u00a0 piena \u0161okol\u0101de ar karameli(cukurs, kakao sviests, PILNPIENA pulveris, V\u0100JPIENA pulveris, kakao masa, karame\u013cu pulveris (5%)V\u0100JPIENA pulveris, S\u016aKALU pulveris, cukurs, SVIESTS), S\u016aKALU pulveris, LAKTOZE, emulgators: SOJAS lecit\u012bns (E322), karame\u013cu, dab\u012bgs vani\u013cas aromatiz\u0113t\u0101js (kakao saturs vismaz 35%), aprikozes(aprikozes, konservants S\u0112RA DIOKS\u012aDS), MANDELES, p\u016bsti r\u012bsi.<\/span><\/p>\n<p><span style=\"font-weight: 400;\">100 grami produkta satur: ener\u0123\u0113tisk\u0101 v\u0113rt\u012bba 1526kj\/ 348kcal, tauki 15,4g, tostarp pies\u0101tin\u0101t\u0101s tauksk\u0101bes 5,9g, og\u013chidr\u0101ti 58,15g, tostarp cukuri 54,5g, olbaltumvielas 4,75g, s\u0101ls 0,1g.<\/span><\/p>\n<p><span style=\"font-weight: 400;\">Ra\u017eot\u0101js: Lat food LP SIA, Mucenieku iela 35b-10, Kuld\u012bga, Latvija<\/span><\/p>","protected":false},"featured_media":4584,"comment_status":"open","ping_status":"closed","template":"","meta":[],"product_brand":[],"product_cat":[27],"product_tag":[],"class_list":{"0":"post-3930","1":"product","2":"type-product","3":"status-publish","4":"has-post-thumbnail","6":"product_cat-sadarbibas-partneri","8":"first","9":"instock","10":"sale","11":"taxable","12":"shipping-taxable","13":"purchasable","14":"product-type-simple"},"_links":{"self":[{"href":"https:\/\/mazolacuputra.lv\/et\/wp-json\/wp\/v2\/product\/3930","targetHints":{"allow":["GET"]}}],"collection":[{"href":"https:\/\/mazolacuputra.lv\/et\/wp-json\/wp\/v2\/product"}],"about":[{"href":"https:\/\/mazolacuputra.lv\/et\/wp-json\/wp\/v2\/types\/product"}],"replies":[{"embeddable":true,"href":"https:\/\/mazolacuputra.lv\/et\/wp-json\/wp\/v2\/comments?post=3930"}],"wp:featuredmedia":[{"embeddable":true,"href":"https:\/\/mazolacuputra.lv\/et\/wp-json\/wp\/v2\/media\/4584"}],"wp:attachment":[{"href":"https:\/\/mazolacuputra.lv\/et\/wp-json\/wp\/v2\/media?parent=3930"}],"wp:term":[{"taxonomy":"product_brand","embeddable":true,"href":"https:\/\/mazolacuputra.lv\/et\/wp-json\/wp\/v2\/product_brand?post=3930"},{"taxonomy":"product_cat","embeddable":true,"href":"https:\/\/mazolacuputra.lv\/et\/wp-json\/wp\/v2\/product_cat?post=3930"},{"taxonomy":"product_tag","embeddable":true,"href":"https:\/\/mazolacuputra.lv\/et\/wp-json\/wp\/v2\/product_tag?post=3930"}],"curies":[{"name":"wp","href":"https:\/\/api.w.org\/{rel}","templated":true}]}}