{"id":3860,"date":"2024-11-11T10:14:14","date_gmt":"2024-11-11T07:14:14","guid":{"rendered":"https:\/\/mazolacuputra.lv\/?post_type=product&#038;p=3860"},"modified":"2025-02-02T18:21:39","modified_gmt":"2025-02-02T15:21:39","slug":"kateti-smalcinati-bumbieri-bio-70-gr","status":"publish","type":"product","link":"https:\/\/mazolacuputra.lv\/et\/veikals\/savi-produkti\/kateti-smalcinati-bumbieri-bio-70-gr\/","title":{"rendered":"Kalt\u0113ti, smalcin\u0101ti bumbieri, bio, 70 gr."},"content":{"rendered":"","protected":false},"excerpt":{"rendered":"<p>&nbsp;<\/p>\n<p>Ar siltu gaisu kalt\u0113ti, malti bumbieri. Sast\u0101v\u0101: 100% bumbieri *.<\/p>\n<p>*produkts no biolo\u0123isk\u0101s lauksaimniec\u012bbas.<br \/>\nUztura v\u0113rt\u012bba uz 100 gr.:<\/p>\n<p>Ener\u0123ijas v\u0113rt\u012bba: 643 kJ\/ 152 kcal<br \/>\nTauki : 0 g<br \/>\nPies\u0101tin\u0101t\u0101s tauksk\u0101bes: 0 g<br \/>\nOg\u013chidr\u0101ti: 34 g<br \/>\nCukurs: 27 g**<br \/>\nOlbaltumviela: 1 g<br \/>\nS\u0101ls: 0 g<\/p>\n<p>**dabisks aug\u013cu cukurs<\/p>\n<p>Lieliska piedeva putr\u0101m, saldajiem \u0113dieniem.<\/p>\n<p>tilpums: 70 gr.<\/p>\n<p>Ra\u017eot\u0101js: Lat food LP SIA<\/p>\n<p>Atmodas,Sn\u0113peles pag., Kuld\u012bgas novads<\/p>","protected":false},"featured_media":3864,"comment_status":"open","ping_status":"closed","template":"","meta":[],"product_brand":[],"product_cat":[26],"product_tag":[],"class_list":{"0":"post-3860","1":"product","2":"type-product","3":"status-publish","4":"has-post-thumbnail","6":"product_cat-savi-produkti","8":"first","9":"instock","10":"sale","11":"taxable","12":"shipping-taxable","13":"purchasable","14":"product-type-simple"},"_links":{"self":[{"href":"https:\/\/mazolacuputra.lv\/et\/wp-json\/wp\/v2\/product\/3860","targetHints":{"allow":["GET"]}}],"collection":[{"href":"https:\/\/mazolacuputra.lv\/et\/wp-json\/wp\/v2\/product"}],"about":[{"href":"https:\/\/mazolacuputra.lv\/et\/wp-json\/wp\/v2\/types\/product"}],"replies":[{"embeddable":true,"href":"https:\/\/mazolacuputra.lv\/et\/wp-json\/wp\/v2\/comments?post=3860"}],"wp:featuredmedia":[{"embeddable":true,"href":"https:\/\/mazolacuputra.lv\/et\/wp-json\/wp\/v2\/media\/3864"}],"wp:attachment":[{"href":"https:\/\/mazolacuputra.lv\/et\/wp-json\/wp\/v2\/media?parent=3860"}],"wp:term":[{"taxonomy":"product_brand","embeddable":true,"href":"https:\/\/mazolacuputra.lv\/et\/wp-json\/wp\/v2\/product_brand?post=3860"},{"taxonomy":"product_cat","embeddable":true,"href":"https:\/\/mazolacuputra.lv\/et\/wp-json\/wp\/v2\/product_cat?post=3860"},{"taxonomy":"product_tag","embeddable":true,"href":"https:\/\/mazolacuputra.lv\/et\/wp-json\/wp\/v2\/product_tag?post=3860"}],"curies":[{"name":"wp","href":"https:\/\/api.w.org\/{rel}","templated":true}]}}