{"id":1274,"date":"2023-09-13T22:37:58","date_gmt":"2023-09-13T19:37:58","guid":{"rendered":"https:\/\/mazolacuputra.lv\/?post_type=product&#038;p=1274"},"modified":"2026-03-16T20:11:45","modified_gmt":"2026-03-16T17:11:45","slug":"ogu-miazite","status":"publish","type":"product","link":"https:\/\/mazolacuputra.lv\/et\/veikals\/maizites\/ogu-miazite\/","title":{"rendered":"Ogu maiz\u012bte(Latvija), BIO"},"content":{"rendered":"","protected":false},"excerpt":{"rendered":"<p>Sertific\u0113ts bezglut\u0113na produkts.<\/p>\n<p>Sast\u0101v\u0101: p\u0101rstr\u0101d\u0101ti \u0101boli (Latvija)*, p\u0101rstr\u0101d\u0101ti bumbieri*, p\u0101rstr\u0101d\u0101tas avenes 4%*, prosa *<\/p>\n<p>*produkti no biolo\u0123isk\u0101s lauksaimniec\u012bbas.<\/p>\n<p>Paredz\u0113ts lieto\u0161anai bez apstr\u0101d\u0101\u0161anas.<\/p>\n<p>Paredz\u0113ts mazu\u013ciem no 10 mene\u0161u vecuma.<\/p>\n<p>Bez pievienota cukura.<\/p>\n<p>Svars 8gr.<\/p>\n<p><strong>Uzturv\u0113rt\u012bba 100g produkta<\/strong>:<\/p>\n<p><em>Ener\u0123\u0113tisk\u0101 v\u0113rt\u012bba 1469kj\/349 kcal<\/em><\/p>\n<p><em>Tauki 1,84g<\/em><\/p>\n<p><em>tostarp pies\u0101tin\u0101t\u0101s tauksk\u0101bes 0,26g<\/em><\/p>\n<p><em>Og\u013chidr\u0101ti 69,01g<\/em><\/p>\n<p><em>tostarp cukuri 56,81g*<\/em><\/p>\n<p><em>Olbaltumvielas 3,43g<\/em><\/p>\n<p><em>\u0160\u0137iedrvielas 21,1g<\/em><\/p>\n<p><em>S\u0101ls 0,02g**<\/em><\/p>\n<p>*bez pievienota cukura<\/p>\n<p>** dabiska n\u0101trija kl\u0101tb\u016btne<\/p>\n<p>Uzglab\u0101t saus\u0101, v\u0113s\u0101 viet\u0101, ar relat\u012bvo mitrumu l\u012bdz 60%<\/p>\n<p><span style=\"font-weight: 400;\">Ra\u017eot\u0101js: Lat food LP SIA, Latvija<\/span><\/p>\n<p>Att\u0113lotais uzskates materi\u0101ls rada priek\u0161statu par produktu, dab\u0101 tas\u00a0 var nedaudz at\u0161\u0137irties.<\/p>\n<p>Iepakojum\u0101- produkta 1 gb.<\/p>\n<p>&nbsp;<\/p>\n<p>&nbsp;<\/p>","protected":false},"featured_media":3018,"comment_status":"open","ping_status":"closed","template":"","meta":[],"product_brand":[],"product_cat":[32],"product_tag":[],"class_list":{"0":"post-1274","1":"product","2":"type-product","3":"status-publish","4":"has-post-thumbnail","6":"product_cat-maizites","8":"first","9":"instock","10":"sale","11":"featured","12":"taxable","13":"shipping-taxable","14":"purchasable","15":"product-type-simple"},"_links":{"self":[{"href":"https:\/\/mazolacuputra.lv\/et\/wp-json\/wp\/v2\/product\/1274","targetHints":{"allow":["GET"]}}],"collection":[{"href":"https:\/\/mazolacuputra.lv\/et\/wp-json\/wp\/v2\/product"}],"about":[{"href":"https:\/\/mazolacuputra.lv\/et\/wp-json\/wp\/v2\/types\/product"}],"replies":[{"embeddable":true,"href":"https:\/\/mazolacuputra.lv\/et\/wp-json\/wp\/v2\/comments?post=1274"}],"wp:featuredmedia":[{"embeddable":true,"href":"https:\/\/mazolacuputra.lv\/et\/wp-json\/wp\/v2\/media\/3018"}],"wp:attachment":[{"href":"https:\/\/mazolacuputra.lv\/et\/wp-json\/wp\/v2\/media?parent=1274"}],"wp:term":[{"taxonomy":"product_brand","embeddable":true,"href":"https:\/\/mazolacuputra.lv\/et\/wp-json\/wp\/v2\/product_brand?post=1274"},{"taxonomy":"product_cat","embeddable":true,"href":"https:\/\/mazolacuputra.lv\/et\/wp-json\/wp\/v2\/product_cat?post=1274"},{"taxonomy":"product_tag","embeddable":true,"href":"https:\/\/mazolacuputra.lv\/et\/wp-json\/wp\/v2\/product_tag?post=1274"}],"curies":[{"name":"wp","href":"https:\/\/api.w.org\/{rel}","templated":true}]}}