{"id":557,"date":"2023-06-11T23:57:38","date_gmt":"2023-06-11T20:57:38","guid":{"rendered":"https:\/\/mazolacuputra.lv\/?page_id=557"},"modified":"2024-02-28T14:09:12","modified_gmt":"2024-02-28T11:09:12","slug":"par-mums","status":"publish","type":"page","link":"https:\/\/mazolacuputra.lv\/et\/par-mums\/","title":{"rendered":"Meist"},"content":{"rendered":"<div data-elementor-type=\"wp-page\" data-elementor-id=\"557\" class=\"elementor elementor-557\" data-elementor-post-type=\"page\">\n\t\t\t\t\t\t<section class=\"elementor-section elementor-top-section elementor-element elementor-element-93122ad elementor-section-boxed elementor-section-height-default elementor-section-height-default\" data-id=\"93122ad\" data-element_type=\"section\" data-e-type=\"section\">\n\t\t\t\t\t\t<div class=\"elementor-container elementor-column-gap-default\">\n\t\t\t\t\t<div class=\"elementor-column elementor-col-50 elementor-top-column elementor-element elementor-element-56a79aa\" data-id=\"56a79aa\" data-element_type=\"column\" data-e-type=\"column\">\n\t\t\t<div class=\"elementor-widget-wrap elementor-element-populated\">\n\t\t\t\t\t\t<div class=\"elementor-element elementor-element-d972ffd elementor-widget elementor-widget-heading\" data-id=\"d972ffd\" data-element_type=\"widget\" data-e-type=\"widget\" data-widget_type=\"heading.default\">\n\t\t\t\t<div class=\"elementor-widget-container\">\n\t\t\t\t\t<h2 class=\"elementor-heading-title elementor-size-default\">PAR MUMS<\/h2>\t\t\t\t<\/div>\n\t\t\t\t<\/div>\n\t\t\t\t<div class=\"elementor-element elementor-element-5dd7687 elementor-widget elementor-widget-text-editor\" data-id=\"5dd7687\" data-element_type=\"widget\" data-e-type=\"widget\" data-widget_type=\"text-editor.default\">\n\t\t\t\t<div class=\"elementor-widget-container\">\n\t\t\t\t\t\t\t\t\t<p class=\"moze-justify\">Toodete loomise ajalugu on t\u00f5esti \u00fcsna t\u00fc\u00fcpiline \u2013 toode tekib vajadusest endast. Nii s\u00fcndis \"Mazo la\u010du putra\", tervislik, mahe alternatiiv kirjalikele putrudele, mida saab osta supermarketitest.<\/p>\n<p class=\"moze-justify\">Suur pudru f\u00e4nn -<b>\u00a0<\/b>Oliver - s\u00fcndis aastal 2014. Just t\u00e4nu tema suurele pudruihale s\u00fcndis hiljem \"V\u00e4ike karupuder\". Esialgu poelettidelt putru otsides ei leidnud ma soovitud toodet - naturaalne, ilma k\u00f5ige \"liigse\", ainult puu- ja juurviljad, mis on v\u00e4ikese lapse toidulaual nii olulised, nii et algul kodus valmistades. endal tekkis m\u00f5te seda palju suuremas mahus j\u00e4tkata ja teistele tervisliku toidu austajatele pakkuda.<\/p>\t\t\t\t\t\t\t\t<\/div>\n\t\t\t\t<\/div>\n\t\t\t\t\t<\/div>\n\t\t<\/div>\n\t\t\t\t<div class=\"elementor-column elementor-col-50 elementor-top-column elementor-element elementor-element-d21c378\" data-id=\"d21c378\" data-element_type=\"column\" data-e-type=\"column\">\n\t\t\t<div class=\"elementor-widget-wrap elementor-element-populated\">\n\t\t\t\t\t\t<div class=\"elementor-element elementor-element-5e45a5e elementor-widget elementor-widget-image\" data-id=\"5e45a5e\" data-element_type=\"widget\" data-e-type=\"widget\" data-widget_type=\"image.default\">\n\t\t\t\t<div class=\"elementor-widget-container\">\n\t\t\t\t\t\t\t\t\t\t\t\t\t\t\t<img fetchpriority=\"high\" decoding=\"async\" width=\"640\" height=\"426\" src=\"https:\/\/mazolacuputra.lv\/wp-content\/uploads\/2023\/06\/Ieva_Benefelde_MLP__8_-1024x682.jpg\" class=\"attachment-large size-large wp-image-563\" alt=\"\" srcset=\"https:\/\/mazolacuputra.lv\/wp-content\/uploads\/2023\/06\/Ieva_Benefelde_MLP__8_-1024x682.jpg.webp 1024w, https:\/\/mazolacuputra.lv\/wp-content\/uploads\/2023\/06\/Ieva_Benefelde_MLP__8_-300x200.jpg.webp 300w, https:\/\/mazolacuputra.lv\/wp-content\/uploads\/2023\/06\/Ieva_Benefelde_MLP__8_-768x511.jpg.webp 768w, https:\/\/mazolacuputra.lv\/wp-content\/uploads\/2023\/06\/Ieva_Benefelde_MLP__8_-600x400.jpg.webp 600w, https:\/\/mazolacuputra.lv\/wp-content\/uploads\/2023\/06\/Ieva_Benefelde_MLP__8_.jpg.webp 1200w\" sizes=\"(max-width: 640px) 100vw, 640px\" \/>\t\t\t\t\t\t\t\t\t\t\t\t\t\t\t<\/div>\n\t\t\t\t<\/div>\n\t\t\t\t\t<\/div>\n\t\t<\/div>\n\t\t\t\t\t<\/div>\n\t\t<\/section>\n\t\t\t\t<section class=\"elementor-section elementor-top-section elementor-element elementor-element-eb41c78 elementor-section-height-min-height elementor-section-boxed elementor-section-height-default elementor-section-items-middle\" data-id=\"eb41c78\" data-element_type=\"section\" data-e-type=\"section\" data-settings=\"{&quot;background_background&quot;:&quot;classic&quot;}\">\n\t\t\t\t\t\t\t<div class=\"elementor-background-overlay\"><\/div>\n\t\t\t\t\t\t\t<div class=\"elementor-container elementor-column-gap-default\">\n\t\t\t\t\t<div class=\"elementor-column elementor-col-100 elementor-top-column elementor-element elementor-element-304ee6d\" data-id=\"304ee6d\" data-element_type=\"column\" data-e-type=\"column\">\n\t\t\t<div class=\"elementor-widget-wrap elementor-element-populated\">\n\t\t\t\t\t\t<div class=\"elementor-element elementor-element-c5598a1 elementor-widget elementor-widget-heading\" data-id=\"c5598a1\" data-element_type=\"widget\" data-e-type=\"widget\" data-widget_type=\"heading.default\">\n\t\t\t\t<div class=\"elementor-widget-container\">\n\t\t\t\t\t<h2 class=\"elementor-heading-title elementor-size-default\">\"DABISKI IR GAR\u0160\u012aGI\"\n<\/h2>\t\t\t\t<\/div>\n\t\t\t\t<\/div>\n\t\t\t\t\t<\/div>\n\t\t<\/div>\n\t\t\t\t\t<\/div>\n\t\t<\/section>\n\t\t\t\t<section class=\"elementor-section elementor-top-section elementor-element elementor-element-6819bf3 elementor-section-boxed elementor-section-height-default elementor-section-height-default\" data-id=\"6819bf3\" data-element_type=\"section\" data-e-type=\"section\">\n\t\t\t\t\t\t<div class=\"elementor-container elementor-column-gap-default\">\n\t\t\t\t\t<div class=\"elementor-column elementor-col-100 elementor-top-column elementor-element elementor-element-78a196d\" data-id=\"78a196d\" data-element_type=\"column\" data-e-type=\"column\">\n\t\t\t<div class=\"elementor-widget-wrap elementor-element-populated\">\n\t\t\t\t\t\t<div class=\"elementor-element elementor-element-e09d67e elementor-widget elementor-widget-heading\" data-id=\"e09d67e\" data-element_type=\"widget\" data-e-type=\"widget\" data-widget_type=\"heading.default\">\n\t\t\t\t<div class=\"elementor-widget-container\">\n\t\t\t\t\t<h2 class=\"elementor-heading-title elementor-size-default\">K\u0100P\u0112C IZV\u0112L\u0112TIES MAZO L\u0100\u010cU PRODUKTUS?<\/h2>\t\t\t\t<\/div>\n\t\t\t\t<\/div>\n\t\t\t\t<div class=\"elementor-element elementor-element-df85168 elementor-widget elementor-widget-text-editor\" data-id=\"df85168\" data-element_type=\"widget\" data-e-type=\"widget\" data-widget_type=\"text-editor.default\">\n\t\t\t\t<div class=\"elementor-widget-container\">\n\t\t\t\t\t\t\t\t\t<p class=\"moze-justify\"><b>Ostes mahesertifikaadiga toitu, v\u00f5ite alati olla kindel, et see on toodetud vastavalt rangetele seadusen\u00f5uetele ja regulaarselt kontrollitud!<\/b><\/p><p class=\"moze-justify\"><b>\"V\u00e4ike karu puder\"<\/b>\u00a0kasutab oma toodetes palju v\u00e4\u00e4rtuslikke teravilju.<\/p><p class=\"moze-justify\"><b>Hirss<\/b>\u00a0on hea B-r\u00fchma vitamiinide allikas ning sisaldab ka \u00fcle 50% p\u00e4evasest vajalikust mangaani kogusest. See varustab keha raua, magneesiumi, fosfori ja tsingiga, mis k\u00f5ik kuuluvad v\u00e4\u00e4rtuslike ja vajalike mineraalide r\u00fchma. Hirss tuleb panna toidus soovitavate toodete hulka, sest sellel on k\u00f5rge antioks\u00fcdantide sisaldus ja aktiivsus, ei sisalda gluteeni.<\/p><p class=\"moze-justify\"><b>Amarant<\/b>\u00a0on rikkalik valguallikas, sealhulgas aminohape l\u00fcsiin. V\u00f5rreldes teiste teradega on amarandi seemned rikkad raua ja kaltsiumi poolest ning on ainukesed teraviljad, mis sisaldavad C-vitamiini. K\u00f5igele lisaks sisaldab see v\u00e4hivastaste omadustega p\u00f5letikuvastast ainet lunasiini.* Amarant on gluteenivaba.<\/p><p class=\"moze-justify\"><b>Paljastera oder<\/b>. Erinevalt traditsioonilisest odrast on sellel erinev tera struktuur. Seda on kloppimisel \u00fcsna lihtne eraldada, kesta tuleb palju v\u00e4hem koorida, nii ei l\u00e4he terve kiht t\u00f6\u00f6tlemisprotsessis kaduma. See oder on kasulik tervise parandamiseks, n\u00e4iteks alandab kolesterooli ja vere gl\u00fckoosisisaldust.<\/p><p class=\"moze-justify\">See on v\u00e4\u00e4rtuslik valguallikas\u00a0<b>tatar\u00a0<\/b>ja\u00a0<b>kaer<\/b>. Need sisaldavad 8 asendamatut aminohapet.<\/p><p class=\"moze-justify\">Tatrapuder ei sisalda gluteeni ja on k\u00f5ige v\u00e4hem allergiat tekitav. Toodetes kasutatakse kuumutamata v\u00f5i\u00a0<b>roheline (elus) tatar<\/b>\u00a0jahu ja t\u00e4istera- v\u00f5i kliijahu. Nad on rikkad valkude, vitamiinide ja mineraalainete poolest. Tatar sisaldab palju rauda ja muid v\u00e4\u00e4rtuslikke vitamiine. Tatraputru v\u00f5ivad s\u00fc\u00fca ka diabeedile kalduvad lapsed.<\/p><p class=\"moze-justify\"><b>T\u00e4istera kaer\u00a0<\/b>puder on pehmema konsistentsiga ning sobib ka soole- ja maoh\u00e4dade korral. See sisaldab palju v\u00e4\u00e4rtuslikke rasvhappeid, v\u00e4he t\u00e4rklist. V\u00e4\u00e4rtuslike rasvade rekordiomanikud on t\u00e4istera kaerahelbed. V\u00e4\u00e4rtuslikel rasvhapetel on n\u00e4rvis\u00fcsteemile v\u00e4ga positiivne m\u00f5ju.<\/p><p class=\"moze-justify\">See on loomulikult tervisliku lapse toitumise lahutamatu osa<b>\u00a0puuviljad<\/b>\u00a0ja\u00a0<b>k\u00f6\u00f6giviljad<\/b>nt ploomid sisaldavad beetakaroteeni, C- ja B2-vitamiini, naatriumi, kaltsiumi ja rauda; \u00f5un \u2013 A, B1 B2, B6, raud, magneesium ja kaltsium. B-vitamiin osaleb n\u00e4rvis\u00fcsteemi arengus ja n\u00e4rvide kaitsekesta moodustamises, B-vitamiinid on lapse kasvuprotsessi lahutamatu osa. Samuti tagavad nad punaste vereliblede moodustumise organismis ja tugevdavad immuunsust.<\/p>\t\t\t\t\t\t\t\t<\/div>\n\t\t\t\t<\/div>\n\t\t\t\t\t<\/div>\n\t\t<\/div>\n\t\t\t\t\t<\/div>\n\t\t<\/section>\n\t\t\t\t<section class=\"elementor-section elementor-top-section elementor-element elementor-element-e0c2615 elementor-section-boxed elementor-section-height-default elementor-section-height-default\" data-id=\"e0c2615\" data-element_type=\"section\" data-e-type=\"section\">\n\t\t\t\t\t\t<div class=\"elementor-container elementor-column-gap-default\">\n\t\t\t\t\t<div class=\"elementor-column elementor-col-50 elementor-top-column elementor-element elementor-element-f23e2af\" data-id=\"f23e2af\" data-element_type=\"column\" data-e-type=\"column\" data-settings=\"{&quot;background_background&quot;:&quot;classic&quot;}\">\n\t\t\t<div class=\"elementor-widget-wrap elementor-element-populated\">\n\t\t\t\t\t<div class=\"elementor-background-overlay\"><\/div>\n\t\t\t\t\t\t<div class=\"elementor-element elementor-element-d01a3c5 elementor-widget elementor-widget-spacer\" data-id=\"d01a3c5\" data-element_type=\"widget\" data-e-type=\"widget\" data-widget_type=\"spacer.default\">\n\t\t\t\t<div class=\"elementor-widget-container\">\n\t\t\t\t\t\t\t<div class=\"elementor-spacer\">\n\t\t\t<div class=\"elementor-spacer-inner\"><\/div>\n\t\t<\/div>\n\t\t\t\t\t\t<\/div>\n\t\t\t\t<\/div>\n\t\t\t\t\t<\/div>\n\t\t<\/div>\n\t\t\t\t<div class=\"elementor-column elementor-col-50 elementor-top-column elementor-element elementor-element-41c4ce1\" data-id=\"41c4ce1\" data-element_type=\"column\" data-e-type=\"column\">\n\t\t\t<div class=\"elementor-widget-wrap elementor-element-populated\">\n\t\t\t\t\t\t<div class=\"elementor-element elementor-element-449f0bc elementor-widget elementor-widget-heading\" data-id=\"449f0bc\" data-element_type=\"widget\" data-e-type=\"widget\" data-widget_type=\"heading.default\">\n\t\t\t\t<div class=\"elementor-widget-container\">\n\t\t\t\t\t<h2 class=\"elementor-heading-title elementor-size-default\">MAZO L\u0100\u010cU PRODUKTI:<\/h2>\t\t\t\t<\/div>\n\t\t\t\t<\/div>\n\t\t\t\t<div class=\"elementor-element elementor-element-cb47bf9 elementor-widget elementor-widget-text-editor\" data-id=\"cb47bf9\" data-element_type=\"widget\" data-e-type=\"widget\" id=\"product-bullet\" data-widget_type=\"text-editor.default\">\n\t\t\t\t<div class=\"elementor-widget-container\">\n\t\t\t\t\t\t\t\t\t<ul><li><p>V\u00e4lja t\u00f6\u00f6tatud koost\u00f6\u00f6s Aianduse Instituudiga;<\/p><\/li><li><p>Orgaaniliselt sertifitseeritud (LV-BIO-01);<\/p><\/li><li><p>Toorainet ostetakse L\u00e4ti parimatest taludest ja ettev\u00f5tetest;<\/p><\/li><\/ul><ul><li>produktiem nav pievienoti gar\u0161as uzlabot\u0101ji &#8211; cukurs, piens, s\u0101ls, e\u013c\u013ca u.c.<\/li><\/ul><ul><li>pakkumine sisaldab tooteid ilma gluteeni sisaldavate koostisosadeta;<\/li><\/ul><ul><li>veganis\u00f5bralikud tooted;<\/li><\/ul><ul><li>puu-\/k\u00f6\u00f6giviljade sisaldus pudrus 2-25% toote kogumassist;<\/li><\/ul><ul><li>lisatud j\u00e4medalt s\u00f5elutud kvaliteetseid, enamasti t\u00e4istera mahevilju;<\/li><\/ul><ul><li>tooteid testitakse regulaarselt laboris;<\/li><\/ul><ul><li>ettev\u00f5te tegeleb puu-\/k\u00f6\u00f6giviljade t\u00f6\u00f6tlemise ja valmistoote pakendamisega ning nende j\u00e4relevalve on ligikaudu 5 korda suurem kui t\u00e4iskasvanute toidul.<\/li><\/ul>\t\t\t\t\t\t\t\t<\/div>\n\t\t\t\t<\/div>\n\t\t\t\t\t<\/div>\n\t\t<\/div>\n\t\t\t\t\t<\/div>\n\t\t<\/section>\n\t\t\t\t<section class=\"elementor-section elementor-top-section elementor-element elementor-element-893aea5 elementor-section-boxed elementor-section-height-default elementor-section-height-default\" data-id=\"893aea5\" data-element_type=\"section\" data-e-type=\"section\">\n\t\t\t\t\t\t<div class=\"elementor-container elementor-column-gap-default\">\n\t\t\t\t\t<div class=\"elementor-column elementor-col-100 elementor-top-column elementor-element elementor-element-8cea363\" data-id=\"8cea363\" data-element_type=\"column\" data-e-type=\"column\">\n\t\t\t<div class=\"elementor-widget-wrap elementor-element-populated\">\n\t\t\t\t\t\t<div class=\"elementor-element elementor-element-0154760 elementor-widget elementor-widget-heading\" data-id=\"0154760\" data-element_type=\"widget\" data-e-type=\"widget\" data-widget_type=\"heading.default\">\n\t\t\t\t<div class=\"elementor-widget-container\">\n\t\t\t\t\t<h2 class=\"elementor-heading-title elementor-size-default\">PROJEKTS TIEK \u012aSTENOTS SADARB\u012aB\u0100 AR:<\/h2>\t\t\t\t<\/div>\n\t\t\t\t<\/div>\n\t\t\t\t<section class=\"elementor-section elementor-inner-section elementor-element elementor-element-4be6586 elementor-section-boxed elementor-section-height-default elementor-section-height-default\" data-id=\"4be6586\" data-element_type=\"section\" data-e-type=\"section\">\n\t\t\t\t\t\t<div class=\"elementor-container elementor-column-gap-default\">\n\t\t\t\t\t<div class=\"make-column-clickable-elementor elementor-column elementor-col-33 elementor-inner-column elementor-element elementor-element-37a1b4f\" style=\"cursor: pointer;\" data-column-clickable=\"https:\/\/www.videskvalitate.lv\/\" data-column-clickable-blank=\"_self\" data-id=\"37a1b4f\" data-element_type=\"column\" data-e-type=\"column\">\n\t\t\t<div class=\"elementor-widget-wrap elementor-element-populated\">\n\t\t\t\t\t\t<div class=\"elementor-element elementor-element-6c2c334 elementor-widget elementor-widget-image\" data-id=\"6c2c334\" data-element_type=\"widget\" data-e-type=\"widget\" data-widget_type=\"image.default\">\n\t\t\t\t<div class=\"elementor-widget-container\">\n\t\t\t\t\t\t\t\t\t\t\t\t\t\t\t<img decoding=\"async\" width=\"300\" height=\"200\" src=\"https:\/\/mazolacuputra.lv\/wp-content\/uploads\/2023\/06\/eu_organic_logo_colour_rgb-300x200.jpg\" class=\"attachment-medium size-medium wp-image-605\" alt=\"\" srcset=\"https:\/\/mazolacuputra.lv\/wp-content\/uploads\/2023\/06\/eu_organic_logo_colour_rgb-300x200.jpg.webp 300w, https:\/\/mazolacuputra.lv\/wp-content\/uploads\/2023\/06\/eu_organic_logo_colour_rgb.jpg.webp 500w\" sizes=\"(max-width: 300px) 100vw, 300px\" \/>\t\t\t\t\t\t\t\t\t\t\t\t\t\t\t<\/div>\n\t\t\t\t<\/div>\n\t\t\t\t\t<\/div>\n\t\t<\/div>\n\t\t\t\t<div class=\"make-column-clickable-elementor elementor-column elementor-col-33 elementor-inner-column elementor-element elementor-element-c3c70de\" style=\"cursor: pointer;\" data-column-clickable=\"https:\/\/www.liaa.gov.lv\/lv\" data-column-clickable-blank=\"_self\" data-id=\"c3c70de\" data-element_type=\"column\" data-e-type=\"column\">\n\t\t\t<div class=\"elementor-widget-wrap elementor-element-populated\">\n\t\t\t\t\t\t<div class=\"elementor-element elementor-element-863d34a elementor-widget elementor-widget-image\" data-id=\"863d34a\" data-element_type=\"widget\" data-e-type=\"widget\" data-widget_type=\"image.default\">\n\t\t\t\t<div class=\"elementor-widget-container\">\n\t\t\t\t\t\t\t\t\t\t\t\t\t\t\t<img decoding=\"async\" width=\"300\" height=\"265\" src=\"https:\/\/mazolacuputra.lv\/wp-content\/uploads\/2023\/06\/logo_2_lat_2_0-300x265.png\" class=\"attachment-medium size-medium wp-image-604\" alt=\"\" srcset=\"https:\/\/mazolacuputra.lv\/wp-content\/uploads\/2023\/06\/logo_2_lat_2_0-300x265.png.webp 300w, https:\/\/mazolacuputra.lv\/wp-content\/uploads\/2023\/06\/logo_2_lat_2_0.png 322w\" sizes=\"(max-width: 300px) 100vw, 300px\" \/>\t\t\t\t\t\t\t\t\t\t\t\t\t\t\t<\/div>\n\t\t\t\t<\/div>\n\t\t\t\t\t<\/div>\n\t\t<\/div>\n\t\t\t\t<div class=\"make-column-clickable-elementor elementor-column elementor-col-33 elementor-inner-column elementor-element elementor-element-d0e44aa\" style=\"cursor: pointer;\" data-column-clickable=\"https:\/\/www.darzkopibasinstituts.lv\/lv\" data-column-clickable-blank=\"_self\" data-id=\"d0e44aa\" data-element_type=\"column\" data-e-type=\"column\">\n\t\t\t<div class=\"elementor-widget-wrap elementor-element-populated\">\n\t\t\t\t\t\t<div class=\"elementor-element elementor-element-bcc5982 elementor-widget elementor-widget-image\" data-id=\"bcc5982\" data-element_type=\"widget\" data-e-type=\"widget\" data-widget_type=\"image.default\">\n\t\t\t\t<div class=\"elementor-widget-container\">\n\t\t\t\t\t\t\t\t\t\t\t\t\t\t\t<img loading=\"lazy\" decoding=\"async\" width=\"300\" height=\"122\" src=\"https:\/\/mazolacuputra.lv\/wp-content\/uploads\/2023\/06\/base64img_9fc6fdb67ad2251144bdb602e978b0aa-300x122.jpeg\" class=\"attachment-medium size-medium wp-image-606\" alt=\"\" srcset=\"https:\/\/mazolacuputra.lv\/wp-content\/uploads\/2023\/06\/base64img_9fc6fdb67ad2251144bdb602e978b0aa-300x122.jpeg.webp 300w, https:\/\/mazolacuputra.lv\/wp-content\/uploads\/2023\/06\/base64img_9fc6fdb67ad2251144bdb602e978b0aa.jpeg.webp 352w\" sizes=\"(max-width: 300px) 100vw, 300px\" \/>\t\t\t\t\t\t\t\t\t\t\t\t\t\t\t<\/div>\n\t\t\t\t<\/div>\n\t\t\t\t\t<\/div>\n\t\t<\/div>\n\t\t\t\t\t<\/div>\n\t\t<\/section>\n\t\t\t\t\t<\/div>\n\t\t<\/div>\n\t\t\t\t\t<\/div>\n\t\t<\/section>\n\t\t\t\t<\/div>","protected":false},"excerpt":{"rendered":"<p>PAR MUMS Produktu ra\u0161an\u0101s st\u0101sts ir noteikti diezgan tipisks- produkts rodas pa\u0161u nepiecie\u0161am\u012bbas rezult\u0101t\u0101. Tie\u0161i t\u0101 ar\u012b rad\u0101s &#8220;Mazo l\u0101\u010du putra&#8221;- vesel\u012bga, biolo\u0123iska alternat\u012bva, ierakstaj\u0101m, lielveikalos nop\u0113rkamaj\u0101m putr\u0101m. Lielais putru cien\u012bt\u0101js &#8211;\u00a0Olivers &#8211; piedzima 2014.gad\u0101. Tie\u0161i pateicoties vi\u0146a lielajai k\u0101rei p\u0113c putr\u0101m, v\u0113l\u0101k ar\u012b rad\u0101s &#8220;Mazo l\u0101\u010du putra&#8221;. S\u0101kotn\u0113ji, mekl\u0113jot putras veikalu plauktos, netika atrasts [&hellip;]<\/p>\n","protected":false},"author":1,"featured_media":0,"parent":0,"menu_order":0,"comment_status":"closed","ping_status":"closed","template":"elementor_header_footer","meta":{"footnotes":""},"class_list":["post-557","page","type-page","status-publish","hentry"],"_links":{"self":[{"href":"https:\/\/mazolacuputra.lv\/et\/wp-json\/wp\/v2\/pages\/557","targetHints":{"allow":["GET"]}}],"collection":[{"href":"https:\/\/mazolacuputra.lv\/et\/wp-json\/wp\/v2\/pages"}],"about":[{"href":"https:\/\/mazolacuputra.lv\/et\/wp-json\/wp\/v2\/types\/page"}],"author":[{"embeddable":true,"href":"https:\/\/mazolacuputra.lv\/et\/wp-json\/wp\/v2\/users\/1"}],"replies":[{"embeddable":true,"href":"https:\/\/mazolacuputra.lv\/et\/wp-json\/wp\/v2\/comments?post=557"}],"version-history":[{"count":100,"href":"https:\/\/mazolacuputra.lv\/et\/wp-json\/wp\/v2\/pages\/557\/revisions"}],"predecessor-version":[{"id":3154,"href":"https:\/\/mazolacuputra.lv\/et\/wp-json\/wp\/v2\/pages\/557\/revisions\/3154"}],"wp:attachment":[{"href":"https:\/\/mazolacuputra.lv\/et\/wp-json\/wp\/v2\/media?parent=557"}],"curies":[{"name":"wp","href":"https:\/\/api.w.org\/{rel}","templated":true}]}}