{"id":564,"date":"2023-06-12T00:04:06","date_gmt":"2023-06-11T21:04:06","guid":{"rendered":"https:\/\/mazolacuputra.lv\/?post_type=product&#038;p=564"},"modified":"2025-06-01T00:12:12","modified_gmt":"2025-05-31T21:12:12","slug":"pilngraudu-risi-uzpusti-bio-110-gr","status":"publish","type":"product","link":"https:\/\/mazolacuputra.lv\/en\/veikals\/savi-produkti\/pilngraudu-risi-uzpusti-bio-110-gr\/","title":{"rendered":"Puffed whole grain rice - BIO, 110 gr."},"content":{"rendered":"","protected":false},"excerpt":{"rendered":"<div>100% BIO r\u012bsi(It\u0101lija), 110 gr.<\/div>\n<div><\/div>\n<div>Uzturv\u0113rt\u012bba (100 gr.produkta):<\/div>\n<div>ener\u0123\u0113tisk\u0101 v\u0113rt\u012bba 1693kj\/400kcal<\/div>\n<div>tauki 4,6 g<\/div>\n<div>tostarp pies\u0101tin\u0101t\u0101s tauksk\u0101bes 0,3g<\/div>\n<div>og\u013chidr\u0101ti 72g<\/div>\n<div>tostarp cukuri 0g<\/div>\n<div>olbaltumvielas 13g<\/div>\n<div>s\u0101ls 0g<\/div>\n<div><\/div>\n<div>Uzglab\u0101\u0161ana: tum\u0161\u0101, v\u0113s\u0101 viet\u0101<\/div>\n<div><\/div>\n<p><em>Uzp\u016bstie bio r\u012bsi ir lielisks papildin\u0101jums ikdienas malt\u012btei, to lietojot putr\u0101s, saldajos \u0113dienos, ar jogurtu vai pievienojot keksam, kas to padar\u012bs puf\u012bg\u0101ku.<\/em><\/p>\n<p>Der.term. vismaz 2 m\u0113ne\u0161i<\/p>\n<p>&nbsp;<\/p>\n<p>&nbsp;<\/p>\n<p>&nbsp;<\/p>\n<p>&nbsp;<\/p>\n<p>&nbsp;<\/p>\n<p>&nbsp;<\/p>\n<p>&nbsp;<\/p>\n<p><em>Iepakot\u0101js : Lat food LP SIA<\/em><\/p>\n<div><em>Atmodas, Sn\u0113peles pagasts, Kuld\u012bgas novads<\/em><\/div>\n<div><\/div>","protected":false},"featured_media":565,"comment_status":"open","ping_status":"closed","template":"","meta":[],"product_brand":[],"product_cat":[26],"product_tag":[],"class_list":{"0":"post-564","1":"product","2":"type-product","3":"status-publish","4":"has-post-thumbnail","6":"product_cat-savi-produkti","8":"first","9":"instock","10":"taxable","11":"shipping-taxable","12":"purchasable","13":"product-type-simple"},"_links":{"self":[{"href":"https:\/\/mazolacuputra.lv\/en\/wp-json\/wp\/v2\/product\/564","targetHints":{"allow":["GET"]}}],"collection":[{"href":"https:\/\/mazolacuputra.lv\/en\/wp-json\/wp\/v2\/product"}],"about":[{"href":"https:\/\/mazolacuputra.lv\/en\/wp-json\/wp\/v2\/types\/product"}],"replies":[{"embeddable":true,"href":"https:\/\/mazolacuputra.lv\/en\/wp-json\/wp\/v2\/comments?post=564"}],"wp:featuredmedia":[{"embeddable":true,"href":"https:\/\/mazolacuputra.lv\/en\/wp-json\/wp\/v2\/media\/565"}],"wp:attachment":[{"href":"https:\/\/mazolacuputra.lv\/en\/wp-json\/wp\/v2\/media?parent=564"}],"wp:term":[{"taxonomy":"product_brand","embeddable":true,"href":"https:\/\/mazolacuputra.lv\/en\/wp-json\/wp\/v2\/product_brand?post=564"},{"taxonomy":"product_cat","embeddable":true,"href":"https:\/\/mazolacuputra.lv\/en\/wp-json\/wp\/v2\/product_cat?post=564"},{"taxonomy":"product_tag","embeddable":true,"href":"https:\/\/mazolacuputra.lv\/en\/wp-json\/wp\/v2\/product_tag?post=564"}],"curies":[{"name":"wp","href":"https:\/\/api.w.org\/{rel}","templated":true}]}}