{"id":553,"date":"2023-06-11T23:54:20","date_gmt":"2023-06-11T20:54:20","guid":{"rendered":"https:\/\/mazolacuputra.lv\/?post_type=product&#038;p=553"},"modified":"2025-03-19T14:49:16","modified_gmt":"2025-03-19T11:49:16","slug":"bio-burkanu-pulveris-40-gr","status":"publish","type":"product","link":"https:\/\/mazolacuputra.lv\/en\/veikals\/savi-produkti\/bio-burkanu-pulveris-40-gr\/","title":{"rendered":"BIO SUBLIM\u0112TU BURK\u0100NU PULVERIS, 40 gr."},"content":{"rendered":"","protected":false},"excerpt":{"rendered":"<p>100% bio sublim\u0113tu burk\u0101nu pulveris. T\u012brs produkts, bez piejaukumiem. Iepakojum\u0101 40 gr.<\/p>\n<p>Lieliska piedeva zup\u0101m un m\u0113rc\u0113m, k\u0101 ar\u012b saldajiem \u0113dieniem-k\u016bk\u0101m un keksiem.<\/p>\n<p><em>Kr\u0101sa iesp\u0113jama no oran\u017eas l\u012bdz gai\u0161i dzeltenai.<\/em><\/p>\n<p>Der.term.vismaz\u00a0 4 m\u0113ne\u0161i.<\/p>","protected":false},"featured_media":554,"comment_status":"open","ping_status":"closed","template":"","meta":[],"product_brand":[],"product_cat":[26],"product_tag":[],"class_list":{"0":"post-553","1":"product","2":"type-product","3":"status-publish","4":"has-post-thumbnail","6":"product_cat-savi-produkti","8":"first","9":"instock","10":"sale","11":"taxable","12":"shipping-taxable","13":"purchasable","14":"product-type-simple"},"_links":{"self":[{"href":"https:\/\/mazolacuputra.lv\/en\/wp-json\/wp\/v2\/product\/553","targetHints":{"allow":["GET"]}}],"collection":[{"href":"https:\/\/mazolacuputra.lv\/en\/wp-json\/wp\/v2\/product"}],"about":[{"href":"https:\/\/mazolacuputra.lv\/en\/wp-json\/wp\/v2\/types\/product"}],"replies":[{"embeddable":true,"href":"https:\/\/mazolacuputra.lv\/en\/wp-json\/wp\/v2\/comments?post=553"}],"wp:featuredmedia":[{"embeddable":true,"href":"https:\/\/mazolacuputra.lv\/en\/wp-json\/wp\/v2\/media\/554"}],"wp:attachment":[{"href":"https:\/\/mazolacuputra.lv\/en\/wp-json\/wp\/v2\/media?parent=553"}],"wp:term":[{"taxonomy":"product_brand","embeddable":true,"href":"https:\/\/mazolacuputra.lv\/en\/wp-json\/wp\/v2\/product_brand?post=553"},{"taxonomy":"product_cat","embeddable":true,"href":"https:\/\/mazolacuputra.lv\/en\/wp-json\/wp\/v2\/product_cat?post=553"},{"taxonomy":"product_tag","embeddable":true,"href":"https:\/\/mazolacuputra.lv\/en\/wp-json\/wp\/v2\/product_tag?post=553"}],"curies":[{"name":"wp","href":"https:\/\/api.w.org\/{rel}","templated":true}]}}