{"id":534,"date":"2023-06-11T23:40:56","date_gmt":"2023-06-11T20:40:56","guid":{"rendered":"https:\/\/mazolacuputra.lv\/?post_type=product&#038;p=534"},"modified":"2026-03-20T09:20:11","modified_gmt":"2026-03-20T06:20:11","slug":"bezglutena-bio-auzu-parslas-350-gr","status":"publish","type":"product","link":"https:\/\/mazolacuputra.lv\/en\/veikals\/savi-produkti\/bezglutena-bio-auzu-parslas-350-gr\/","title":{"rendered":"BEZGLUT\u0112NA BIO auzu p\u0101rslas, 350 gr."},"content":{"rendered":"","protected":false},"excerpt":{"rendered":"<p>100% BIO auzu p\u0101rslas bezlgut\u0113na(Lietuva), 350 gr.<\/p>\n<p>Der.term. vismaz 2 m\u0113ne\u0161i<\/p>","protected":false},"featured_media":535,"comment_status":"open","ping_status":"closed","template":"","meta":[],"product_brand":[],"product_cat":[26],"product_tag":[],"class_list":{"0":"post-534","1":"product","2":"type-product","3":"status-publish","4":"has-post-thumbnail","6":"product_cat-savi-produkti","8":"first","9":"outofstock","10":"sale","11":"taxable","12":"shipping-taxable","13":"purchasable","14":"product-type-simple"},"_links":{"self":[{"href":"https:\/\/mazolacuputra.lv\/en\/wp-json\/wp\/v2\/product\/534","targetHints":{"allow":["GET"]}}],"collection":[{"href":"https:\/\/mazolacuputra.lv\/en\/wp-json\/wp\/v2\/product"}],"about":[{"href":"https:\/\/mazolacuputra.lv\/en\/wp-json\/wp\/v2\/types\/product"}],"replies":[{"embeddable":true,"href":"https:\/\/mazolacuputra.lv\/en\/wp-json\/wp\/v2\/comments?post=534"}],"wp:featuredmedia":[{"embeddable":true,"href":"https:\/\/mazolacuputra.lv\/en\/wp-json\/wp\/v2\/media\/535"}],"wp:attachment":[{"href":"https:\/\/mazolacuputra.lv\/en\/wp-json\/wp\/v2\/media?parent=534"}],"wp:term":[{"taxonomy":"product_brand","embeddable":true,"href":"https:\/\/mazolacuputra.lv\/en\/wp-json\/wp\/v2\/product_brand?post=534"},{"taxonomy":"product_cat","embeddable":true,"href":"https:\/\/mazolacuputra.lv\/en\/wp-json\/wp\/v2\/product_cat?post=534"},{"taxonomy":"product_tag","embeddable":true,"href":"https:\/\/mazolacuputra.lv\/en\/wp-json\/wp\/v2\/product_tag?post=534"}],"curies":[{"name":"wp","href":"https:\/\/api.w.org\/{rel}","templated":true}]}}