{"id":521,"date":"2023-06-11T23:28:39","date_gmt":"2023-06-11T20:28:39","guid":{"rendered":"https:\/\/mazolacuputra.lv\/?post_type=product&#038;p=521"},"modified":"2026-02-23T19:02:03","modified_gmt":"2026-02-23T16:02:03","slug":"bio-3-graudu-putra-ar-ogam-no-6-menesu-vecuma-200gr","status":"publish","type":"product","link":"https:\/\/mazolacuputra.lv\/en\/veikals\/putras\/bio-3-graudu-putra-ar-ogam-no-6-menesu-vecuma-200gr\/","title":{"rendered":"BIO 3 graudu putra ar og\u0101m, no 6 m\u0113ne\u0161u vecuma, 200gr."},"content":{"rendered":"","protected":false},"excerpt":{"rendered":"<p>Graudaugu putras mais\u012bjums b\u0113rniem no 6 m\u0113ne\u0161u vecuma.<\/p>\n<p>Sast\u0101v\u0101 : Biolo\u0123iski graudaugi 98%*(<strong>pilngraudu auzu milti<\/strong> (Latvija), prosu milti, gri\u0137u klijas), ogas 2%* ( avenes, upenes). Iesak\u0101m b\u0113rniem no 6 m\u0113ne\u0161u vecuma.<\/p>\n<p>*biolo\u0123isk\u0101s lauksaimniec\u012bbas produkts.<\/p>\n<p>Produkts lietojams bez v\u0101r\u012b\u0161anas, nepiecie\u0161ams , l\u012bdz 50 gr\u0101diem atdzes\u0113ts, piens vai \u016bdens, putras aplie\u0161anai,\u00a0ta\u010du ar\u012b varat putru pagatavot , s\u0101kum\u0101 vien\u0101 gl\u0101z\u0113 auksta piena vai \u016bdens ieb\u0113rt 2-3 \u0113d.karotes produkta, izmais\u012bt to un uz pl\u012bts uzkars\u0113t to l\u012bdz pirmajam burbulim.<\/p>\n<p>Neto svars 200 gr.<\/p>\n<p>100 gr. produkta uzturv\u0113rt\u012bba: ener\u0123\u0113tisk\u0101 v\u0113rt\u012bba kj1545, kcal 368, tauki 1.6, pies\u0101tin\u0101t\u0101s tauks\u0101bes 0.04g, og\u013chidr\u0101ti 66.2g, tostarp cukuri 1.3*g, \u0161\u0137iedrvielas 6.5g, olbaltumvielas 12.3g, s\u0101ls 0g ;\u00a0 *tikai dab\u012bgs aug\u013cu\/d\u0101rze\u0146u cukurs.<\/p>\n<p>Ra\u017eot\u0101js: Lat food LP SIA<\/p>\n<p>Adrese: Atmodas, Sn\u0113peles pag., Kuld\u012bgas nov., Latvija<\/p>\n<p><em>Produkts var satur\u0113t soju, sezama s\u0113klas, riekstu da\u013ci\u0146as.<\/em><\/p>\n<p>Der.term.8 m\u0113n.<\/p>","protected":false},"featured_media":3093,"comment_status":"open","ping_status":"closed","template":"","meta":[],"product_brand":[],"product_cat":[18],"product_tag":[],"class_list":{"0":"post-521","1":"product","2":"type-product","3":"status-publish","4":"has-post-thumbnail","6":"product_cat-putras","8":"first","9":"instock","10":"featured","11":"taxable","12":"shipping-taxable","13":"purchasable","14":"product-type-simple"},"_links":{"self":[{"href":"https:\/\/mazolacuputra.lv\/en\/wp-json\/wp\/v2\/product\/521","targetHints":{"allow":["GET"]}}],"collection":[{"href":"https:\/\/mazolacuputra.lv\/en\/wp-json\/wp\/v2\/product"}],"about":[{"href":"https:\/\/mazolacuputra.lv\/en\/wp-json\/wp\/v2\/types\/product"}],"replies":[{"embeddable":true,"href":"https:\/\/mazolacuputra.lv\/en\/wp-json\/wp\/v2\/comments?post=521"}],"wp:featuredmedia":[{"embeddable":true,"href":"https:\/\/mazolacuputra.lv\/en\/wp-json\/wp\/v2\/media\/3093"}],"wp:attachment":[{"href":"https:\/\/mazolacuputra.lv\/en\/wp-json\/wp\/v2\/media?parent=521"}],"wp:term":[{"taxonomy":"product_brand","embeddable":true,"href":"https:\/\/mazolacuputra.lv\/en\/wp-json\/wp\/v2\/product_brand?post=521"},{"taxonomy":"product_cat","embeddable":true,"href":"https:\/\/mazolacuputra.lv\/en\/wp-json\/wp\/v2\/product_cat?post=521"},{"taxonomy":"product_tag","embeddable":true,"href":"https:\/\/mazolacuputra.lv\/en\/wp-json\/wp\/v2\/product_tag?post=521"}],"curies":[{"name":"wp","href":"https:\/\/api.w.org\/{rel}","templated":true}]}}