{"id":4718,"date":"2025-12-27T15:58:13","date_gmt":"2025-12-27T12:58:13","guid":{"rendered":"https:\/\/mazolacuputra.lv\/?post_type=product&#038;p=4718"},"modified":"2026-03-13T20:56:34","modified_gmt":"2026-03-13T17:56:34","slug":"marmelade-sildosa","status":"publish","type":"product","link":"https:\/\/mazolacuputra.lv\/en\/veikals\/sadarbibas-partneri\/marmelade-sildosa\/","title":{"rendered":"MARMEL\u0100DE SILDO\u0160\u0100, 140g"},"content":{"rendered":"","protected":false},"excerpt":{"rendered":"<p>&nbsp;<\/p>\n<p><b>Sildo\u0161\u0101 marmel\u0101de ar ingveru<\/b><\/p>\n<p><span style=\"font-weight: 400;\">Sast\u0101vda\u013cas:\u00a0 Apels\u012bnu marmel\u0101de ar ingveru (,cukurs, glikozes s\u012brups, apels\u012bnu sula,\u00a0 pekt\u012bns (recin\u0101t\u0101js), citronsk\u0101be (sk\u0101buma regul\u0113t\u0101js), ingvera pulveris), pl\u016bmju marmel\u0101de ar ingveru (cukurs, glikozes s\u012brups, pl\u016bmju sula,\u00a0 pekt\u012bns (recin\u0101t\u0101js), citronsk\u0101be (sk\u0101buma regul\u0113t\u0101js), ingvera pulveris .100g produkta satur: Ener\u0123\u0113tisk\u0101 v\u0113rt\u012bba 1445kJ\/340kcal, tauki 0,8g tostarp pies\u0101tin\u0101t\u0101s tauksk\u0101bes 0,1g, og\u013chidr\u0101ti 81,0g tostarp cukuri 73,0g, olbaltumvielas 0,2g, \u0161\u0137iedrvielas 2,2g, s\u0101ls 0,1g. Ra\u017eots Latvij\u0101 p\u0113c SIA Lat food LP pas\u016bt\u012bjuma.<\/span><\/p>\n<p><span style=\"font-weight: 400;\">Neto: 140g (+\/-2 g). Sazi\u0146ai:<\/span><a href=\"mailto:birojs@mazolacuputra.lv\"><span style=\"font-weight: 400;\">birojs@mazolacuputra.lv<\/span><\/a><\/p>","protected":false},"featured_media":4715,"comment_status":"open","ping_status":"closed","template":"","meta":[],"product_brand":[],"product_cat":[27],"product_tag":[],"class_list":{"0":"post-4718","1":"product","2":"type-product","3":"status-publish","4":"has-post-thumbnail","6":"product_cat-sadarbibas-partneri","8":"first","9":"instock","10":"sale","11":"taxable","12":"shipping-taxable","13":"purchasable","14":"product-type-simple"},"_links":{"self":[{"href":"https:\/\/mazolacuputra.lv\/en\/wp-json\/wp\/v2\/product\/4718","targetHints":{"allow":["GET"]}}],"collection":[{"href":"https:\/\/mazolacuputra.lv\/en\/wp-json\/wp\/v2\/product"}],"about":[{"href":"https:\/\/mazolacuputra.lv\/en\/wp-json\/wp\/v2\/types\/product"}],"replies":[{"embeddable":true,"href":"https:\/\/mazolacuputra.lv\/en\/wp-json\/wp\/v2\/comments?post=4718"}],"wp:featuredmedia":[{"embeddable":true,"href":"https:\/\/mazolacuputra.lv\/en\/wp-json\/wp\/v2\/media\/4715"}],"wp:attachment":[{"href":"https:\/\/mazolacuputra.lv\/en\/wp-json\/wp\/v2\/media?parent=4718"}],"wp:term":[{"taxonomy":"product_brand","embeddable":true,"href":"https:\/\/mazolacuputra.lv\/en\/wp-json\/wp\/v2\/product_brand?post=4718"},{"taxonomy":"product_cat","embeddable":true,"href":"https:\/\/mazolacuputra.lv\/en\/wp-json\/wp\/v2\/product_cat?post=4718"},{"taxonomy":"product_tag","embeddable":true,"href":"https:\/\/mazolacuputra.lv\/en\/wp-json\/wp\/v2\/product_tag?post=4718"}],"curies":[{"name":"wp","href":"https:\/\/api.w.org\/{rel}","templated":true}]}}