{"id":4685,"date":"2025-12-26T00:32:43","date_gmt":"2025-12-25T21:32:43","guid":{"rendered":"https:\/\/mazolacuputra.lv\/?post_type=product&#038;p=4685"},"modified":"2026-01-22T15:05:00","modified_gmt":"2026-01-22T12:05:00","slug":"auglu-trifeles-9-gb","status":"publish","type":"product","link":"https:\/\/mazolacuputra.lv\/en\/veikals\/sadarbibas-partneri\/auglu-trifeles-9-gb\/","title":{"rendered":"AUG\u013bU TRIFELES, 9 GB."},"content":{"rendered":"","protected":false},"excerpt":{"rendered":"<p>M\u016bsu pils\u0113tai-Kuld\u012bgai, pa godu tapu\u0161as aug\u013cu trifeles \u012bpa\u0161\u0101 kastes noform\u0113jum\u0101.<\/p>\n<p>APELS\u012aNU TRIFELES AR LAZDU RIEKSTU PRALIN\u0112,<\/p>\n<p>SAST\u0100V\u0100: Dateles(Pakist\u0101na), piena \u0161okol\u0101de (cukurs, kakao sviests, PILNPIENA pulveris, kakao masa, emulgators: SOJAS lecit\u012bns (E322),\u00a0 dab\u012bgs vani\u013cas aromatiz\u0113t\u0101js , kakao saturs vismaz 34%) apels\u012bnu suk\u0101des 17%(apels\u012bnu miza, cukurs, vani\u013cas cukurs),lazdu RIEKSTU pralin\u0113 10,5% (lazdu rieksti, cukurs). Uzturv\u0113rt\u012bba:100 grami produkta satur: ener\u0123\u0113tisk\u0101 v\u0113rt\u012bba 1675kj\/ 398kcal, tauki 15g- tostarp pies\u0101tin\u0101t\u0101s tauksk\u0101bes 5,78g, og\u013chidr\u0101ti 60g- tostarp cukuri 55g, olbaltumvielas 4g, s\u0101ls 0,1g.<\/p>\n<p>TRIFELES AR LAZDU RIEKSTIEM TUM\u0160AJ\u0100 \u0160OKOL\u0100D\u0112,<\/p>\n<p>SAST\u0100V\u0100: Dateles(Pakist\u0101na), tum\u0161\u0101 \u0161okol\u0101des(kakao masa,cukurs,kakao sviests, emulgators- SOJAS lecit\u012bns,dab\u012bgs vani\u013cas aromatiz\u0113t\u0101js. Kakao saturs nav maz\u0101ks par 55% ) aprikozes (aprikozes, konservants s\u0113ra dioks\u012bds), \u017e\u0101v\u0113tas pl\u016bmes, cidoniju suk\u0101des (cidonijas, cukurs), lazdu RIEKSTI. 100 grami produkta satur: ener\u0123\u0113tisk\u0101 v\u0113rt\u012bba 1655kj\/ 395kcal, tauki 15,1g, tostarp pies\u0101tin\u0101t\u0101s tauksk\u0101bes 5,78g, og\u013chidr\u0101ti 57,08g, tostarp cukuri 49,44g, olbaltumvielas 4,64g, s\u0101ls 0,1g.<\/p>\n<p>DZ\u0112RVE\u0145U- KARAME\u013bU TRIFELES,<\/p>\n<p>Dz\u0113rve\u0146u suk\u0101des 39,5%(Latvija)(dz\u0113rvenes,cukurs),\u00a0 piena \u0161okol\u0101de ar karameli(cukurs, kakao sviests, PILNPIENA pulveris, V\u0100JPIENA pulveris, kakao masa, karame\u013cu pulveris (5%)V\u0100JPIENA pulveris, S\u016aKALU pulveris, cukurs, SVIESTS), S\u016aKALU pulveris, LAKTOZE, emulgators: SOJAS lecit\u012bns (E322), karame\u013cu, dab\u012bgs vani\u013cas aromatiz\u0113t\u0101js (kakao saturs vismaz 35%), aprikozes(aprikozes, konservants s\u0113ra dioks\u012bds), MANDELES, p\u016bsti r\u012bsi.<\/p>\n<p>100 grami produkta satur: ener\u0123\u0113tisk\u0101 v\u0113rt\u012bba 1526kj\/ 348kcal, tauki 15,4g, tostarp pies\u0101tin\u0101t\u0101s tauksk\u0101bes 5,9g, og\u013chidr\u0101ti 58,15g, tostarp cukuri 54,5g, olbaltumvielas 4,75g, s\u0101ls 0,1g.<\/p>\n<p>Netto 240g<\/p>\n<p>Ra\u017eot\u0101js: Lat food LP SIA, Mucenieku iela 35b-10, Kuld\u012bga, Latvija<\/p>","protected":false},"featured_media":4222,"comment_status":"open","ping_status":"closed","template":"","meta":[],"product_brand":[],"product_cat":[27],"product_tag":[],"class_list":{"0":"post-4685","1":"product","2":"type-product","3":"status-publish","4":"has-post-thumbnail","6":"product_cat-sadarbibas-partneri","8":"first","9":"instock","10":"sale","11":"taxable","12":"shipping-taxable","13":"purchasable","14":"product-type-simple"},"_links":{"self":[{"href":"https:\/\/mazolacuputra.lv\/en\/wp-json\/wp\/v2\/product\/4685","targetHints":{"allow":["GET"]}}],"collection":[{"href":"https:\/\/mazolacuputra.lv\/en\/wp-json\/wp\/v2\/product"}],"about":[{"href":"https:\/\/mazolacuputra.lv\/en\/wp-json\/wp\/v2\/types\/product"}],"replies":[{"embeddable":true,"href":"https:\/\/mazolacuputra.lv\/en\/wp-json\/wp\/v2\/comments?post=4685"}],"wp:featuredmedia":[{"embeddable":true,"href":"https:\/\/mazolacuputra.lv\/en\/wp-json\/wp\/v2\/media\/4222"}],"wp:attachment":[{"href":"https:\/\/mazolacuputra.lv\/en\/wp-json\/wp\/v2\/media?parent=4685"}],"wp:term":[{"taxonomy":"product_brand","embeddable":true,"href":"https:\/\/mazolacuputra.lv\/en\/wp-json\/wp\/v2\/product_brand?post=4685"},{"taxonomy":"product_cat","embeddable":true,"href":"https:\/\/mazolacuputra.lv\/en\/wp-json\/wp\/v2\/product_cat?post=4685"},{"taxonomy":"product_tag","embeddable":true,"href":"https:\/\/mazolacuputra.lv\/en\/wp-json\/wp\/v2\/product_tag?post=4685"}],"curies":[{"name":"wp","href":"https:\/\/api.w.org\/{rel}","templated":true}]}}