{"id":4680,"date":"2025-12-25T13:38:38","date_gmt":"2025-12-25T10:38:38","guid":{"rendered":"https:\/\/mazolacuputra.lv\/?post_type=product&#038;p=4680"},"modified":"2025-12-25T13:44:41","modified_gmt":"2025-12-25T10:44:41","slug":"sokolade-pudele","status":"publish","type":"product","link":"https:\/\/mazolacuputra.lv\/en\/veikals\/sadarbibas-partneru-produkti\/sadarbibas-partneru-piedavajumi\/sokolade-pudele\/","title":{"rendered":"\u0160OKOL\u00c0DE-PUDELE"},"content":{"rendered":"","protected":false},"excerpt":{"rendered":"<p>Maza izm\u0113ra \u0161okol\u00e1des fig\u016bri\u0146a -pudele.<\/p>\n<p>Ra\u017eot\u0101js CHOCOMAGIJA<\/p>\n<p>Netto 30g<\/p>","protected":false},"featured_media":4681,"comment_status":"open","ping_status":"closed","template":"","meta":[],"product_brand":[],"product_cat":[34,33],"product_tag":[],"class_list":{"0":"post-4680","1":"product","2":"type-product","3":"status-publish","4":"has-post-thumbnail","6":"product_cat-sadarbibas-partneru-piedavajumi","7":"product_cat-sadarbibas-partneru-produkti","9":"first","10":"instock","11":"sale","12":"taxable","13":"shipping-taxable","14":"purchasable","15":"product-type-simple"},"_links":{"self":[{"href":"https:\/\/mazolacuputra.lv\/en\/wp-json\/wp\/v2\/product\/4680","targetHints":{"allow":["GET"]}}],"collection":[{"href":"https:\/\/mazolacuputra.lv\/en\/wp-json\/wp\/v2\/product"}],"about":[{"href":"https:\/\/mazolacuputra.lv\/en\/wp-json\/wp\/v2\/types\/product"}],"replies":[{"embeddable":true,"href":"https:\/\/mazolacuputra.lv\/en\/wp-json\/wp\/v2\/comments?post=4680"}],"wp:featuredmedia":[{"embeddable":true,"href":"https:\/\/mazolacuputra.lv\/en\/wp-json\/wp\/v2\/media\/4681"}],"wp:attachment":[{"href":"https:\/\/mazolacuputra.lv\/en\/wp-json\/wp\/v2\/media?parent=4680"}],"wp:term":[{"taxonomy":"product_brand","embeddable":true,"href":"https:\/\/mazolacuputra.lv\/en\/wp-json\/wp\/v2\/product_brand?post=4680"},{"taxonomy":"product_cat","embeddable":true,"href":"https:\/\/mazolacuputra.lv\/en\/wp-json\/wp\/v2\/product_cat?post=4680"},{"taxonomy":"product_tag","embeddable":true,"href":"https:\/\/mazolacuputra.lv\/en\/wp-json\/wp\/v2\/product_tag?post=4680"}],"curies":[{"name":"wp","href":"https:\/\/api.w.org\/{rel}","templated":true}]}}