{"id":4242,"date":"2025-04-09T19:35:40","date_gmt":"2025-04-09T16:35:40","guid":{"rendered":"https:\/\/mazolacuputra.lv\/?post_type=product&#038;p=4242"},"modified":"2026-01-22T13:52:07","modified_gmt":"2026-01-22T10:52:07","slug":"tumsa-sokolades-gardums-ar-avenem","status":"publish","type":"product","link":"https:\/\/mazolacuputra.lv\/en\/veikals\/sadarbibas-partneri\/tumsa-sokolades-gardums-ar-avenem\/","title":{"rendered":"TUM\u0160\u0100S \u0160OKOL\u0100DES GARDUMS AR AVEN\u0112M"},"content":{"rendered":"","protected":false},"excerpt":{"rendered":"<p>M\u016bsu m\u012b\u013cajai pils\u0113tai par godu, tapu\u0161i gardumi ar Kuld\u012bgas skaist\u0101kajiem apskates objektiem.<\/p>\n<p class=\"cvGsUA direction-ltr align-justify para-style-body\"><span class=\"OYPEnA font-feature-liga-off font-feature-clig-off font-feature-calt-off text-decoration-none text-strikethrough-none\">um\u0161\u0101s \u0161okol\u0101des gardums. Neto 30 g<\/span><\/p>\n<p class=\"cvGsUA direction-ltr align-justify para-style-body\"><span class=\"OYPEnA font-feature-liga-off font-feature-clig-off font-feature-calt-off text-decoration-none text-strikethrough-none\">Sast\u0101v\u0101: Tum\u0161\u0101 \u0161okol\u0101de 60% (Be\u013c\u0123ija) (kakao masa,cukurs,kakao sviests, emulgators- SOJAS lecit\u012bns,dab\u012bgs vani\u013cas aromatiz\u0113t\u0101js. Kakao saturs nav maz\u0101ks par 55% ), mandeles, uzp\u016bsti r\u012bsi, sublim\u0113tas avenes.<\/span><\/p>\n<p class=\"cvGsUA direction-ltr align-justify para-style-body\"><span class=\"OYPEnA font-feature-liga-off font-feature-clig-off font-feature-calt-off text-decoration-none text-strikethrough-none\">Uztuv\u0113rt\u012bba 100 g. produkta: : ener\u0123\u0113tisk\u0101 v\u0113rt\u012bba 2071kj\/ 495kcal, tauki 29, tostarp pies\u0101tin\u0101t\u0101s tauksk\u0101bes 13,5, og\u013chidr\u0101ti 43,4, tostarp cukuri 24,5, olbaltumvielas 9,2, s\u0101ls 0<\/span><\/p>\n<p class=\"cvGsUA direction-ltr align-justify para-style-body\"><span class=\"OYPEnA font-feature-liga-off font-feature-clig-off font-feature-calt-off text-decoration-none text-strikethrough-none\">Ra\u017eot\u0101js: Lat food LP SIA, Mucenieku iela 35b-10, Kuld\u012bga, Latvija.<\/span><\/p>","protected":false},"featured_media":4243,"comment_status":"open","ping_status":"closed","template":"","meta":[],"product_brand":[],"product_cat":[27],"product_tag":[],"class_list":{"0":"post-4242","1":"product","2":"type-product","3":"status-publish","4":"has-post-thumbnail","6":"product_cat-sadarbibas-partneri","8":"first","9":"instock","10":"sale","11":"taxable","12":"shipping-taxable","13":"purchasable","14":"product-type-simple"},"_links":{"self":[{"href":"https:\/\/mazolacuputra.lv\/en\/wp-json\/wp\/v2\/product\/4242","targetHints":{"allow":["GET"]}}],"collection":[{"href":"https:\/\/mazolacuputra.lv\/en\/wp-json\/wp\/v2\/product"}],"about":[{"href":"https:\/\/mazolacuputra.lv\/en\/wp-json\/wp\/v2\/types\/product"}],"replies":[{"embeddable":true,"href":"https:\/\/mazolacuputra.lv\/en\/wp-json\/wp\/v2\/comments?post=4242"}],"wp:featuredmedia":[{"embeddable":true,"href":"https:\/\/mazolacuputra.lv\/en\/wp-json\/wp\/v2\/media\/4243"}],"wp:attachment":[{"href":"https:\/\/mazolacuputra.lv\/en\/wp-json\/wp\/v2\/media?parent=4242"}],"wp:term":[{"taxonomy":"product_brand","embeddable":true,"href":"https:\/\/mazolacuputra.lv\/en\/wp-json\/wp\/v2\/product_brand?post=4242"},{"taxonomy":"product_cat","embeddable":true,"href":"https:\/\/mazolacuputra.lv\/en\/wp-json\/wp\/v2\/product_cat?post=4242"},{"taxonomy":"product_tag","embeddable":true,"href":"https:\/\/mazolacuputra.lv\/en\/wp-json\/wp\/v2\/product_tag?post=4242"}],"curies":[{"name":"wp","href":"https:\/\/api.w.org\/{rel}","templated":true}]}}