{"id":4238,"date":"2025-04-09T19:26:26","date_gmt":"2025-04-09T16:26:26","guid":{"rendered":"https:\/\/mazolacuputra.lv\/?post_type=product&#038;p=4238"},"modified":"2026-03-20T09:25:16","modified_gmt":"2026-03-20T06:25:16","slug":"tumsa-sokolade-ar-kirsiem-55g","status":"publish","type":"product","link":"https:\/\/mazolacuputra.lv\/en\/veikals\/sadarbibas-partneri\/tumsa-sokolade-ar-kirsiem-55g\/","title":{"rendered":"TUM\u0160\u0100 \u0160OKOL\u0100DE AR \u0136IR\u0160IEM, 55G"},"content":{"rendered":"","protected":false},"excerpt":{"rendered":"<p>M\u016bsu m\u012b\u013cajai pils\u0113tai par godu, tapu\u0161i gardumi ar Kuld\u012bgas skaist\u0101kajiem apskates objektiem.<\/p>\n<p><b>Sast\u0101v\u0101:<\/b><span style=\"font-weight: 400;\"> tum\u0161\u0101 \u0161okol\u0101des 98%(Be\u013c\u0123ija)(kakao masa,cukurs,kakao sviests, emulgators-<\/span> <span style=\"font-weight: 400;\">SOJAS<\/span> <span style=\"font-weight: 400;\">lecit\u012bns,dab\u012bgs vani\u013cas aromatiz\u0113t\u0101js.Kakao saturs nav maz\u0101ks par 55%) <\/span><span style=\"font-weight: 400;\">\u00a0sublim\u0113tu \u0137ir\u0161u gabali\u0146i 2%.<\/span><span style=\"font-weight: 400;\">Uzturv\u0113rt\u012bba:100 g produkts satur:<\/span><span style=\"font-weight: 400;\">Ener\u0123\u0113tisk\u0101 v\u0113rt\u012bba 2250 kJ \/ 540 kcal; tauki 33- tostarp pies\u0101tin\u0101t\u0101s tauksk\u0101bes 20,5,og\u013chidr\u0101ti 46- tostarp cukuri 43,olbaltumvielas 5,5g, s\u0101ls 0,07. <\/span><span style=\"font-weight: 400;\">Uzglab\u0101t: +5 l\u012bdz+20, ne tie\u0161os saules staros.NETO 55 g<\/span><\/p>\n<p>Ra\u017eot\u0101js: Lat food LP SIA<\/p>","protected":false},"featured_media":4239,"comment_status":"open","ping_status":"closed","template":"","meta":[],"product_brand":[],"product_cat":[27],"product_tag":[],"class_list":{"0":"post-4238","1":"product","2":"type-product","3":"status-publish","4":"has-post-thumbnail","6":"product_cat-sadarbibas-partneri","8":"first","9":"outofstock","10":"sale","11":"taxable","12":"shipping-taxable","13":"purchasable","14":"product-type-simple"},"_links":{"self":[{"href":"https:\/\/mazolacuputra.lv\/en\/wp-json\/wp\/v2\/product\/4238","targetHints":{"allow":["GET"]}}],"collection":[{"href":"https:\/\/mazolacuputra.lv\/en\/wp-json\/wp\/v2\/product"}],"about":[{"href":"https:\/\/mazolacuputra.lv\/en\/wp-json\/wp\/v2\/types\/product"}],"replies":[{"embeddable":true,"href":"https:\/\/mazolacuputra.lv\/en\/wp-json\/wp\/v2\/comments?post=4238"}],"wp:featuredmedia":[{"embeddable":true,"href":"https:\/\/mazolacuputra.lv\/en\/wp-json\/wp\/v2\/media\/4239"}],"wp:attachment":[{"href":"https:\/\/mazolacuputra.lv\/en\/wp-json\/wp\/v2\/media?parent=4238"}],"wp:term":[{"taxonomy":"product_brand","embeddable":true,"href":"https:\/\/mazolacuputra.lv\/en\/wp-json\/wp\/v2\/product_brand?post=4238"},{"taxonomy":"product_cat","embeddable":true,"href":"https:\/\/mazolacuputra.lv\/en\/wp-json\/wp\/v2\/product_cat?post=4238"},{"taxonomy":"product_tag","embeddable":true,"href":"https:\/\/mazolacuputra.lv\/en\/wp-json\/wp\/v2\/product_tag?post=4238"}],"curies":[{"name":"wp","href":"https:\/\/api.w.org\/{rel}","templated":true}]}}