{"id":4224,"date":"2025-04-08T14:15:11","date_gmt":"2025-04-08T11:15:11","guid":{"rendered":"https:\/\/mazolacuputra.lv\/?post_type=product&#038;p=4224"},"modified":"2026-01-30T13:51:08","modified_gmt":"2026-01-30T10:51:08","slug":"sokolades-gardums-ar-sukadem-100-gr","status":"publish","type":"product","link":"https:\/\/mazolacuputra.lv\/en\/veikals\/sadarbibas-partneri\/sokolades-gardums-ar-sukadem-100-gr\/","title":{"rendered":"\u0160OKOL\u0100DES GARDUMS AR SUK\u0100D\u0112M UN S\u0112KL\u0100M, 110 gr."},"content":{"rendered":"","protected":false},"excerpt":{"rendered":"<p><b>Piena \u0161okol\u0101ds gardums\u00a0<\/b><\/p>\n<p><b>Sast\u0101v\u0101:<\/b><span style=\"font-weight: 400;\"> piena \u0161okol\u0101de 55%(Be\u013c\u0123ija)(cukurs, kakao sviests, kakao masa, pilnPIENA pulveris, dab\u012bgas vani\u013cas aromatiz\u0113t\u0101js.Kakao saturs vismaz 35%), \u017e\u0101v\u0113tas aprikozes (aprikozes, s\u0113ra dioks\u012bds), cidoniju suk\u0101des (cidonijas, cukurs), lazdu RIEKSTI. Uzturv\u0113rt\u012bba:100 gr.produkts satur:ener\u0123\u0113tisk\u0101 v\u0113rt\u012bba 1660kj\/ 394kcal, tauki 15- tostarp pies\u0101tin\u0101t\u0101s tauksk\u0101bes 5,7, og\u013chidr\u0101ti 58- tostarp cukuri 54, olbaltumvielas 4g, s\u0101ls 0,1.<\/span><\/p>\n<p><b>Tum\u0161\u0101s \u0161okol\u0101des gardums<\/b><\/p>\n<p><b>Sast\u0101v\u0101:<\/b><span style=\"font-weight: 400;\"> tum\u0161\u0101 \u0161okol\u0101des 55%(Be\u013c\u0123ija)(kakao masa,cukurs,kakao sviests, emulgators-<\/span> <span style=\"font-weight: 400;\">SOJAS<\/span> <span style=\"font-weight: 400;\">lecit\u012bns,dab\u012bgs vani\u013cas aromatiz\u0113t\u0101js.Kakao saturs nav maz\u0101ks par 55%), dz\u0113rve\u0146u suk\u0101des (dz\u0113rvenes, cukurs, saulespu\u0137u e\u013c\u013ca), MANDELES, \u0137irbju s\u0113klas. 100 gr.produkts satur: ener\u0123\u0113tisk\u0101 v\u0113rt\u012bba 1655kj\/ 393kcal, tauki 15,1, tostarp pies\u0101tin\u0101t\u0101s tauksk\u0101bes 5,78, og\u013chidr\u0101ti 57,08, tostarp cukuri 49,44, olbaltumvielas 4,64, s\u0101ls 0,1.<\/span><\/p>\n<p><b>Balt\u0101s \u0161okol\u0101des gardums<\/b><\/p>\n<p><span style=\"font-weight: 400;\">Sast\u0101v\u0101: Balt\u0101 \u0161okol\u0101de (Be\u013c\u0123ija)((cukurs, kakao sviests, pilnPIENA pulveris, emulgators: SOJAS lecit\u012bns (E322), dab\u012bgs vani\u013cas aromatiz\u0113t\u0101js., kakao saturs vismaz 30%), dz\u0113rve\u0146u suk\u0101des(dz\u0113rvenes, cukurs), kokosriekstu skaidi\u0146as, balt\u0101s \u0161okol\u0101des p\u0113rl\u012btes op\u0101ls(cukurs, r\u012bsu milti, kakao sviests, pilnPIENA pulveris, LAKTOZE, v\u0101jPIENA pulveris, emulgators: E322 (SOJAS lecit\u012bns), s\u0101ls, glaz\u0113t\u0101jviela: E904 (\u0161ellaka), ciete, glikozes s\u012brups) dabiska kr\u0101sviela-biete. Uzturv\u0113rt\u012bba:100 g produkts satur:\u00a0 Ener\u0123\u0113tisk\u0101 v\u0113rt\u012bba 2401 kJ \/ 575 kcal, tauki 37,1 g- tostarp pies\u0101tin\u0101t\u0101s tauksk\u0101bes 22,5 g, og\u013chidr\u0101ti 54,4 g- tostarp cukuri 54,4 g, olbaltumvielas 6,2 g, s\u0101ls 0,22 g.\u00a0<\/span><\/p>\n<p><span style=\"font-weight: 400;\">Uzglab\u0101t: +5 l\u012bdz+20,ne tie\u0161os saules staros.<\/span><span style=\"font-weight: 400;\"> Ieteicams l\u012bdz:uz iepakojuma.<\/span><span style=\"font-weight: 400;\"> NETO 110g<\/span><\/p>\n<p>Ra\u017eot\u0101js: Lat food LP SIA,Kuld\u012bga, Latvija<\/p>","protected":false},"featured_media":4648,"comment_status":"open","ping_status":"closed","template":"","meta":[],"product_brand":[],"product_cat":[27],"product_tag":[],"class_list":{"0":"post-4224","1":"product","2":"type-product","3":"status-publish","4":"has-post-thumbnail","6":"product_cat-sadarbibas-partneri","8":"first","9":"instock","10":"sale","11":"taxable","12":"shipping-taxable","13":"purchasable","14":"product-type-simple"},"_links":{"self":[{"href":"https:\/\/mazolacuputra.lv\/en\/wp-json\/wp\/v2\/product\/4224","targetHints":{"allow":["GET"]}}],"collection":[{"href":"https:\/\/mazolacuputra.lv\/en\/wp-json\/wp\/v2\/product"}],"about":[{"href":"https:\/\/mazolacuputra.lv\/en\/wp-json\/wp\/v2\/types\/product"}],"replies":[{"embeddable":true,"href":"https:\/\/mazolacuputra.lv\/en\/wp-json\/wp\/v2\/comments?post=4224"}],"wp:featuredmedia":[{"embeddable":true,"href":"https:\/\/mazolacuputra.lv\/en\/wp-json\/wp\/v2\/media\/4648"}],"wp:attachment":[{"href":"https:\/\/mazolacuputra.lv\/en\/wp-json\/wp\/v2\/media?parent=4224"}],"wp:term":[{"taxonomy":"product_brand","embeddable":true,"href":"https:\/\/mazolacuputra.lv\/en\/wp-json\/wp\/v2\/product_brand?post=4224"},{"taxonomy":"product_cat","embeddable":true,"href":"https:\/\/mazolacuputra.lv\/en\/wp-json\/wp\/v2\/product_cat?post=4224"},{"taxonomy":"product_tag","embeddable":true,"href":"https:\/\/mazolacuputra.lv\/en\/wp-json\/wp\/v2\/product_tag?post=4224"}],"curies":[{"name":"wp","href":"https:\/\/api.w.org\/{rel}","templated":true}]}}