{"id":3953,"date":"2024-12-07T18:34:54","date_gmt":"2024-12-07T15:34:54","guid":{"rendered":"https:\/\/mazolacuputra.lv\/?post_type=product&#038;p=3953"},"modified":"2026-03-20T09:37:57","modified_gmt":"2026-03-20T06:37:57","slug":"apelsinu-bumbas-ar-lazdu-riekstu-praline","status":"publish","type":"product","link":"https:\/\/mazolacuputra.lv\/en\/veikals\/sadarbibas-partneri\/apelsinu-bumbas-ar-lazdu-riekstu-praline\/","title":{"rendered":"TUM\u0160\u0100S \u0160OKOL\u0100DES MEDALJONI AR \u0136IR\u0160IEM"},"content":{"rendered":"","protected":false},"excerpt":{"rendered":"<p>&nbsp;<\/p>\n<p>Sast\u0101v\u0101: <span style=\"font-weight: 400;\">tum\u0161\u0101 be\u013c\u0123u \u0161okol\u0101des (kakao masa,cukurs,kakao sviests, emulgators-<\/span><b> sojas <\/b><span style=\"font-weight: 400;\">lecit\u012bns,dab\u012bgs vani\u013cas aromatiz\u0113t\u0101js. Kakao saturs nav maz\u0101ks par 60% ), dz\u0113rve\u0146u suk\u0101des(dz\u0113rvenes, cukurs), sublim\u0113ti, \u0137ir\u0161u gabali\u0146i, kalt\u0113tas \u0137irbju s\u0113klas.<\/span><\/p>\n<p>Netto: 35 gr.<\/p>\n<p>Ra\u017eot\u0101js: Lat food LP SIA, Mucenieku iela 35b, Kuld\u012bga<\/p>","protected":false},"featured_media":4552,"comment_status":"open","ping_status":"closed","template":"","meta":[],"product_brand":[],"product_cat":[27],"product_tag":[],"class_list":{"0":"post-3953","1":"product","2":"type-product","3":"status-publish","4":"has-post-thumbnail","6":"product_cat-sadarbibas-partneri","8":"first","9":"instock","10":"sale","11":"taxable","12":"shipping-taxable","13":"purchasable","14":"product-type-simple"},"_links":{"self":[{"href":"https:\/\/mazolacuputra.lv\/en\/wp-json\/wp\/v2\/product\/3953","targetHints":{"allow":["GET"]}}],"collection":[{"href":"https:\/\/mazolacuputra.lv\/en\/wp-json\/wp\/v2\/product"}],"about":[{"href":"https:\/\/mazolacuputra.lv\/en\/wp-json\/wp\/v2\/types\/product"}],"replies":[{"embeddable":true,"href":"https:\/\/mazolacuputra.lv\/en\/wp-json\/wp\/v2\/comments?post=3953"}],"wp:featuredmedia":[{"embeddable":true,"href":"https:\/\/mazolacuputra.lv\/en\/wp-json\/wp\/v2\/media\/4552"}],"wp:attachment":[{"href":"https:\/\/mazolacuputra.lv\/en\/wp-json\/wp\/v2\/media?parent=3953"}],"wp:term":[{"taxonomy":"product_brand","embeddable":true,"href":"https:\/\/mazolacuputra.lv\/en\/wp-json\/wp\/v2\/product_brand?post=3953"},{"taxonomy":"product_cat","embeddable":true,"href":"https:\/\/mazolacuputra.lv\/en\/wp-json\/wp\/v2\/product_cat?post=3953"},{"taxonomy":"product_tag","embeddable":true,"href":"https:\/\/mazolacuputra.lv\/en\/wp-json\/wp\/v2\/product_tag?post=3953"}],"curies":[{"name":"wp","href":"https:\/\/api.w.org\/{rel}","templated":true}]}}