{"id":3911,"date":"2024-11-30T18:50:23","date_gmt":"2024-11-30T15:50:23","guid":{"rendered":"https:\/\/mazolacuputra.lv\/?post_type=product&#038;p=3911"},"modified":"2026-03-20T13:57:36","modified_gmt":"2026-03-20T10:57:36","slug":"dzeriens-upenu","status":"publish","type":"product","link":"https:\/\/mazolacuputra.lv\/en\/veikals\/sadarbibas-partneri\/dzeriens-upenu\/","title":{"rendered":"GARD\u0100 UPENE"},"content":{"rendered":"","protected":false},"excerpt":{"rendered":"<p>Lieliska d\u0101vana sv\u0113tkos vai pa\u0161u pat\u0113ri\u0146am- karstais dz\u0113riens uz iesmi\u0146a( vienas tas\u012btes karst\u0101 dz\u0113riena pagatavo\u0161anai)! Vai esi ko t\u0101du redz\u0113jis?! \ud83d\ude42<\/p>\n<p>Piln\u012bga klasika- arom\u0101tiskas upenes kop\u0101 ar izmekl\u0113t\u0101m gar\u0161\u0101m. \u013boti piest\u0101v ziemai!<\/p>\n<p><span style=\"font-weight: 400;\">SAST\u0100V\u0100: izomalts(Polija), ,upe\u0146u s\u012brups 15%(upe\u0146u sula, cukurs), \u0101bolu \u0161\u0137iedrviela, kalt\u0113tas upenes 6,4%,\u00a0 gar\u0161vielu mais\u012bjums (ceil.kan\u0113lis, kardamona s\u0113kl., koriandrs, ingvers,Indijas melnie pipari, smar\u017e.pipari,krustangl.,kadi\u0137ogas, an\u012bsa s\u0113kl.apels\u012bnu miz., k\u016bpin\u0101ts\u00a0 cukurs), apels\u012bna gab. Vienas tases pagatavo\u0161ai (220 ml),iz\u0161\u0137\u012bdin\u0101t karst\u0101 \u016bden\u012b. Uzglab\u0101t istabas temperat\u016br\u0101.<\/span><\/p>\n<p><span style=\"font-weight: 400;\">\u00a0100 gr.produkts satur: ener\u0123\u0113tisk\u0101 v\u0113rt. 1080kj\/ 255kcal, tauki 0,3, tostarp pies\u0101tin\u0101t\u0101s tauksk\u0101bes 0, og\u013chidr.21, tostarp cukuri 12, olgaltumvielas 1,5, s\u0101ls 0.P\u0101rm\u0113r\u012bga lieto\u0161ana var izrais\u012bt caureju! NETTO 15 gr .<\/span><\/p>\n<p>Ra\u017eot\u0101js: Lat food LP SIA<\/p>","protected":false},"featured_media":3912,"comment_status":"open","ping_status":"closed","template":"","meta":[],"product_brand":[],"product_cat":[27],"product_tag":[],"class_list":{"0":"post-3911","1":"product","2":"type-product","3":"status-publish","4":"has-post-thumbnail","6":"product_cat-sadarbibas-partneri","8":"first","9":"instock","10":"sale","11":"taxable","12":"shipping-taxable","13":"purchasable","14":"product-type-simple"},"_links":{"self":[{"href":"https:\/\/mazolacuputra.lv\/en\/wp-json\/wp\/v2\/product\/3911","targetHints":{"allow":["GET"]}}],"collection":[{"href":"https:\/\/mazolacuputra.lv\/en\/wp-json\/wp\/v2\/product"}],"about":[{"href":"https:\/\/mazolacuputra.lv\/en\/wp-json\/wp\/v2\/types\/product"}],"replies":[{"embeddable":true,"href":"https:\/\/mazolacuputra.lv\/en\/wp-json\/wp\/v2\/comments?post=3911"}],"wp:featuredmedia":[{"embeddable":true,"href":"https:\/\/mazolacuputra.lv\/en\/wp-json\/wp\/v2\/media\/3912"}],"wp:attachment":[{"href":"https:\/\/mazolacuputra.lv\/en\/wp-json\/wp\/v2\/media?parent=3911"}],"wp:term":[{"taxonomy":"product_brand","embeddable":true,"href":"https:\/\/mazolacuputra.lv\/en\/wp-json\/wp\/v2\/product_brand?post=3911"},{"taxonomy":"product_cat","embeddable":true,"href":"https:\/\/mazolacuputra.lv\/en\/wp-json\/wp\/v2\/product_cat?post=3911"},{"taxonomy":"product_tag","embeddable":true,"href":"https:\/\/mazolacuputra.lv\/en\/wp-json\/wp\/v2\/product_tag?post=3911"}],"curies":[{"name":"wp","href":"https:\/\/api.w.org\/{rel}","templated":true}]}}