{"id":1271,"date":"2023-09-13T22:33:32","date_gmt":"2023-09-13T19:33:32","guid":{"rendered":"https:\/\/mazolacuputra.lv\/?post_type=product&#038;p=1271"},"modified":"2026-03-16T20:12:46","modified_gmt":"2026-03-16T17:12:46","slug":"abolmaizite","status":"publish","type":"product","link":"https:\/\/mazolacuputra.lv\/en\/veikals\/maizites\/abolmaizite\/","title":{"rendered":"\u0100bolmaiz\u012bte (Latvija), BIO"},"content":{"rendered":"","protected":false},"excerpt":{"rendered":"<p>Sertific\u0113ts bezglut\u0113na produkts.<\/p>\n<p>Inov\u0101cija b\u0113rnu p\u0101rtik\u0101- produkts, kur\u0161 k\u016bst uz m\u0113les- gar\u0161\u012bgs, krauk\u0161\u0137\u012bgs un vesel\u012bgs gardums katrai dienai.<\/p>\n<p>Sast\u0101v\u0101: p\u0101rstr\u0101d\u0101ti \u0101boli(Latvija)* , p\u0101rstr\u0101d\u0101ti bumbieri,* prosa*<\/p>\n<p>*produkti no biolo\u0123isk\u0101s lauksaimniec\u012bbas.<\/p>\n<p>Paredz\u0113ts lieto\u0161anai bez apstr\u0101d\u0101\u0161anas.<\/p>\n<p>Paredz\u0113ts mazu\u013ciem no 10 mene\u0161u vecuma, k\u0101 ar\u012b tas b\u016bs v\u0113rt\u012bgs un vesel\u012bgs na\u0161\u0137is liel\u0101kiem b\u0113rniem.<\/p>\n<p>Bez pievienota cukura.<\/p>\n<p>Svars 8gr.<\/p>\n<p>Der\u012bguma termi\u0146\u0161 vismaz 4 m\u0113ne\u0161i.<\/p>\n<p><strong>Uzturv\u0113rt\u012bba 100g produkta<\/strong>:<\/p>\n<p><em>Ener\u0123\u0113tisk\u0101 v\u0113rt\u012bba 1482kj\/351 kcal<\/em><\/p>\n<p><em>Tauki 0,5g<\/em><\/p>\n<p><em>tostarp pies\u0101tin\u0101t\u0101s tauksk\u0101bes 0,2g<\/em><\/p>\n<p><em>Og\u013chidr\u0101ti 76,29g<\/em><\/p>\n<p><em>tostarp cukuri 62,89g*<\/em><\/p>\n<p><em>Olbaltumvielas 1,7g<\/em><\/p>\n<p><em>\u0160\u0137iedrvielas 17,13g<\/em><\/p>\n<p><em>S\u0101ls 0,03g**<\/em><\/p>\n<p>*bez pievienota cukura<\/p>\n<p>**tikai dabiska n\u0101trija kl\u0101tb\u016btne<\/p>\n<p>Uzglab\u0101t saus\u0101 v\u0113s\u0101 viet\u0101, ar relat\u012bvo mitrumu l\u012bdz 60%<\/p>\n<p><span style=\"font-weight: 400;\">Ra\u017eot\u0101js:Latvij\u0101 p\u0113c\u00a0 Lat food LP SIA pas\u016bt\u012bjuma.<\/span><\/p>\n<p>Att\u0113lotais uzskates materi\u0101ls rada priek\u0161statu par produktu, dab\u0101 tas\u00a0 var nedaudz at\u0161\u0137irties. Iepakojum\u0101- produkta 1 gb.<\/p>\n<p>&nbsp;<\/p>\n<p>&nbsp;<\/p>","protected":false},"featured_media":3948,"comment_status":"open","ping_status":"closed","template":"","meta":[],"product_brand":[],"product_cat":[32],"product_tag":[],"class_list":{"0":"post-1271","1":"product","2":"type-product","3":"status-publish","4":"has-post-thumbnail","6":"product_cat-maizites","8":"first","9":"instock","10":"taxable","11":"shipping-taxable","12":"purchasable","13":"product-type-simple"},"_links":{"self":[{"href":"https:\/\/mazolacuputra.lv\/en\/wp-json\/wp\/v2\/product\/1271","targetHints":{"allow":["GET"]}}],"collection":[{"href":"https:\/\/mazolacuputra.lv\/en\/wp-json\/wp\/v2\/product"}],"about":[{"href":"https:\/\/mazolacuputra.lv\/en\/wp-json\/wp\/v2\/types\/product"}],"replies":[{"embeddable":true,"href":"https:\/\/mazolacuputra.lv\/en\/wp-json\/wp\/v2\/comments?post=1271"}],"wp:featuredmedia":[{"embeddable":true,"href":"https:\/\/mazolacuputra.lv\/en\/wp-json\/wp\/v2\/media\/3948"}],"wp:attachment":[{"href":"https:\/\/mazolacuputra.lv\/en\/wp-json\/wp\/v2\/media?parent=1271"}],"wp:term":[{"taxonomy":"product_brand","embeddable":true,"href":"https:\/\/mazolacuputra.lv\/en\/wp-json\/wp\/v2\/product_brand?post=1271"},{"taxonomy":"product_cat","embeddable":true,"href":"https:\/\/mazolacuputra.lv\/en\/wp-json\/wp\/v2\/product_cat?post=1271"},{"taxonomy":"product_tag","embeddable":true,"href":"https:\/\/mazolacuputra.lv\/en\/wp-json\/wp\/v2\/product_tag?post=1271"}],"curies":[{"name":"wp","href":"https:\/\/api.w.org\/{rel}","templated":true}]}}