{"id":557,"date":"2023-06-11T23:57:38","date_gmt":"2023-06-11T20:57:38","guid":{"rendered":"https:\/\/mazolacuputra.lv\/?page_id=557"},"modified":"2024-02-28T14:09:12","modified_gmt":"2024-02-28T11:09:12","slug":"par-mums","status":"publish","type":"page","link":"https:\/\/mazolacuputra.lv\/en\/par-mums\/","title":{"rendered":"About Us"},"content":{"rendered":"<div data-elementor-type=\"wp-page\" data-elementor-id=\"557\" class=\"elementor elementor-557\" data-elementor-post-type=\"page\">\n\t\t\t\t\t\t<section class=\"elementor-section elementor-top-section elementor-element elementor-element-93122ad elementor-section-boxed elementor-section-height-default elementor-section-height-default\" data-id=\"93122ad\" data-element_type=\"section\" data-e-type=\"section\">\n\t\t\t\t\t\t<div class=\"elementor-container elementor-column-gap-default\">\n\t\t\t\t\t<div class=\"elementor-column elementor-col-50 elementor-top-column elementor-element elementor-element-56a79aa\" data-id=\"56a79aa\" data-element_type=\"column\" data-e-type=\"column\">\n\t\t\t<div class=\"elementor-widget-wrap elementor-element-populated\">\n\t\t\t\t\t\t<div class=\"elementor-element elementor-element-d972ffd elementor-widget elementor-widget-heading\" data-id=\"d972ffd\" data-element_type=\"widget\" data-e-type=\"widget\" data-widget_type=\"heading.default\">\n\t\t\t\t<div class=\"elementor-widget-container\">\n\t\t\t\t\t<h2 class=\"elementor-heading-title elementor-size-default\">PAR MUMS<\/h2>\t\t\t\t<\/div>\n\t\t\t\t<\/div>\n\t\t\t\t<div class=\"elementor-element elementor-element-5dd7687 elementor-widget elementor-widget-text-editor\" data-id=\"5dd7687\" data-element_type=\"widget\" data-e-type=\"widget\" data-widget_type=\"text-editor.default\">\n\t\t\t\t<div class=\"elementor-widget-container\">\n\t\t\t\t\t\t\t\t\t<p class=\"moze-justify\">The story of the creation of the products is certainly quite typical - the product arises as a result of necessity itself. That's how \"Mazo la\u010du putra\" was born - a healthy, organic alternative to recorded porridges that can be bought in supermarkets.<\/p>\n<p class=\"moze-justify\">Big fan of porridge -<b>\u00a0<\/b>Oliver - was born in 2014. It was thanks to his great desire for porridge that later \"Little Bear porridge\" was born. Initially, when looking for porridge on store shelves, I did not find the desired product - natural, without everything \"excess\", only fruits and vegetables, which are so important in a small child's diet, so, at first, making it at home myself, the idea arose to continue it on a much larger scale and to offer it to other lovers of healthy food.<\/p>\t\t\t\t\t\t\t\t<\/div>\n\t\t\t\t<\/div>\n\t\t\t\t\t<\/div>\n\t\t<\/div>\n\t\t\t\t<div class=\"elementor-column elementor-col-50 elementor-top-column elementor-element elementor-element-d21c378\" data-id=\"d21c378\" data-element_type=\"column\" data-e-type=\"column\">\n\t\t\t<div class=\"elementor-widget-wrap elementor-element-populated\">\n\t\t\t\t\t\t<div class=\"elementor-element elementor-element-5e45a5e elementor-widget elementor-widget-image\" data-id=\"5e45a5e\" data-element_type=\"widget\" data-e-type=\"widget\" data-widget_type=\"image.default\">\n\t\t\t\t<div class=\"elementor-widget-container\">\n\t\t\t\t\t\t\t\t\t\t\t\t\t\t\t<img fetchpriority=\"high\" decoding=\"async\" width=\"640\" height=\"426\" src=\"https:\/\/mazolacuputra.lv\/wp-content\/uploads\/2023\/06\/Ieva_Benefelde_MLP__8_-1024x682.jpg\" class=\"attachment-large size-large wp-image-563\" alt=\"\" srcset=\"https:\/\/mazolacuputra.lv\/wp-content\/uploads\/2023\/06\/Ieva_Benefelde_MLP__8_-1024x682.jpg.webp 1024w, https:\/\/mazolacuputra.lv\/wp-content\/uploads\/2023\/06\/Ieva_Benefelde_MLP__8_-300x200.jpg.webp 300w, https:\/\/mazolacuputra.lv\/wp-content\/uploads\/2023\/06\/Ieva_Benefelde_MLP__8_-768x511.jpg.webp 768w, https:\/\/mazolacuputra.lv\/wp-content\/uploads\/2023\/06\/Ieva_Benefelde_MLP__8_-600x400.jpg.webp 600w, https:\/\/mazolacuputra.lv\/wp-content\/uploads\/2023\/06\/Ieva_Benefelde_MLP__8_.jpg.webp 1200w\" sizes=\"(max-width: 640px) 100vw, 640px\" \/>\t\t\t\t\t\t\t\t\t\t\t\t\t\t\t<\/div>\n\t\t\t\t<\/div>\n\t\t\t\t\t<\/div>\n\t\t<\/div>\n\t\t\t\t\t<\/div>\n\t\t<\/section>\n\t\t\t\t<section class=\"elementor-section elementor-top-section elementor-element elementor-element-eb41c78 elementor-section-height-min-height elementor-section-boxed elementor-section-height-default elementor-section-items-middle\" data-id=\"eb41c78\" data-element_type=\"section\" data-e-type=\"section\" data-settings=\"{&quot;background_background&quot;:&quot;classic&quot;}\">\n\t\t\t\t\t\t\t<div class=\"elementor-background-overlay\"><\/div>\n\t\t\t\t\t\t\t<div class=\"elementor-container elementor-column-gap-default\">\n\t\t\t\t\t<div class=\"elementor-column elementor-col-100 elementor-top-column elementor-element elementor-element-304ee6d\" data-id=\"304ee6d\" data-element_type=\"column\" data-e-type=\"column\">\n\t\t\t<div class=\"elementor-widget-wrap elementor-element-populated\">\n\t\t\t\t\t\t<div class=\"elementor-element elementor-element-c5598a1 elementor-widget elementor-widget-heading\" data-id=\"c5598a1\" data-element_type=\"widget\" data-e-type=\"widget\" data-widget_type=\"heading.default\">\n\t\t\t\t<div class=\"elementor-widget-container\">\n\t\t\t\t\t<h2 class=\"elementor-heading-title elementor-size-default\">\"DABISKI IR GAR\u0160\u012aGI\"\n<\/h2>\t\t\t\t<\/div>\n\t\t\t\t<\/div>\n\t\t\t\t\t<\/div>\n\t\t<\/div>\n\t\t\t\t\t<\/div>\n\t\t<\/section>\n\t\t\t\t<section class=\"elementor-section elementor-top-section elementor-element elementor-element-6819bf3 elementor-section-boxed elementor-section-height-default elementor-section-height-default\" data-id=\"6819bf3\" data-element_type=\"section\" data-e-type=\"section\">\n\t\t\t\t\t\t<div class=\"elementor-container elementor-column-gap-default\">\n\t\t\t\t\t<div class=\"elementor-column elementor-col-100 elementor-top-column elementor-element elementor-element-78a196d\" data-id=\"78a196d\" data-element_type=\"column\" data-e-type=\"column\">\n\t\t\t<div class=\"elementor-widget-wrap elementor-element-populated\">\n\t\t\t\t\t\t<div class=\"elementor-element elementor-element-e09d67e elementor-widget elementor-widget-heading\" data-id=\"e09d67e\" data-element_type=\"widget\" data-e-type=\"widget\" data-widget_type=\"heading.default\">\n\t\t\t\t<div class=\"elementor-widget-container\">\n\t\t\t\t\t<h2 class=\"elementor-heading-title elementor-size-default\">K\u0100P\u0112C IZV\u0112L\u0112TIES MAZO L\u0100\u010cU PRODUKTUS?<\/h2>\t\t\t\t<\/div>\n\t\t\t\t<\/div>\n\t\t\t\t<div class=\"elementor-element elementor-element-df85168 elementor-widget elementor-widget-text-editor\" data-id=\"df85168\" data-element_type=\"widget\" data-e-type=\"widget\" data-widget_type=\"text-editor.default\">\n\t\t\t\t<div class=\"elementor-widget-container\">\n\t\t\t\t\t\t\t\t\t<p class=\"moze-justify\"><b>By purchasing organically certified food, you can always be sure that it is produced in accordance with strict legal requirements and is regularly inspected!<\/b><\/p><p class=\"moze-justify\"><b>\"Little Bear Porridge\"<\/b>\u00a0uses many valuable cereals in its products.<\/p><p class=\"moze-justify\"><b>Millet<\/b>\u00a0is a good source of group B vitamins and also contains more than 50% of the daily required amount of manganese. It will supply the body with iron, magnesium, phosphorus and zinc, all of which are members of the group of valuable and necessary minerals. Millet must be placed in the range of desirable products in the diet, because it has a high antioxidant content and activity, does not contain gluten.<\/p><p class=\"moze-justify\"><b>Amaranth<\/b>\u00a0is a rich source of protein, including the amino acid lysine. Compared to other grains, amaranth seeds are rich in iron and calcium and are the only grain that contains vitamin C. On top of all that, it contains lunasin, an anti-inflammatory substance with anti-cancer properties.* Amaranth is gluten-free.<\/p><p class=\"moze-justify\"><b>Bare grain barley<\/b>. Unlike traditional barley, it has a different grain structure. It is quite easy to separate it when churning, the shell needs to be peeled much less, so the healthy layer is not lost during the processing process. This barley is useful for improving health, for example, it lowers cholesterol and blood glucose levels.<\/p><p class=\"moze-justify\">It's valuable source of protein\u00a0<b>buckwheat\u00a0<\/b>and\u00a0<b>oats<\/b>. They contain 8 essential amino acids.<\/p><p class=\"moze-justify\">Buckwheat porridge does not contain gluten and is the least allergenic. The products use unheated or\u00a0<b>green (live) buckwheat<\/b>\u00a0flour and whole grain or bran flour. They are rich in protein, vitamins and minerals. Buckwheat contains a lot of iron and other valuable vitamins. Buckwheat porridge can also be eaten by children who are prone to diabetes.<\/p><p class=\"moze-justify\"><b>Whole grain oats\u00a0<\/b>porridge has a softer consistency and is also suitable for cases of intestinal tract and stomach problems. It contains a lot of valuable fatty acids, little starch. The record holders of valuable fats are whole grain oatmeal. Valuable fatty acids have a very positive effect on the nervous system.<\/p><p class=\"moze-justify\">It is, of course, an integral part of a healthy child's diet<b>\u00a0fruits<\/b>\u00a0and\u00a0<b>vegetables<\/b>, for example, plums contain beta-carotene, vitamins C and B2, sodium, calcium and iron; apple \u2013 A, B1 B2, B6, iron, magnesium and calcium. Vitamin B participates in the development of the nervous system and the formation of the nerve protective sheath, B vitamins are an integral part of the child's growth process. They also ensure the formation of red blood cells in the body and strengthen immunity.<\/p>\t\t\t\t\t\t\t\t<\/div>\n\t\t\t\t<\/div>\n\t\t\t\t\t<\/div>\n\t\t<\/div>\n\t\t\t\t\t<\/div>\n\t\t<\/section>\n\t\t\t\t<section class=\"elementor-section elementor-top-section elementor-element elementor-element-e0c2615 elementor-section-boxed elementor-section-height-default elementor-section-height-default\" data-id=\"e0c2615\" data-element_type=\"section\" data-e-type=\"section\">\n\t\t\t\t\t\t<div class=\"elementor-container elementor-column-gap-default\">\n\t\t\t\t\t<div class=\"elementor-column elementor-col-50 elementor-top-column elementor-element elementor-element-f23e2af\" data-id=\"f23e2af\" data-element_type=\"column\" data-e-type=\"column\" data-settings=\"{&quot;background_background&quot;:&quot;classic&quot;}\">\n\t\t\t<div class=\"elementor-widget-wrap elementor-element-populated\">\n\t\t\t\t\t<div class=\"elementor-background-overlay\"><\/div>\n\t\t\t\t\t\t<div class=\"elementor-element elementor-element-d01a3c5 elementor-widget elementor-widget-spacer\" data-id=\"d01a3c5\" data-element_type=\"widget\" data-e-type=\"widget\" data-widget_type=\"spacer.default\">\n\t\t\t\t<div class=\"elementor-widget-container\">\n\t\t\t\t\t\t\t<div class=\"elementor-spacer\">\n\t\t\t<div class=\"elementor-spacer-inner\"><\/div>\n\t\t<\/div>\n\t\t\t\t\t\t<\/div>\n\t\t\t\t<\/div>\n\t\t\t\t\t<\/div>\n\t\t<\/div>\n\t\t\t\t<div class=\"elementor-column elementor-col-50 elementor-top-column elementor-element elementor-element-41c4ce1\" data-id=\"41c4ce1\" data-element_type=\"column\" data-e-type=\"column\">\n\t\t\t<div class=\"elementor-widget-wrap elementor-element-populated\">\n\t\t\t\t\t\t<div class=\"elementor-element elementor-element-449f0bc elementor-widget elementor-widget-heading\" data-id=\"449f0bc\" data-element_type=\"widget\" data-e-type=\"widget\" data-widget_type=\"heading.default\">\n\t\t\t\t<div class=\"elementor-widget-container\">\n\t\t\t\t\t<h2 class=\"elementor-heading-title elementor-size-default\">MAZO L\u0100\u010cU PRODUKTI:<\/h2>\t\t\t\t<\/div>\n\t\t\t\t<\/div>\n\t\t\t\t<div class=\"elementor-element elementor-element-cb47bf9 elementor-widget elementor-widget-text-editor\" data-id=\"cb47bf9\" data-element_type=\"widget\" data-e-type=\"widget\" id=\"product-bullet\" data-widget_type=\"text-editor.default\">\n\t\t\t\t<div class=\"elementor-widget-container\">\n\t\t\t\t\t\t\t\t\t<ul><li><p>Developed in cooperation with the Institute of Horticulture;<\/p><\/li><li><p>Organically certified (LV-BIO-01);<\/p><\/li><li><p>Raw materials are purchased from the best farms and companies in Latvia;<\/p><\/li><\/ul><ul><li>produktiem nav pievienoti gar\u0161as uzlabot\u0101ji &#8211; cukurs, piens, s\u0101ls, e\u013c\u013ca u.c.<\/li><\/ul><ul><li>the offer includes products without gluten-containing ingredients;<\/li><\/ul><ul><li>vegan friendly products;<\/li><\/ul><ul><li>fruit\/vegetable content in porridge from 2-25% of the total product mass;<\/li><\/ul><ul><li>added coarsely screened, high-quality, mostly whole-grain organic cereals;<\/li><\/ul><ul><li>products are regularly tested in the laboratory;<\/li><\/ul><ul><li>the company carries out fruit\/vegetable processing and packaging of the finished product, and their supervision is about 5 times greater than that of adult food.<\/li><\/ul>\t\t\t\t\t\t\t\t<\/div>\n\t\t\t\t<\/div>\n\t\t\t\t\t<\/div>\n\t\t<\/div>\n\t\t\t\t\t<\/div>\n\t\t<\/section>\n\t\t\t\t<section class=\"elementor-section elementor-top-section elementor-element elementor-element-893aea5 elementor-section-boxed elementor-section-height-default elementor-section-height-default\" data-id=\"893aea5\" data-element_type=\"section\" data-e-type=\"section\">\n\t\t\t\t\t\t<div class=\"elementor-container elementor-column-gap-default\">\n\t\t\t\t\t<div class=\"elementor-column elementor-col-100 elementor-top-column elementor-element elementor-element-8cea363\" data-id=\"8cea363\" data-element_type=\"column\" data-e-type=\"column\">\n\t\t\t<div class=\"elementor-widget-wrap elementor-element-populated\">\n\t\t\t\t\t\t<div class=\"elementor-element elementor-element-0154760 elementor-widget elementor-widget-heading\" data-id=\"0154760\" data-element_type=\"widget\" data-e-type=\"widget\" data-widget_type=\"heading.default\">\n\t\t\t\t<div class=\"elementor-widget-container\">\n\t\t\t\t\t<h2 class=\"elementor-heading-title elementor-size-default\">PROJEKTS TIEK \u012aSTENOTS SADARB\u012aB\u0100 AR:<\/h2>\t\t\t\t<\/div>\n\t\t\t\t<\/div>\n\t\t\t\t<section class=\"elementor-section elementor-inner-section elementor-element elementor-element-4be6586 elementor-section-boxed elementor-section-height-default elementor-section-height-default\" data-id=\"4be6586\" data-element_type=\"section\" data-e-type=\"section\">\n\t\t\t\t\t\t<div class=\"elementor-container elementor-column-gap-default\">\n\t\t\t\t\t<div class=\"make-column-clickable-elementor elementor-column elementor-col-33 elementor-inner-column elementor-element elementor-element-37a1b4f\" style=\"cursor: pointer;\" data-column-clickable=\"https:\/\/www.videskvalitate.lv\/\" data-column-clickable-blank=\"_self\" data-id=\"37a1b4f\" data-element_type=\"column\" data-e-type=\"column\">\n\t\t\t<div class=\"elementor-widget-wrap elementor-element-populated\">\n\t\t\t\t\t\t<div class=\"elementor-element elementor-element-6c2c334 elementor-widget elementor-widget-image\" data-id=\"6c2c334\" data-element_type=\"widget\" data-e-type=\"widget\" data-widget_type=\"image.default\">\n\t\t\t\t<div class=\"elementor-widget-container\">\n\t\t\t\t\t\t\t\t\t\t\t\t\t\t\t<img decoding=\"async\" width=\"300\" height=\"200\" src=\"https:\/\/mazolacuputra.lv\/wp-content\/uploads\/2023\/06\/eu_organic_logo_colour_rgb-300x200.jpg\" class=\"attachment-medium size-medium wp-image-605\" alt=\"\" srcset=\"https:\/\/mazolacuputra.lv\/wp-content\/uploads\/2023\/06\/eu_organic_logo_colour_rgb-300x200.jpg.webp 300w, https:\/\/mazolacuputra.lv\/wp-content\/uploads\/2023\/06\/eu_organic_logo_colour_rgb.jpg.webp 500w\" sizes=\"(max-width: 300px) 100vw, 300px\" \/>\t\t\t\t\t\t\t\t\t\t\t\t\t\t\t<\/div>\n\t\t\t\t<\/div>\n\t\t\t\t\t<\/div>\n\t\t<\/div>\n\t\t\t\t<div class=\"make-column-clickable-elementor elementor-column elementor-col-33 elementor-inner-column elementor-element elementor-element-c3c70de\" style=\"cursor: pointer;\" data-column-clickable=\"https:\/\/www.liaa.gov.lv\/lv\" data-column-clickable-blank=\"_self\" data-id=\"c3c70de\" data-element_type=\"column\" data-e-type=\"column\">\n\t\t\t<div class=\"elementor-widget-wrap elementor-element-populated\">\n\t\t\t\t\t\t<div class=\"elementor-element elementor-element-863d34a elementor-widget elementor-widget-image\" data-id=\"863d34a\" data-element_type=\"widget\" data-e-type=\"widget\" data-widget_type=\"image.default\">\n\t\t\t\t<div class=\"elementor-widget-container\">\n\t\t\t\t\t\t\t\t\t\t\t\t\t\t\t<img decoding=\"async\" width=\"300\" height=\"265\" src=\"https:\/\/mazolacuputra.lv\/wp-content\/uploads\/2023\/06\/logo_2_lat_2_0-300x265.png\" class=\"attachment-medium size-medium wp-image-604\" alt=\"\" srcset=\"https:\/\/mazolacuputra.lv\/wp-content\/uploads\/2023\/06\/logo_2_lat_2_0-300x265.png.webp 300w, https:\/\/mazolacuputra.lv\/wp-content\/uploads\/2023\/06\/logo_2_lat_2_0.png 322w\" sizes=\"(max-width: 300px) 100vw, 300px\" \/>\t\t\t\t\t\t\t\t\t\t\t\t\t\t\t<\/div>\n\t\t\t\t<\/div>\n\t\t\t\t\t<\/div>\n\t\t<\/div>\n\t\t\t\t<div class=\"make-column-clickable-elementor elementor-column elementor-col-33 elementor-inner-column elementor-element elementor-element-d0e44aa\" style=\"cursor: pointer;\" data-column-clickable=\"https:\/\/www.darzkopibasinstituts.lv\/lv\" data-column-clickable-blank=\"_self\" data-id=\"d0e44aa\" data-element_type=\"column\" data-e-type=\"column\">\n\t\t\t<div class=\"elementor-widget-wrap elementor-element-populated\">\n\t\t\t\t\t\t<div class=\"elementor-element elementor-element-bcc5982 elementor-widget elementor-widget-image\" data-id=\"bcc5982\" data-element_type=\"widget\" data-e-type=\"widget\" data-widget_type=\"image.default\">\n\t\t\t\t<div class=\"elementor-widget-container\">\n\t\t\t\t\t\t\t\t\t\t\t\t\t\t\t<img loading=\"lazy\" decoding=\"async\" width=\"300\" height=\"122\" src=\"https:\/\/mazolacuputra.lv\/wp-content\/uploads\/2023\/06\/base64img_9fc6fdb67ad2251144bdb602e978b0aa-300x122.jpeg\" class=\"attachment-medium size-medium wp-image-606\" alt=\"\" srcset=\"https:\/\/mazolacuputra.lv\/wp-content\/uploads\/2023\/06\/base64img_9fc6fdb67ad2251144bdb602e978b0aa-300x122.jpeg.webp 300w, https:\/\/mazolacuputra.lv\/wp-content\/uploads\/2023\/06\/base64img_9fc6fdb67ad2251144bdb602e978b0aa.jpeg.webp 352w\" sizes=\"(max-width: 300px) 100vw, 300px\" \/>\t\t\t\t\t\t\t\t\t\t\t\t\t\t\t<\/div>\n\t\t\t\t<\/div>\n\t\t\t\t\t<\/div>\n\t\t<\/div>\n\t\t\t\t\t<\/div>\n\t\t<\/section>\n\t\t\t\t\t<\/div>\n\t\t<\/div>\n\t\t\t\t\t<\/div>\n\t\t<\/section>\n\t\t\t\t<\/div>","protected":false},"excerpt":{"rendered":"<p>PAR MUMS Produktu ra\u0161an\u0101s st\u0101sts ir noteikti diezgan tipisks- produkts rodas pa\u0161u nepiecie\u0161am\u012bbas rezult\u0101t\u0101. Tie\u0161i t\u0101 ar\u012b rad\u0101s &#8220;Mazo l\u0101\u010du putra&#8221;- vesel\u012bga, biolo\u0123iska alternat\u012bva, ierakstaj\u0101m, lielveikalos nop\u0113rkamaj\u0101m putr\u0101m. Lielais putru cien\u012bt\u0101js &#8211;\u00a0Olivers &#8211; piedzima 2014.gad\u0101. Tie\u0161i pateicoties vi\u0146a lielajai k\u0101rei p\u0113c putr\u0101m, v\u0113l\u0101k ar\u012b rad\u0101s &#8220;Mazo l\u0101\u010du putra&#8221;. S\u0101kotn\u0113ji, mekl\u0113jot putras veikalu plauktos, netika atrasts [&hellip;]<\/p>\n","protected":false},"author":1,"featured_media":0,"parent":0,"menu_order":0,"comment_status":"closed","ping_status":"closed","template":"elementor_header_footer","meta":{"footnotes":""},"class_list":["post-557","page","type-page","status-publish","hentry"],"_links":{"self":[{"href":"https:\/\/mazolacuputra.lv\/en\/wp-json\/wp\/v2\/pages\/557","targetHints":{"allow":["GET"]}}],"collection":[{"href":"https:\/\/mazolacuputra.lv\/en\/wp-json\/wp\/v2\/pages"}],"about":[{"href":"https:\/\/mazolacuputra.lv\/en\/wp-json\/wp\/v2\/types\/page"}],"author":[{"embeddable":true,"href":"https:\/\/mazolacuputra.lv\/en\/wp-json\/wp\/v2\/users\/1"}],"replies":[{"embeddable":true,"href":"https:\/\/mazolacuputra.lv\/en\/wp-json\/wp\/v2\/comments?post=557"}],"version-history":[{"count":100,"href":"https:\/\/mazolacuputra.lv\/en\/wp-json\/wp\/v2\/pages\/557\/revisions"}],"predecessor-version":[{"id":3154,"href":"https:\/\/mazolacuputra.lv\/en\/wp-json\/wp\/v2\/pages\/557\/revisions\/3154"}],"wp:attachment":[{"href":"https:\/\/mazolacuputra.lv\/en\/wp-json\/wp\/v2\/media?parent=557"}],"curies":[{"name":"wp","href":"https:\/\/api.w.org\/{rel}","templated":true}]}}