{"id":2381,"date":"2023-12-13T00:12:55","date_gmt":"2023-12-12T21:12:55","guid":{"rendered":"https:\/\/mazolacuputra.lv\/?page_id=2381"},"modified":"2024-02-22T11:45:24","modified_gmt":"2024-02-22T08:45:24","slug":"lietosanas-noteikumi","status":"publish","type":"page","link":"https:\/\/mazolacuputra.lv\/en\/lietosanas-noteikumi\/","title":{"rendered":"Lieto\u0161anas noteikumi"},"content":{"rendered":"<div data-elementor-type=\"wp-page\" data-elementor-id=\"2381\" class=\"elementor elementor-2381\" data-elementor-post-type=\"page\">\n\t\t\t\t\t\t<section class=\"elementor-section elementor-top-section elementor-element elementor-element-d6de1f7 elementor-section-boxed elementor-section-height-default elementor-section-height-default\" data-id=\"d6de1f7\" data-element_type=\"section\" data-e-type=\"section\">\n\t\t\t\t\t\t<div class=\"elementor-container elementor-column-gap-default\">\n\t\t\t\t\t<div class=\"elementor-column elementor-col-100 elementor-top-column elementor-element elementor-element-78426ca\" data-id=\"78426ca\" data-element_type=\"column\" data-e-type=\"column\">\n\t\t\t<div class=\"elementor-widget-wrap elementor-element-populated\">\n\t\t\t\t\t\t<div class=\"elementor-element elementor-element-80b994a elementor-widget elementor-widget-heading\" data-id=\"80b994a\" data-element_type=\"widget\" data-e-type=\"widget\" data-widget_type=\"heading.default\">\n\t\t\t\t<div class=\"elementor-widget-container\">\n\t\t\t\t\t<h2 class=\"elementor-heading-title elementor-size-default\">LIETO\u0160ANAS NOTEIKUMI<\/h2>\t\t\t\t<\/div>\n\t\t\t\t<\/div>\n\t\t\t\t<div class=\"elementor-element elementor-element-7171f50 elementor-widget elementor-widget-text-editor\" data-id=\"7171f50\" data-element_type=\"widget\" data-e-type=\"widget\" data-widget_type=\"text-editor.default\">\n\t\t\t\t<div class=\"elementor-widget-container\">\n\t\t\t\t\t\t\t\t\t<p>SIA &#8220;Lat food LP&#8221;, Re\u0123.Nr.: 41203055360, &#8220;Atmodas&#8221;, Sn\u0113peles pagasts Kuld\u012bgas novads, LV-3328, turpm\u0101k \u2013 internetveikals \u2013 nodro\u0161ina m\u0101jas lap\u0101 pieejamo saturu un sniedz preces\/pakalpojumus saska\u0146\u0101 ar zem\u0101k izkl\u0101st\u012btajiem Lieto\u0161anas noteikumiem.<\/p><ol><li><strong>Visp\u0101r\u012bgie noteikumi<\/strong><\/li><\/ol><p>Ja pat\u0113r\u0113t\u0101js, izmantojot m\u0101jas lapas starpniec\u012bbu ieg\u0101d\u0101jas preces\/pakalpojumus, tad \u0161\u0101da savstarp\u0113ja vieno\u0161an\u0101s tiek uzskat\u012bta par Distances l\u012bgumu un ir pak\u013cauta Latvijas Republikas ties\u012bbu norm\u0101m, kas regul\u0113 distances l\u012bgumu tai skait\u0101, bet ne tikai, Latvijas Republikas \u201ePat\u0113r\u0113t\u0101ju ties\u012bbu aizsardz\u012bbas likums\u201d, Latvijas Republikas Ministru Kabineta noteikumiem \u201eNoteikumi par distances l\u012bgumu\u201d u.c.<\/p><ol start=\"2\"><li><strong>Pirkumu veik\u0161ana<\/strong><\/li><\/ol><p>Interneta veikal\u0101 p\u0101rdoto produktu cenas un specifik\u0101cija ir nor\u0101d\u012btas blakus produktiem.<\/p><p>Lai veiktu pas\u016bt\u012bjumu, pievienojiet v\u0113lamos produktus iepirkumu grozam. Aizpildiet visus nepiecie\u0161amos laukus un izv\u0113l\u0113ties piem\u0113rot\u0101ko pieg\u0101des veidu. Pas\u016bt\u012bjuma kop\u0113j\u0101s izmaksas ar pieg\u0101di p\u0113c tam tiek par\u0101d\u012btas uz ekr\u0101na. Veiciet pirkuma apmaksu, lai pabeigtu pas\u016bt\u012bjumu.<\/p><ol start=\"3\"><li><strong>Apmaksas noteikumi<\/strong><\/li><\/ol><p>Nor\u0113\u0137inu val\u016bta vietn\u0113 ir eiro. Pirkumu iesp\u0113jams apmaks\u0101t izv\u0113loties sekojo\u0161as maks\u0101jumu metodes, ko nodro\u0161ina maks\u0101jumu platforma kevin.eu. , KEVIN EU, UAB:<\/p><ul><li>Latvijas internetbanku maks\u0101jumi: Swedbank, SEB, Citadele un Luminor<\/li><li>Visa\/Mastercard kar\u0161u maks\u0101jumi<\/li><\/ul><p>NB! Izmantojot internetbanku apmaksas metodi, apstipriniet pas\u016bt\u012bjumu un noklik\u0161\u0137iniet uz pogas \u201cAtgriezties pie tirgot\u0101ja\u201d.<\/p><p>Personas dati, kas nepiecie\u0161ami maks\u0101jumu veik\u0161anai, tiek nodoti licenc\u0113tai maks\u0101jumu iest\u0101dei Kevin EU UAB.<\/p><p>L\u012bgums st\u0101jas sp\u0113k\u0101 l\u012bdz ar veiksm\u012bgu maks\u0101jumu uz internetveikala bankas kontu. Ja k\u0101du iemeslu d\u0113\u013c pas\u016bt\u012bjumu izpild\u012bt neb\u016bs iesp\u0113jams, Pirc\u0113js par to tiks inform\u0113ts un samaks\u0101t\u0101 summa tiks atmaks\u0101ta p\u0113c iesp\u0113jas \u0101tr\u0101k, bet ne v\u0113l\u0101k k\u0101 14 dienu laik\u0101 p\u0113c pazi\u0146ojuma sa\u0146em\u0161anas.<\/p><ol start=\"4\"><li><strong>Pieg\u0101des noteikumi<\/strong><\/li><\/ol><p>Preces tiek pieg\u0101d\u0101tas uz sekojo\u0161\u0101m valst\u012bm: Latvija. Ieg\u0101d\u0101t\u0101s preces tiek pieg\u0101d\u0101tas izmantojot: Omniva. Visas nodevas un nodok\u013cus, kas j\u0101samaks\u0101, lai sa\u0146emtu s\u016bt\u012bjumu pieg\u0101des galam\u0113r\u0137\u012b ir j\u0101sedz Pirc\u0113jam. Pieg\u0101des izmaksas tiek par\u0101d\u012btas, pirms pas\u016bt\u012bjuma apstiprin\u0101\u0161anas. Ieg\u0101d\u0101t\u0101s preces tiek nog\u0101d\u0101tas Pirc\u0113ja nor\u0101d\u012btaj\u0101 adres\u0113 2-14 darba dienu laik\u0101. Iz\u0146\u0113muma gad\u012bjumos mums ir ties\u012bbas nos\u016bt\u012bt preces l\u012bdz 45 kalend\u0101ra dien\u0101m, par to inform\u0113jot klientu.<\/p><ol start=\"5\"><li><strong>Atteikuma ties\u012bbas<\/strong><\/li><\/ol><p>Pirc\u0113jam ir ties\u012bbas atteikties no preces 14 kalend\u0101ro dienu laik\u0101 no Preces sa\u0146em\u0161anas br\u012b\u017ea. Atteikuma ties\u012bbas nav piem\u0113rojamas, ja Pirc\u0113js ir juridiska persona.<\/p><p>Lai izmantotu 14 dienu atteikuma ties\u012bbas, preces dr\u012bkst izmantot tikai t\u0101m paredz\u0113tajiem m\u0113r\u0137iem, pat\u0113r\u0113t\u0101js ir atbild\u012bgs par preces kvalit\u0101tes un dro\u0161uma saglab\u0101\u0161anu atteikuma ties\u012bbu realiz\u0113\u0161anas termi\u0146\u0101. Ja preces tiek nepiem\u0113roti izmantotas vai boj\u0101tas, lieto\u0161anas laik\u0101 nev\u0113r\u012bgi izturoties pret preci vai neiev\u0113rojot instrukcijas nor\u0101d\u012bjumus, ja ir nozaud\u0113ts preces ori\u0123in\u0101lais iepakojums, vai, ja t\u0101s iepakojums ir b\u016btiski boj\u0101ts , internetveikalam ir ties\u012bbas samazin\u0101t atmaks\u0101jamo summu atbilsto\u0161i preces v\u0113rt\u012bbas samazin\u0101jumam.<\/p><p>Lai izmantotu atteikuma ties\u012bbas, jums j\u0101raksta mums epasts uz\u00a0<a href=\"mailto:birojs@mazolacuputra.lv\">birojs@mazolacuputra.lv<\/a>. Tad ar\u012b vienosimies par pre\u010du atgrie\u0161anu.<\/p><p>P\u0113c atpaka\u013c nos\u016bt\u012bto pre\u010du sa\u0146em\u0161anas internetveikals nekav\u0113joties, bet ne v\u0113l\u0101k k\u0101 14 dienu laik\u0101, atmaks\u0101 visus no pirc\u0113ja sa\u0146emtos maks\u0101jumus pamatojoties uz Distances l\u012bgumu.<\/p><p>P\u0101rdev\u0113jam ir ties\u012bbas aiztur\u0113t maks\u0101jumu l\u012bdz br\u012bdim, kam\u0113r nav sa\u0146\u0113mis no Pirc\u0113ja Preces vai pre\u010du atgrie\u0161anas apliecin\u0101jumu. Ja pirc\u0113js ir izv\u0113l\u0113jies citu s\u016bt\u012b\u0161anas veidu nek\u0101 l\u0113t\u0101ko internetveikal\u0101 pied\u0101v\u0101to s\u016bt\u012bjumu veidu, internetveikalam nav pien\u0101kums kompens\u0113t p\u0101rsniegt\u0101s s\u016bt\u012bjuma izmaksas.<\/p><p>Internetveikals nav atbild\u012bgs par kav\u0113\u0161anos ar saist\u012bbu izpildi vai to nepild\u012b\u0161anu, vai cita veida neizpildi, kas radusies t\u0101du apst\u0101k\u013cu un \u0161\u0137\u0113r\u0161\u013cu d\u0113\u013c, kuri ir \u0101rpus internetveikala sapr\u0101t\u012bgas kontroles.<\/p><p>Internetveikals patur ties\u012bbas atteikties p\u0101rdot preces un piepras\u012bt pre\u010du atgrie\u0161anu no Pirc\u0113ja, ja internetveikal\u0101 nor\u0101d\u012bt\u0101 cena ir iev\u0113rojami maz\u0101ka par t\u0101s tirgus cenu k\u013c\u016bdas d\u0113\u013c.<\/p><ol start=\"6\"><li><strong>Pat\u0113r\u0113t\u0101ja ties\u012bbas par l\u012bgumam neatbilsto\u0161u preci<\/strong><\/li><\/ol><p>Internetveikals ir atbild\u012bgs par Pirc\u0113jam p\u0101rdoto pre\u010du neatbilst\u012bbu l\u012bguma noteikumiem vai tr\u016bkumiem kas radusies 6 m\u0113ne\u0161u laik\u0101 p\u0113c pre\u010du pieg\u0101des dienas klientam, vai bijusi pieg\u0101des br\u012bd\u012b, ja \u0161\u0101ds pie\u0146\u0113mums nav pretrun\u0101 ar lietas \u012bpa\u0161\u012bb\u0101m vai tr\u016bkumu. Pirc\u0113jam ir j\u0101inform\u0113 P\u0101rdev\u0113js par pre\u010du neatbilst\u012bbu nekav\u0113joties, 2 m\u0113ne\u0161u laik\u0101 p\u0113c t\u0101s konstat\u0113\u0161anas, t.i., j\u0101iesniedz s\u016bdz\u012bba. Pirc\u0113js var iesniegt s\u016bdz\u012bbu, sazinoties ar internetveikalu, rakstot uz birojs@mazolacuputra.lv.<\/p><p>Internetveikals nav atbild\u012bgs par defektiem, kas radu\u0161ies p\u0113c pre\u010du pieg\u0101des Pirc\u0113jam. Ja ieg\u0101d\u0101taj\u0101m prec\u0113m ir tr\u016bkumi, par kuriem ir atbild\u012bgs P\u0101rdev\u0113js, Pirc\u0113jam ir ties\u012bbas piepras\u012bt pre\u010du tr\u016bkumu nov\u0113r\u0161anu vai apmai\u0146u pret jaun\u0101m prec\u0113m bez maksas .<\/p><p>Ja preces nav iesp\u0113jams labot vai nomain\u012bt, P\u0101rdev\u0113js atdod Pirc\u0113jam visus Distances l\u012bgum\u0101 paredz\u0113tos maks\u0101jumus. P\u0101rdev\u0113js uz pat\u0113r\u0113t\u0101ja s\u016bdz\u012bbu sniedz rakstisku atbildi 15 dienu laik\u0101.<\/p><ol start=\"7\"><li><strong>Pirc\u0113ja personas datu apstr\u0101de<\/strong><\/li><\/ol><p>Internetveikals apstr\u0101d\u0101 tikai tos personas datus, kurus pirc\u0113js ir ievad\u012bjis pie pre\u010du pas\u016bt\u012b\u0161anas, k\u0101 piem\u0113ram, v\u0101rds, uzv\u0101rds, e-pasts u.c.<\/p><p>Internetveikals nodod personas datus transporta pakalpojumu sniedz\u0113jam\/iem, lai nodro\u0161in\u0101tu pre\u010du pieg\u0101di.<\/p><p>Ja J\u016bs esat nep\u0101rprotami piekritis sa\u0146emt m\u016bsu m\u0101rketinga pazi\u0146ojumus, tostarp jaunumus, m\u0113s laiku pa laikam varam sazin\u0101ties ar Jums nos\u016btot inform\u0101ciju par m\u016bsu pakalpojumiem un jaun\u0101kajiem pied\u0101v\u0101jumiem. \u0160aj\u0101 nol\u016bk\u0101 m\u0113s varam apstr\u0101d\u0101t J\u016bsu e-pasta adresi, kuru nor\u0101d\u012bj\u0101t, pierakstoties m\u0101rketinga komunik\u0101cijai. Pirc\u0113jam ir iesp\u0113ja atteikties no m\u0101rketinga pazi\u0146ojumiem, pazi\u0146ojot par to mums, rakstot uz ieva@smalkaismuslis.lv.<\/p><ol start=\"8\"><li><strong>Str\u012bdu iz\u0161\u0137ir\u0161anas k\u0101rt\u012bba<\/strong><\/li><\/ol><p>Jaut\u0101jumos, kas nav atrun\u0101ti \u0161ajos noteikumos un nosac\u012bjumos, Pirc\u0113js un P\u0101rdev\u0113js ap\u0146emas iev\u0113rot Latvijas Republik\u0101 sp\u0113k\u0101 eso\u0161os normat\u012bvos aktus.<\/p><p>Puses visus starp P\u0101rdev\u0113ju un Pirc\u0113ju radu\u0161os str\u012bdus risina savstapr\u0113ju sarunu vai sarakstes ce\u013c\u0101. Ja str\u012bdu neizdosies atrisin\u0101s sarunu vai sarakstes veid\u0101, Puses str\u012bdu risin\u0101s Latvijas Republikas ties\u0101, iev\u0113rojot LR normat\u012bvos aktus. Str\u012bdus starp Pirc\u0113ju (pat\u0113r\u0113t\u0101ju) un P\u0101rdev\u0113ju var nodot risin\u0101\u0161anai Pat\u0113r\u0113t\u0101ju ties\u012bbu aizsardz\u012bbas centr\u0101 vai Latvijas Republikas ties\u0101.<\/p><p>Pirc\u0113jam ir ties\u012bbas v\u0113rsties ar\u012b Eiropas Savien\u012bbas str\u012bdu iz\u0161\u0137ir\u0161anas iest\u0101d\u0113s.<\/p>\t\t\t\t\t\t\t\t<\/div>\n\t\t\t\t<\/div>\n\t\t\t\t\t<\/div>\n\t\t<\/div>\n\t\t\t\t\t<\/div>\n\t\t<\/section>\n\t\t\t\t<\/div>","protected":false},"excerpt":{"rendered":"<p>LIETO\u0160ANAS NOTEIKUMI SIA &#8220;Lat food LP&#8221;, Re\u0123.Nr.: 41203055360, &#8220;Atmodas&#8221;, Sn\u0113peles pagasts Kuld\u012bgas novads, LV-3328, turpm\u0101k \u2013 internetveikals \u2013 nodro\u0161ina m\u0101jas lap\u0101 pieejamo saturu un sniedz preces\/pakalpojumus saska\u0146\u0101 ar zem\u0101k izkl\u0101st\u012btajiem Lieto\u0161anas noteikumiem. Visp\u0101r\u012bgie noteikumi Ja pat\u0113r\u0113t\u0101js, izmantojot m\u0101jas lapas starpniec\u012bbu ieg\u0101d\u0101jas preces\/pakalpojumus, tad \u0161\u0101da savstarp\u0113ja vieno\u0161an\u0101s tiek uzskat\u012bta par Distances l\u012bgumu un ir pak\u013cauta Latvijas [&hellip;]<\/p>\n","protected":false},"author":3,"featured_media":0,"parent":0,"menu_order":0,"comment_status":"closed","ping_status":"closed","template":"elementor_header_footer","meta":{"footnotes":""},"class_list":["post-2381","page","type-page","status-publish","hentry"],"_links":{"self":[{"href":"https:\/\/mazolacuputra.lv\/en\/wp-json\/wp\/v2\/pages\/2381","targetHints":{"allow":["GET"]}}],"collection":[{"href":"https:\/\/mazolacuputra.lv\/en\/wp-json\/wp\/v2\/pages"}],"about":[{"href":"https:\/\/mazolacuputra.lv\/en\/wp-json\/wp\/v2\/types\/page"}],"author":[{"embeddable":true,"href":"https:\/\/mazolacuputra.lv\/en\/wp-json\/wp\/v2\/users\/3"}],"replies":[{"embeddable":true,"href":"https:\/\/mazolacuputra.lv\/en\/wp-json\/wp\/v2\/comments?post=2381"}],"version-history":[{"count":10,"href":"https:\/\/mazolacuputra.lv\/en\/wp-json\/wp\/v2\/pages\/2381\/revisions"}],"predecessor-version":[{"id":3037,"href":"https:\/\/mazolacuputra.lv\/en\/wp-json\/wp\/v2\/pages\/2381\/revisions\/3037"}],"wp:attachment":[{"href":"https:\/\/mazolacuputra.lv\/en\/wp-json\/wp\/v2\/media?parent=2381"}],"curies":[{"name":"wp","href":"https:\/\/api.w.org\/{rel}","templated":true}]}}